{"id":25,"date":"2010-09-27T15:48:22","date_gmt":"2010-09-27T15:48:22","guid":{"rendered":"http:\/\/www.ferienhaus-in-kaernten.de\/"},"modified":"2019-08-10T16:30:38","modified_gmt":"2019-08-10T14:30:38","slug":"fotoalbu","status":"publish","type":"page","link":"https:\/\/www.bauer-hans.de\/ferienhaus-in-kaernten\/fotoalbu\/","title":{"rendered":"Fotoalbum"},"content":{"rendered":"<p><a href=\"http:\/\/www.ferienhaus-in-kaernten.de\/fotoalbu\/hans_lotte-2\/\" rel=\"attachment wp-att-1362\"><img loading=\"lazy\" decoding=\"async\" class=\"aligncenter size-full wp-image-1362\" src=\"https:\/\/www.bauer-hans.de\/ferienhaus-in-kaernten\/wp-content\/uploads\/sites\/7\/2010\/09\/hans_lotte1.jpg\" alt=\"hans_lotte\" width=\"616\" height=\"395\" srcset=\"https:\/\/www.bauer-hans.de\/ferienhaus-in-kaernten\/wp-content\/uploads\/sites\/7\/2010\/09\/hans_lotte1.jpg 616w, https:\/\/www.bauer-hans.de\/ferienhaus-in-kaernten\/wp-content\/uploads\/sites\/7\/2010\/09\/hans_lotte1-300x192.jpg 300w\" sizes=\"auto, (max-width: 616px) 100vw, 616px\" \/><\/a>da wir beide selbst und auch unsere Tochter mit Familie sehr gerne nach K\u00e4rnten fahren, zwischendurch auch nur mal schnell f\u00fcr ein paar Tage und dabei dann auch viel fotografieren haben wir hier f\u00fcr Sie zahlreiche Fotos bereit gestellt.<\/p>\n<p>Wenn Sie auf ein Foto klicken, dann \u00f6ffnen Sie das dazugeh\u00f6rige Album:<\/p>\n<figure id=\"attachment_2215\" aria-describedby=\"caption-attachment-2215\" style=\"width: 1600px\" class=\"wp-caption alignleft\"><a href=\"https:\/\/photos.app.goo.gl\/aDYvtGE4bF2NL6f3A\" target=\"_blank\" rel=\"noopener noreferrer\"><img loading=\"lazy\" decoding=\"async\" class=\"wp-image-2215 size-full\" src=\"https:\/\/www.bauer-hans.de\/ferienhaus-in-kaernten\/wp-content\/uploads\/sites\/7\/2019\/08\/IMG_2677.jpg\" alt=\"\" width=\"1600\" height=\"1200\" srcset=\"https:\/\/www.bauer-hans.de\/ferienhaus-in-kaernten\/wp-content\/uploads\/sites\/7\/2019\/08\/IMG_2677.jpg 1600w, https:\/\/www.bauer-hans.de\/ferienhaus-in-kaernten\/wp-content\/uploads\/sites\/7\/2019\/08\/IMG_2677-300x225.jpg 300w, https:\/\/www.bauer-hans.de\/ferienhaus-in-kaernten\/wp-content\/uploads\/sites\/7\/2019\/08\/IMG_2677-768x576.jpg 768w, https:\/\/www.bauer-hans.de\/ferienhaus-in-kaernten\/wp-content\/uploads\/sites\/7\/2019\/08\/IMG_2677-1024x768.jpg 1024w, https:\/\/www.bauer-hans.de\/ferienhaus-in-kaernten\/wp-content\/uploads\/sites\/7\/2019\/08\/IMG_2677-250x188.jpg 250w\" sizes=\"auto, (max-width: 767px) 89vw, (max-width: 1000px) 54vw, (max-width: 1071px) 543px, 580px\" \/><\/a><figcaption id=\"caption-attachment-2215\" class=\"wp-caption-text\">Bauer &#8211; Sanktjohanser Pfingsten 2019<\/figcaption><\/figure>\n<figure id=\"attachment_2198\" aria-describedby=\"caption-attachment-2198\" style=\"width: 1200px\" class=\"wp-caption alignnone\"><a href=\"https:\/\/my.hidrive.com\/share\/kb05p31auq\" target=\"_blank\" rel=\"noopener noreferrer\"><img loading=\"lazy\" decoding=\"async\" class=\"wp-image-2198 size-full\" src=\"https:\/\/www.bauer-hans.de\/ferienhaus-in-kaernten\/wp-content\/uploads\/sites\/7\/2019\/05\/bodental.jpg\" alt=\"\" width=\"1200\" height=\"900\" srcset=\"https:\/\/www.bauer-hans.de\/ferienhaus-in-kaernten\/wp-content\/uploads\/sites\/7\/2019\/05\/bodental.jpg 1200w, https:\/\/www.bauer-hans.de\/ferienhaus-in-kaernten\/wp-content\/uploads\/sites\/7\/2019\/05\/bodental-300x225.jpg 300w, https:\/\/www.bauer-hans.de\/ferienhaus-in-kaernten\/wp-content\/uploads\/sites\/7\/2019\/05\/bodental-768x576.jpg 768w, https:\/\/www.bauer-hans.de\/ferienhaus-in-kaernten\/wp-content\/uploads\/sites\/7\/2019\/05\/bodental-1024x768.jpg 1024w, https:\/\/www.bauer-hans.de\/ferienhaus-in-kaernten\/wp-content\/uploads\/sites\/7\/2019\/05\/bodental-250x188.jpg 250w\" sizes=\"auto, (max-width: 767px) 89vw, (max-width: 1000px) 54vw, (max-width: 1071px) 543px, 580px\" \/><\/a><figcaption id=\"caption-attachment-2198\" class=\"wp-caption-text\">Bodental Mai 2019 | Hans &amp; Lotte<\/figcaption><\/figure>\n<figure id=\"attachment_2113\" aria-describedby=\"caption-attachment-2113\" style=\"width: 1200px\" class=\"wp-caption alignnone\"><a href=\"https:\/\/my.hidrive.com\/share\/nfwu5g.d3r\" target=\"_blank\" rel=\"noopener noreferrer\"><img loading=\"lazy\" decoding=\"async\" class=\"wp-image-2113 size-full\" src=\"https:\/\/www.bauer-hans.de\/ferienhaus-in-kaernten\/wp-content\/uploads\/sites\/7\/2018\/09\/lh.jpg\" alt=\"\" width=\"1200\" height=\"675\" srcset=\"https:\/\/www.bauer-hans.de\/ferienhaus-in-kaernten\/wp-content\/uploads\/sites\/7\/2018\/09\/lh.jpg 1200w, https:\/\/www.bauer-hans.de\/ferienhaus-in-kaernten\/wp-content\/uploads\/sites\/7\/2018\/09\/lh-300x169.jpg 300w, https:\/\/www.bauer-hans.de\/ferienhaus-in-kaernten\/wp-content\/uploads\/sites\/7\/2018\/09\/lh-768x432.jpg 768w, https:\/\/www.bauer-hans.de\/ferienhaus-in-kaernten\/wp-content\/uploads\/sites\/7\/2018\/09\/lh-1024x576.jpg 1024w, https:\/\/www.bauer-hans.de\/ferienhaus-in-kaernten\/wp-content\/uploads\/sites\/7\/2018\/09\/lh-250x141.jpg 250w\" sizes=\"auto, (max-width: 767px) 89vw, (max-width: 1000px) 54vw, (max-width: 1071px) 543px, 580px\" \/><\/a><figcaption id=\"caption-attachment-2113\" class=\"wp-caption-text\">Lotte &amp; Hans Aug. 2018 | Osiacher See \/ K\u00e4rnten und Bohinj See in Slowenien<\/figcaption><\/figure>\n<figure id=\"attachment_2109\" aria-describedby=\"caption-attachment-2109\" style=\"width: 1200px\" class=\"wp-caption aligncenter\"><a href=\"https:\/\/my.hidrive.com\/share\/11fcytgx.s\" target=\"_blank\" rel=\"noopener noreferrer\"><img loading=\"lazy\" decoding=\"async\" class=\"wp-image-2109 size-full\" src=\"https:\/\/www.bauer-hans.de\/ferienhaus-in-kaernten\/wp-content\/uploads\/sites\/7\/2018\/06\/bodental7.jpg\" alt=\"\" width=\"1200\" height=\"900\" srcset=\"https:\/\/www.bauer-hans.de\/ferienhaus-in-kaernten\/wp-content\/uploads\/sites\/7\/2018\/06\/bodental7.jpg 1200w, https:\/\/www.bauer-hans.de\/ferienhaus-in-kaernten\/wp-content\/uploads\/sites\/7\/2018\/06\/bodental7-300x225.jpg 300w, https:\/\/www.bauer-hans.de\/ferienhaus-in-kaernten\/wp-content\/uploads\/sites\/7\/2018\/06\/bodental7-768x576.jpg 768w, https:\/\/www.bauer-hans.de\/ferienhaus-in-kaernten\/wp-content\/uploads\/sites\/7\/2018\/06\/bodental7-1024x768.jpg 1024w, https:\/\/www.bauer-hans.de\/ferienhaus-in-kaernten\/wp-content\/uploads\/sites\/7\/2018\/06\/bodental7-250x188.jpg 250w\" sizes=\"auto, (max-width: 767px) 89vw, (max-width: 1000px) 54vw, (max-width: 1071px) 543px, 580px\" \/><\/a><figcaption id=\"caption-attachment-2109\" class=\"wp-caption-text\">Bauer &#8211; Sanktjohanser Juni 2018<\/figcaption><\/figure>\n<figure id=\"attachment_2043\" aria-describedby=\"caption-attachment-2043\" style=\"width: 1200px\" class=\"wp-caption alignnone\"><a href=\"https:\/\/my.hidrive.com\/share\/5.8ttebkiq\" target=\"_blank\" rel=\"noopener noreferrer\"><img loading=\"lazy\" decoding=\"async\" class=\"wp-image-2043 size-full\" src=\"https:\/\/www.bauer-hans.de\/ferienhaus-in-kaernten\/wp-content\/uploads\/sites\/7\/2010\/09\/Bodental.jpg\" alt=\"\" width=\"1200\" height=\"675\" srcset=\"https:\/\/www.bauer-hans.de\/ferienhaus-in-kaernten\/wp-content\/uploads\/sites\/7\/2010\/09\/Bodental.jpg 1200w, https:\/\/www.bauer-hans.de\/ferienhaus-in-kaernten\/wp-content\/uploads\/sites\/7\/2010\/09\/Bodental-300x169.jpg 300w, https:\/\/www.bauer-hans.de\/ferienhaus-in-kaernten\/wp-content\/uploads\/sites\/7\/2010\/09\/Bodental-768x432.jpg 768w, https:\/\/www.bauer-hans.de\/ferienhaus-in-kaernten\/wp-content\/uploads\/sites\/7\/2010\/09\/Bodental-1024x576.jpg 1024w, https:\/\/www.bauer-hans.de\/ferienhaus-in-kaernten\/wp-content\/uploads\/sites\/7\/2010\/09\/Bodental-250x141.jpg 250w\" sizes=\"auto, (max-width: 767px) 89vw, (max-width: 1000px) 54vw, (max-width: 1071px) 543px, 580px\" \/><\/a><figcaption id=\"caption-attachment-2043\" class=\"wp-caption-text\">Bauer &#8211; Sanktjohanser Juni 2017<\/figcaption><\/figure>\n<figure id=\"attachment_1985\" aria-describedby=\"caption-attachment-1985\" style=\"width: 1200px\" class=\"wp-caption alignnone\"><a href=\"https:\/\/my.hidrive.com\/share\/fofdwbmq8u\" target=\"_blank\" rel=\"noopener noreferrer\"><img loading=\"lazy\" decoding=\"async\" class=\"wp-image-1985 size-full\" src=\"https:\/\/www.bauer-hans.de\/ferienhaus-in-kaernten\/wp-content\/uploads\/sites\/7\/2010\/09\/garten.jpg\" alt=\"\" width=\"1200\" height=\"675\" srcset=\"https:\/\/www.bauer-hans.de\/ferienhaus-in-kaernten\/wp-content\/uploads\/sites\/7\/2010\/09\/garten.jpg 1200w, https:\/\/www.bauer-hans.de\/ferienhaus-in-kaernten\/wp-content\/uploads\/sites\/7\/2010\/09\/garten-300x169.jpg 300w, https:\/\/www.bauer-hans.de\/ferienhaus-in-kaernten\/wp-content\/uploads\/sites\/7\/2010\/09\/garten-768x432.jpg 768w, https:\/\/www.bauer-hans.de\/ferienhaus-in-kaernten\/wp-content\/uploads\/sites\/7\/2010\/09\/garten-1024x576.jpg 1024w, https:\/\/www.bauer-hans.de\/ferienhaus-in-kaernten\/wp-content\/uploads\/sites\/7\/2010\/09\/garten-250x141.jpg 250w\" sizes=\"auto, (max-width: 767px) 89vw, (max-width: 1000px) 54vw, (max-width: 1071px) 543px, 580px\" \/><\/a><figcaption id=\"caption-attachment-1985\" class=\"wp-caption-text\">Lotte &amp; Hans im Sommer 2016<\/figcaption><\/figure>\n<figure id=\"attachment_1988\" aria-describedby=\"caption-attachment-1988\" style=\"width: 1200px\" class=\"wp-caption alignnone\"><a href=\"https:\/\/my.hidrive.com\/share\/2ci3b8q2c7\" target=\"_blank\" rel=\"noopener noreferrer\"><img loading=\"lazy\" decoding=\"async\" class=\"wp-image-1988 size-full\" src=\"https:\/\/www.bauer-hans.de\/ferienhaus-in-kaernten\/wp-content\/uploads\/sites\/7\/2010\/09\/maria-woerth.jpg\" alt=\"Lotte &amp; Hans Sommer 2015\" width=\"1200\" height=\"675\" srcset=\"https:\/\/www.bauer-hans.de\/ferienhaus-in-kaernten\/wp-content\/uploads\/sites\/7\/2010\/09\/maria-woerth.jpg 1200w, https:\/\/www.bauer-hans.de\/ferienhaus-in-kaernten\/wp-content\/uploads\/sites\/7\/2010\/09\/maria-woerth-300x169.jpg 300w, https:\/\/www.bauer-hans.de\/ferienhaus-in-kaernten\/wp-content\/uploads\/sites\/7\/2010\/09\/maria-woerth-768x432.jpg 768w, https:\/\/www.bauer-hans.de\/ferienhaus-in-kaernten\/wp-content\/uploads\/sites\/7\/2010\/09\/maria-woerth-1024x576.jpg 1024w, https:\/\/www.bauer-hans.de\/ferienhaus-in-kaernten\/wp-content\/uploads\/sites\/7\/2010\/09\/maria-woerth-250x141.jpg 250w\" sizes=\"auto, (max-width: 767px) 89vw, (max-width: 1000px) 54vw, (max-width: 1071px) 543px, 580px\" \/><\/a><figcaption id=\"caption-attachment-1988\" class=\"wp-caption-text\">Lotte &amp; Hans Sommer 2015<\/figcaption><\/figure>\n<figure id=\"attachment_1990\" aria-describedby=\"caption-attachment-1990\" style=\"width: 1200px\" class=\"wp-caption alignnone\"><a href=\"https:\/\/my.hidrive.com\/share\/kcrnnzfmci\" target=\"_blank\" rel=\"noopener noreferrer\"><img loading=\"lazy\" decoding=\"async\" class=\"wp-image-1990 size-full\" src=\"https:\/\/www.bauer-hans.de\/ferienhaus-in-kaernten\/wp-content\/uploads\/sites\/7\/2010\/09\/Sanktjohansers2.jpg\" alt=\"Ostern 2014\" width=\"1200\" height=\"675\" srcset=\"https:\/\/www.bauer-hans.de\/ferienhaus-in-kaernten\/wp-content\/uploads\/sites\/7\/2010\/09\/Sanktjohansers2.jpg 1200w, https:\/\/www.bauer-hans.de\/ferienhaus-in-kaernten\/wp-content\/uploads\/sites\/7\/2010\/09\/Sanktjohansers2-300x169.jpg 300w, https:\/\/www.bauer-hans.de\/ferienhaus-in-kaernten\/wp-content\/uploads\/sites\/7\/2010\/09\/Sanktjohansers2-768x432.jpg 768w, https:\/\/www.bauer-hans.de\/ferienhaus-in-kaernten\/wp-content\/uploads\/sites\/7\/2010\/09\/Sanktjohansers2-1024x576.jpg 1024w, https:\/\/www.bauer-hans.de\/ferienhaus-in-kaernten\/wp-content\/uploads\/sites\/7\/2010\/09\/Sanktjohansers2-250x141.jpg 250w\" sizes=\"auto, (max-width: 767px) 89vw, (max-width: 1000px) 54vw, (max-width: 1071px) 543px, 580px\" \/><\/a><figcaption id=\"caption-attachment-1990\" class=\"wp-caption-text\">Ostern 2014<\/figcaption><\/figure>\n<figure id=\"attachment_1993\" aria-describedby=\"caption-attachment-1993\" style=\"width: 1200px\" class=\"wp-caption alignnone\"><a href=\"https:\/\/my.hidrive.com\/share\/5ngtfmnyrt\" target=\"_blank\" rel=\"noopener noreferrer\"><img loading=\"lazy\" decoding=\"async\" class=\"wp-image-1993 size-full\" src=\"https:\/\/www.bauer-hans.de\/ferienhaus-in-kaernten\/wp-content\/uploads\/sites\/7\/2010\/09\/4m\u00e4dels.jpg\" alt=\"4maedels\" width=\"1200\" height=\"800\" srcset=\"https:\/\/www.bauer-hans.de\/ferienhaus-in-kaernten\/wp-content\/uploads\/sites\/7\/2010\/09\/4m\u00e4dels.jpg 1200w, https:\/\/www.bauer-hans.de\/ferienhaus-in-kaernten\/wp-content\/uploads\/sites\/7\/2010\/09\/4m\u00e4dels-300x200.jpg 300w, https:\/\/www.bauer-hans.de\/ferienhaus-in-kaernten\/wp-content\/uploads\/sites\/7\/2010\/09\/4m\u00e4dels-768x512.jpg 768w, https:\/\/www.bauer-hans.de\/ferienhaus-in-kaernten\/wp-content\/uploads\/sites\/7\/2010\/09\/4m\u00e4dels-1024x683.jpg 1024w, https:\/\/www.bauer-hans.de\/ferienhaus-in-kaernten\/wp-content\/uploads\/sites\/7\/2010\/09\/4m\u00e4dels-250x167.jpg 250w, https:\/\/www.bauer-hans.de\/ferienhaus-in-kaernten\/wp-content\/uploads\/sites\/7\/2010\/09\/4m\u00e4dels-272x182.jpg 272w\" sizes=\"auto, (max-width: 767px) 89vw, (max-width: 1000px) 54vw, (max-width: 1071px) 543px, 580px\" \/><\/a><figcaption id=\"caption-attachment-1993\" class=\"wp-caption-text\">Bauer &#8211; Sanktjohanser 2013<\/figcaption><\/figure>\n<figure id=\"attachment_1997\" aria-describedby=\"caption-attachment-1997\" style=\"width: 1200px\" class=\"wp-caption alignnone\"><a href=\"https:\/\/my.hidrive.com\/share\/3u.xvwdpi3\" target=\"_blank\" rel=\"noopener noreferrer\"><img loading=\"lazy\" decoding=\"async\" class=\"wp-image-1997 size-full\" src=\"https:\/\/www.bauer-hans.de\/ferienhaus-in-kaernten\/wp-content\/uploads\/sites\/7\/2010\/09\/bauer_bleicher2012.jpg\" alt=\"bauer_bleicher2012\" width=\"1200\" height=\"675\" srcset=\"https:\/\/www.bauer-hans.de\/ferienhaus-in-kaernten\/wp-content\/uploads\/sites\/7\/2010\/09\/bauer_bleicher2012.jpg 1200w, https:\/\/www.bauer-hans.de\/ferienhaus-in-kaernten\/wp-content\/uploads\/sites\/7\/2010\/09\/bauer_bleicher2012-300x169.jpg 300w, https:\/\/www.bauer-hans.de\/ferienhaus-in-kaernten\/wp-content\/uploads\/sites\/7\/2010\/09\/bauer_bleicher2012-768x432.jpg 768w, https:\/\/www.bauer-hans.de\/ferienhaus-in-kaernten\/wp-content\/uploads\/sites\/7\/2010\/09\/bauer_bleicher2012-1024x576.jpg 1024w, https:\/\/www.bauer-hans.de\/ferienhaus-in-kaernten\/wp-content\/uploads\/sites\/7\/2010\/09\/bauer_bleicher2012-250x141.jpg 250w\" sizes=\"auto, (max-width: 767px) 89vw, (max-width: 1000px) 54vw, (max-width: 1071px) 543px, 580px\" \/><\/a><figcaption id=\"caption-attachment-1997\" class=\"wp-caption-text\">Bauer &#8211; Bleicher 2012<\/figcaption><\/figure>\n<figure id=\"attachment_2176\" aria-describedby=\"caption-attachment-2176\" style=\"width: 1200px\" class=\"wp-caption alignnone\"><img loading=\"lazy\" decoding=\"async\" class=\"wp-image-2176 size-full\" title=\"https:\/\/my.hidrive.com\/share\/1cyaux.j-u\" src=\"https:\/\/www.bauer-hans.de\/ferienhaus-in-kaernten\/wp-content\/uploads\/sites\/7\/2019\/02\/2007.jpg\" alt=\"\" width=\"1200\" height=\"900\" srcset=\"https:\/\/www.bauer-hans.de\/ferienhaus-in-kaernten\/wp-content\/uploads\/sites\/7\/2019\/02\/2007.jpg 1200w, https:\/\/www.bauer-hans.de\/ferienhaus-in-kaernten\/wp-content\/uploads\/sites\/7\/2019\/02\/2007-300x225.jpg 300w, https:\/\/www.bauer-hans.de\/ferienhaus-in-kaernten\/wp-content\/uploads\/sites\/7\/2019\/02\/2007-768x576.jpg 768w, https:\/\/www.bauer-hans.de\/ferienhaus-in-kaernten\/wp-content\/uploads\/sites\/7\/2019\/02\/2007-1024x768.jpg 1024w, https:\/\/www.bauer-hans.de\/ferienhaus-in-kaernten\/wp-content\/uploads\/sites\/7\/2019\/02\/2007-250x188.jpg 250w\" sizes=\"auto, (max-width: 767px) 89vw, (max-width: 1000px) 54vw, (max-width: 1071px) 543px, 580px\" \/><figcaption id=\"caption-attachment-2176\" class=\"wp-caption-text\">Juni 2007<\/figcaption><\/figure>\n<p>ACHTUNG! <a href=\"http:\/\/picasaweb.google.com\/105295877319411448728?authuser=0\" target=\"_blank\" rel=\"noopener noreferrer\">Hier ein Link zum Fotoalbum <\/a>in welches unsere <span style=\"text-decoration: underline;\"><strong>G\u00e4ste ihre Fotos<\/strong><\/span> hochladen k\u00f6nnen.<\/p>\n<p><a href=\"http:\/\/www.ferienhaus-in-kaernten.de\/fotoalbu\/collagex\/\" rel=\"attachment wp-att-1359\"><img loading=\"lazy\" decoding=\"async\" class=\"aligncenter size-full wp-image-1359\" src=\"https:\/\/www.bauer-hans.de\/ferienhaus-in-kaernten\/wp-content\/uploads\/sites\/7\/2010\/09\/collagex.jpg\" alt=\"collagex\" width=\"750\" height=\"422\" srcset=\"https:\/\/www.bauer-hans.de\/ferienhaus-in-kaernten\/wp-content\/uploads\/sites\/7\/2010\/09\/collagex.jpg 750w, https:\/\/www.bauer-hans.de\/ferienhaus-in-kaernten\/wp-content\/uploads\/sites\/7\/2010\/09\/collagex-300x168.jpg 300w\" sizes=\"auto, (max-width: 706px) 89vw, (max-width: 767px) 82vw, 740px\" \/><\/a><\/p>\n","protected":false},"excerpt":{"rendered":"<p>da wir beide selbst und auch unsere Tochter mit Familie sehr gerne nach K\u00e4rnten fahren, zwischendurch auch nur mal schnell f\u00fcr ein paar Tage und dabei dann auch viel fotografieren haben wir hier f\u00fcr Sie zahlreiche Fotos bereit gestellt. Wenn Sie auf ein Foto klicken, dann \u00f6ffnen Sie das dazugeh\u00f6rige Album: ACHTUNG! Hier ein Link &hellip; <\/p>\n<p class=\"link-more\"><a href=\"https:\/\/www.bauer-hans.de\/ferienhaus-in-kaernten\/fotoalbu\/\" class=\"more-link\"><span class=\"screen-reader-text\">\u201eFotoalbum\u201c <\/span>weiterlesen<\/a><\/p>\n","protected":false},"author":2,"featured_media":0,"parent":0,"menu_order":0,"comment_status":"closed","ping_status":"closed","template":"","meta":{"_acf_changed":false,"footnotes":""},"class_list":["post-25","page","type-page","status-publish","hentry"],"acf":[],"yoast_head":"<!-- This site is optimized with the Yoast SEO plugin v27.3 - https:\/\/yoast.com\/product\/yoast-seo-wordpress\/ -->\n<title>Fotoalbum - Ferienhaus in \u00d6sterreich \/ K\u00e4rnten direkt am See im Feriendorf mit zwei Pools<\/title>\n<meta name=\"robots\" content=\"index, follow, max-snippet:-1, max-image-preview:large, max-video-preview:-1\" \/>\n<link rel=\"canonical\" href=\"https:\/\/www.bauer-hans.de\/ferienhaus-in-kaernten\/fotoalbu\/\" \/>\n<meta name=\"twitter:label1\" content=\"Gesch\u00e4tzte Lesezeit\" \/>\n\t<meta name=\"twitter:data1\" content=\"1\u00a0Minute\" \/>\n<script type=\"application\/ld+json\" class=\"yoast-schema-graph\">{\"@context\":\"https:\\\/\\\/schema.org\",\"@graph\":[{\"@type\":\"WebPage\",\"@id\":\"https:\\\/\\\/www.bauer-hans.de\\\/ferienhaus-in-kaernten\\\/fotoalbu\\\/\",\"url\":\"https:\\\/\\\/www.bauer-hans.de\\\/ferienhaus-in-kaernten\\\/fotoalbu\\\/\",\"name\":\"Fotoalbum - Ferienhaus in \u00d6sterreich \\\/ K\u00e4rnten direkt am See im Feriendorf mit zwei Pools\",\"isPartOf\":{\"@id\":\"https:\\\/\\\/www.bauer-hans.de\\\/ferienhaus-in-kaernten\\\/#website\"},\"primaryImageOfPage\":{\"@id\":\"https:\\\/\\\/www.bauer-hans.de\\\/ferienhaus-in-kaernten\\\/fotoalbu\\\/#primaryimage\"},\"image\":{\"@id\":\"https:\\\/\\\/www.bauer-hans.de\\\/ferienhaus-in-kaernten\\\/fotoalbu\\\/#primaryimage\"},\"thumbnailUrl\":\"https:\\\/\\\/www.bauer-hans.de\\\/ferienhaus-in-kaernten\\\/wp-content\\\/uploads\\\/sites\\\/7\\\/2010\\\/09\\\/hans_lotte1.jpg\",\"datePublished\":\"2010-09-27T15:48:22+00:00\",\"dateModified\":\"2019-08-10T14:30:38+00:00\",\"breadcrumb\":{\"@id\":\"https:\\\/\\\/www.bauer-hans.de\\\/ferienhaus-in-kaernten\\\/fotoalbu\\\/#breadcrumb\"},\"inLanguage\":\"de\",\"potentialAction\":[{\"@type\":\"ReadAction\",\"target\":[\"https:\\\/\\\/www.bauer-hans.de\\\/ferienhaus-in-kaernten\\\/fotoalbu\\\/\"]}]},{\"@type\":\"ImageObject\",\"inLanguage\":\"de\",\"@id\":\"https:\\\/\\\/www.bauer-hans.de\\\/ferienhaus-in-kaernten\\\/fotoalbu\\\/#primaryimage\",\"url\":\"https:\\\/\\\/www.bauer-hans.de\\\/ferienhaus-in-kaernten\\\/wp-content\\\/uploads\\\/sites\\\/7\\\/2010\\\/09\\\/hans_lotte1.jpg\",\"contentUrl\":\"https:\\\/\\\/www.bauer-hans.de\\\/ferienhaus-in-kaernten\\\/wp-content\\\/uploads\\\/sites\\\/7\\\/2010\\\/09\\\/hans_lotte1.jpg\",\"width\":616,\"height\":395},{\"@type\":\"BreadcrumbList\",\"@id\":\"https:\\\/\\\/www.bauer-hans.de\\\/ferienhaus-in-kaernten\\\/fotoalbu\\\/#breadcrumb\",\"itemListElement\":[{\"@type\":\"ListItem\",\"position\":1,\"name\":\"Startseite\",\"item\":\"https:\\\/\\\/www.bauer-hans.de\\\/ferienhaus-in-kaernten\\\/\"},{\"@type\":\"ListItem\",\"position\":2,\"name\":\"Fotoalbum\"}]},{\"@type\":\"WebSite\",\"@id\":\"https:\\\/\\\/www.bauer-hans.de\\\/ferienhaus-in-kaernten\\\/#website\",\"url\":\"https:\\\/\\\/www.bauer-hans.de\\\/ferienhaus-in-kaernten\\\/\",\"name\":\"Ferienhaus in \u00d6sterreich \\\/ K\u00e4rnten direkt am See im Feriendorf mit zwei Pools\",\"description\":\"Ihr Traumurlaub in K\u00e4rnten N\u00e4he W\u00f6rthersee \\\/ Faaker See \u2013 unmittelbar vor den Karawanken\",\"publisher\":{\"@id\":\"https:\\\/\\\/www.bauer-hans.de\\\/ferienhaus-in-kaernten\\\/#organization\"},\"potentialAction\":[{\"@type\":\"SearchAction\",\"target\":{\"@type\":\"EntryPoint\",\"urlTemplate\":\"https:\\\/\\\/www.bauer-hans.de\\\/ferienhaus-in-kaernten\\\/?s={search_term_string}\"},\"query-input\":{\"@type\":\"PropertyValueSpecification\",\"valueRequired\":true,\"valueName\":\"search_term_string\"}}],\"inLanguage\":\"de\"},{\"@type\":\"Organization\",\"@id\":\"https:\\\/\\\/www.bauer-hans.de\\\/ferienhaus-in-kaernten\\\/#organization\",\"name\":\"Ferienhaus in \u00d6sterreich \\\/ K\u00e4rnten direkt am See im Feriendorf mit zwei Pools\",\"url\":\"https:\\\/\\\/www.bauer-hans.de\\\/ferienhaus-in-kaernten\\\/\",\"logo\":{\"@type\":\"ImageObject\",\"inLanguage\":\"de\",\"@id\":\"https:\\\/\\\/www.bauer-hans.de\\\/ferienhaus-in-kaernten\\\/#\\\/schema\\\/logo\\\/image\\\/\",\"url\":\"https:\\\/\\\/www.bauer-hans.de\\\/ferienhaus-in-kaernten\\\/wp-content\\\/uploads\\\/sites\\\/7\\\/2018\\\/05\\\/cropped-logo-4-Sterne.jpg\",\"contentUrl\":\"https:\\\/\\\/www.bauer-hans.de\\\/ferienhaus-in-kaernten\\\/wp-content\\\/uploads\\\/sites\\\/7\\\/2018\\\/05\\\/cropped-logo-4-Sterne.jpg\",\"width\":249,\"height\":250,\"caption\":\"Ferienhaus in \u00d6sterreich \\\/ K\u00e4rnten direkt am See im Feriendorf mit zwei Pools\"},\"image\":{\"@id\":\"https:\\\/\\\/www.bauer-hans.de\\\/ferienhaus-in-kaernten\\\/#\\\/schema\\\/logo\\\/image\\\/\"}}]}<\/script>\n<!-- \/ Yoast SEO plugin. -->","yoast_head_json":{"title":"Fotoalbum - Ferienhaus in \u00d6sterreich \/ K\u00e4rnten direkt am See im Feriendorf mit zwei Pools","robots":{"index":"index","follow":"follow","max-snippet":"max-snippet:-1","max-image-preview":"max-image-preview:large","max-video-preview":"max-video-preview:-1"},"canonical":"https:\/\/www.bauer-hans.de\/ferienhaus-in-kaernten\/fotoalbu\/","twitter_misc":{"Gesch\u00e4tzte Lesezeit":"1\u00a0Minute"},"schema":{"@context":"https:\/\/schema.org","@graph":[{"@type":"WebPage","@id":"https:\/\/www.bauer-hans.de\/ferienhaus-in-kaernten\/fotoalbu\/","url":"https:\/\/www.bauer-hans.de\/ferienhaus-in-kaernten\/fotoalbu\/","name":"Fotoalbum - Ferienhaus in \u00d6sterreich \/ K\u00e4rnten direkt am See im Feriendorf mit zwei Pools","isPartOf":{"@id":"https:\/\/www.bauer-hans.de\/ferienhaus-in-kaernten\/#website"},"primaryImageOfPage":{"@id":"https:\/\/www.bauer-hans.de\/ferienhaus-in-kaernten\/fotoalbu\/#primaryimage"},"image":{"@id":"https:\/\/www.bauer-hans.de\/ferienhaus-in-kaernten\/fotoalbu\/#primaryimage"},"thumbnailUrl":"https:\/\/www.bauer-hans.de\/ferienhaus-in-kaernten\/wp-content\/uploads\/sites\/7\/2010\/09\/hans_lotte1.jpg","datePublished":"2010-09-27T15:48:22+00:00","dateModified":"2019-08-10T14:30:38+00:00","breadcrumb":{"@id":"https:\/\/www.bauer-hans.de\/ferienhaus-in-kaernten\/fotoalbu\/#breadcrumb"},"inLanguage":"de","potentialAction":[{"@type":"ReadAction","target":["https:\/\/www.bauer-hans.de\/ferienhaus-in-kaernten\/fotoalbu\/"]}]},{"@type":"ImageObject","inLanguage":"de","@id":"https:\/\/www.bauer-hans.de\/ferienhaus-in-kaernten\/fotoalbu\/#primaryimage","url":"https:\/\/www.bauer-hans.de\/ferienhaus-in-kaernten\/wp-content\/uploads\/sites\/7\/2010\/09\/hans_lotte1.jpg","contentUrl":"https:\/\/www.bauer-hans.de\/ferienhaus-in-kaernten\/wp-content\/uploads\/sites\/7\/2010\/09\/hans_lotte1.jpg","width":616,"height":395},{"@type":"BreadcrumbList","@id":"https:\/\/www.bauer-hans.de\/ferienhaus-in-kaernten\/fotoalbu\/#breadcrumb","itemListElement":[{"@type":"ListItem","position":1,"name":"Startseite","item":"https:\/\/www.bauer-hans.de\/ferienhaus-in-kaernten\/"},{"@type":"ListItem","position":2,"name":"Fotoalbum"}]},{"@type":"WebSite","@id":"https:\/\/www.bauer-hans.de\/ferienhaus-in-kaernten\/#website","url":"https:\/\/www.bauer-hans.de\/ferienhaus-in-kaernten\/","name":"Ferienhaus in \u00d6sterreich \/ K\u00e4rnten direkt am See im Feriendorf mit zwei Pools","description":"Ihr Traumurlaub in K\u00e4rnten N\u00e4he W\u00f6rthersee \/ Faaker See \u2013 unmittelbar vor den Karawanken","publisher":{"@id":"https:\/\/www.bauer-hans.de\/ferienhaus-in-kaernten\/#organization"},"potentialAction":[{"@type":"SearchAction","target":{"@type":"EntryPoint","urlTemplate":"https:\/\/www.bauer-hans.de\/ferienhaus-in-kaernten\/?s={search_term_string}"},"query-input":{"@type":"PropertyValueSpecification","valueRequired":true,"valueName":"search_term_string"}}],"inLanguage":"de"},{"@type":"Organization","@id":"https:\/\/www.bauer-hans.de\/ferienhaus-in-kaernten\/#organization","name":"Ferienhaus in \u00d6sterreich \/ K\u00e4rnten direkt am See im Feriendorf mit zwei Pools","url":"https:\/\/www.bauer-hans.de\/ferienhaus-in-kaernten\/","logo":{"@type":"ImageObject","inLanguage":"de","@id":"https:\/\/www.bauer-hans.de\/ferienhaus-in-kaernten\/#\/schema\/logo\/image\/","url":"https:\/\/www.bauer-hans.de\/ferienhaus-in-kaernten\/wp-content\/uploads\/sites\/7\/2018\/05\/cropped-logo-4-Sterne.jpg","contentUrl":"https:\/\/www.bauer-hans.de\/ferienhaus-in-kaernten\/wp-content\/uploads\/sites\/7\/2018\/05\/cropped-logo-4-Sterne.jpg","width":249,"height":250,"caption":"Ferienhaus in \u00d6sterreich \/ K\u00e4rnten direkt am See im Feriendorf mit zwei Pools"},"image":{"@id":"https:\/\/www.bauer-hans.de\/ferienhaus-in-kaernten\/#\/schema\/logo\/image\/"}}]}},"_links":{"self":[{"href":"https:\/\/www.bauer-hans.de\/ferienhaus-in-kaernten\/wp-json\/wp\/v2\/pages\/25","targetHints":{"allow":["GET"]}}],"collection":[{"href":"https:\/\/www.bauer-hans.de\/ferienhaus-in-kaernten\/wp-json\/wp\/v2\/pages"}],"about":[{"href":"https:\/\/www.bauer-hans.de\/ferienhaus-in-kaernten\/wp-json\/wp\/v2\/types\/page"}],"author":[{"embeddable":true,"href":"https:\/\/www.bauer-hans.de\/ferienhaus-in-kaernten\/wp-json\/wp\/v2\/users\/2"}],"replies":[{"embeddable":true,"href":"https:\/\/www.bauer-hans.de\/ferienhaus-in-kaernten\/wp-json\/wp\/v2\/comments?post=25"}],"version-history":[{"count":25,"href":"https:\/\/www.bauer-hans.de\/ferienhaus-in-kaernten\/wp-json\/wp\/v2\/pages\/25\/revisions"}],"predecessor-version":[{"id":2217,"href":"https:\/\/www.bauer-hans.de\/ferienhaus-in-kaernten\/wp-json\/wp\/v2\/pages\/25\/revisions\/2217"}],"wp:attachment":[{"href":"https:\/\/www.bauer-hans.de\/ferienhaus-in-kaernten\/wp-json\/wp\/v2\/media?parent=25"}],"curies":[{"name":"wp","href":"https:\/\/api.w.org\/{rel}","templated":true}]}}