{"id":35,"date":"2010-09-27T15:52:43","date_gmt":"2010-09-27T15:52:43","guid":{"rendered":"http:\/\/www.ferienhaus-in-kaernten.de\/"},"modified":"2020-01-12T12:18:55","modified_gmt":"2020-01-12T10:18:55","slug":"mietpreis-info","status":"publish","type":"page","link":"https:\/\/www.bauer-hans.de\/ferienhaus-in-kaernten\/mietpreis-info\/","title":{"rendered":"Mietpreis Info"},"content":{"rendered":"<table border=\"0\" width=\"558\" cellspacing=\"0\" cellpadding=\"0\">\n<tbody>\n<tr>\n<td colspan=\"3\"><\/td>\n<td width=\"25%\"><\/td>\n<\/tr>\n<tr>\n<td width=\"30%\"><\/td>\n<td width=\"22%\"><strong>Sparsaison<\/strong><\/td>\n<td width=\"23%\"><strong>Nebensaison<\/strong><\/td>\n<td width=\"25%\"><strong>Hauptsaison<\/strong><\/td>\n<\/tr>\n<tr>\n<td width=\"30%\">08.01. &#8211; 30.04.<\/td>\n<td width=\"22%\">55,00\u20ac<\/td>\n<td width=\"23%\"><\/td>\n<td width=\"25%\"><\/td>\n<\/tr>\n<tr>\n<td width=\"30%\">01.05. &#8211; 15.06.<\/td>\n<td width=\"22%\"><\/td>\n<td width=\"23%\">95,00\u00a0\u20ac<\/td>\n<td width=\"25%\"><\/td>\n<\/tr>\n<tr>\n<td width=\"30%\">16.06. &#8211; 03.09.<\/td>\n<td width=\"22%\"><\/td>\n<td width=\"23%\"><\/td>\n<td width=\"25%\">150,00\u00a0\u20ac<\/td>\n<\/tr>\n<tr>\n<td width=\"30%\">04.09. &#8211; 31.10.<\/td>\n<td width=\"22%\"><\/td>\n<td width=\"23%\">95,00\u00a0\u20ac<\/td>\n<td width=\"25%\"><\/td>\n<\/tr>\n<tr>\n<td width=\"30%\">01.11. &#8211; 20.12.<\/td>\n<td width=\"22%\">55,00\u00a0\u20ac<\/td>\n<td width=\"23%\"><\/td>\n<td width=\"25%\"><\/td>\n<\/tr>\n<tr>\n<td width=\"30%\">*)21.12. &#8211; 07.01.<\/td>\n<td width=\"22%\"><\/td>\n<td width=\"23%\"><\/td>\n<td width=\"25%\">150,00\u00a0\u20ac<\/td>\n<\/tr>\n<tr>\n<td colspan=\"3\">vorgenannte <strong>Preise beziehen sich auf 2 Personen<\/strong><\/td>\n<td width=\"25%\"><\/td>\n<\/tr>\n<tr>\n<td colspan=\"3\">Zuschlag f\u00fcr jede weitere Person \/ \u00dcN<br \/>\nKleinkinder die kein eigenes Bett ben\u00f6tigen z\u00e4hlen nicht<\/td>\n<td width=\"25%\">10,00 \u20ac<\/td>\n<\/tr>\n<tr>\n<td colspan=\"3\">*)nur in dieser Zeit gilt unser <strong>Weihnacht\/Neujahr &#8222;Special-Price&#8220;<\/strong> , d.h. er beinhaltet s\u00e4mtliche Kosten, nur g\u00fcltig beim mind.\u00a07 \u00dcbernachtungen!<\/td>\n<td width=\"25%\"><\/td>\n<\/tr>\n<tr>\n<td colspan=\"3\">Zuschlag f\u00fcr einen Hund \/ \u00dcN<\/td>\n<td width=\"25%\">12,00 \u20ac<\/td>\n<\/tr>\n<tr>\n<td colspan=\"3\">Strom nach Verbrauch \u00e1 kWh<\/td>\n<td width=\"25%\">00,25 \u20ac<\/td>\n<\/tr>\n<tr>\n<td colspan=\"3\">Endreinigung<\/td>\n<td width=\"25%\">kostenfrei<\/td>\n<\/tr>\n<tr>\n<td colspan=\"3\">Haustier Endreinigung pausch.<\/td>\n<td width=\"25%\">25,00 \u20ac<\/td>\n<\/tr>\n<tr>\n<td colspan=\"3\">Kurtaxe f\u00fcr Personen \u00fcber 16 Jahre pro Tag<\/td>\n<td width=\"25%\">\u00a001,18 \u20ac<\/td>\n<\/tr>\n<tr>\n<td colspan=\"3\">W\u00e4schepaket -bei Bedarf- pro Person<br \/>\n(1 Badetuch, 1 Handtuch, Fu\u00dfmatte\/Bad, 2 Geschirrt\u00fccher &#8211; w\u00f6chentlicher Wechsel)<\/td>\n<td width=\"25%\">12,00 \u20ac<\/td>\n<\/tr>\n<tr>\n<td colspan=\"3\">Kaution (mit Haustier plus 100,00 Euro)<\/td>\n<td width=\"25%\">200,00 \u20ac<\/td>\n<\/tr>\n<tr>\n<td colspan=\"3\">Internet<\/td>\n<td width=\"25%\">kostenfrei<\/td>\n<\/tr>\n<tr>\n<td colspan=\"4\">\u00a0Bei Belegung von weniger als einer Woche Aufschlag pauschal 50 Euro<\/td>\n<\/tr>\n<tr>\n<td colspan=\"3\"><\/td>\n<td width=\"25%\"><\/td>\n<\/tr>\n<tr>\n<td colspan=\"3\"><\/td>\n<td width=\"25%\"><\/td>\n<\/tr>\n<tr>\n<td colspan=\"4\">\n<div><strong>Preisliste WAHAHA PARADISE &#8211;\u00a0 <a href=\"http:\/\/olga.pixelpoint.at\/media\/PPM_3DAK_wahaha\/~M2\/1665.3dak.pdf\" target=\"_blank\" rel=\"noopener noreferrer\">downloaden<\/a><br \/>\n<\/strong><\/div>\n<div>-unsere G\u00e4ste bekommen auf einen Gro\u00dfteil dieser Angebote einen erheblichen Nachlass &#8211;<\/div>\n<div>hier nachfolgend ein kleiner Auszug:<\/div>\n<\/td>\n<\/tr>\n<tr>\n<td colspan=\"3\">Swimming Pool beheizt und Badeteich<\/td>\n<td width=\"25%\">kostenfrei<\/td>\n<\/tr>\n<tr>\n<td colspan=\"3\">Tennisplatz, Minigolfplatz, Beachvolleyballplatz<\/td>\n<td width=\"25%\">kostenfrei<\/td>\n<\/tr>\n<tr>\n<td colspan=\"3\">Kostenlose Teilnahme an vielen Tagesprogrammen<\/td>\n<td width=\"25%\"><\/td>\n<\/tr>\n<tr>\n<td colspan=\"3\">Indoorspielplatz (keine Erm\u00e4\u00dfigung auf Jetons)<\/td>\n<td width=\"25%\">33 % Rabatt<\/td>\n<\/tr>\n<tr>\n<td colspan=\"3\">Fitness (ohne Kurs), Klettern (ohne Kurs, ohne Ausr\u00fcstung)<\/td>\n<td width=\"25%\">33 % Rabatt<\/td>\n<\/tr>\n<tr>\n<td style=\"text-align: center;\" colspan=\"3\">\u00a0<span style=\"text-decoration: underline;\"><strong><em>alle Preise ohne Gew\u00e4hr !<\/em><\/strong><\/span><\/td>\n<td width=\"25%\"><\/td>\n<\/tr>\n<\/tbody>\n<\/table>\n","protected":false},"excerpt":{"rendered":"<p>Sparsaison Nebensaison Hauptsaison 08.01. &#8211; 30.04. 55,00\u20ac 01.05. &#8211; 15.06. 95,00\u00a0\u20ac 16.06. &#8211; 03.09. 150,00\u00a0\u20ac 04.09. &#8211; 31.10. 95,00\u00a0\u20ac 01.11. &#8211; 20.12. 55,00\u00a0\u20ac *)21.12. &#8211; 07.01. 150,00\u00a0\u20ac vorgenannte Preise beziehen sich auf 2 Personen Zuschlag f\u00fcr jede weitere Person \/ \u00dcN Kleinkinder die kein eigenes Bett ben\u00f6tigen z\u00e4hlen nicht 10,00 \u20ac *)nur in dieser Zeit &hellip; <\/p>\n<p class=\"link-more\"><a href=\"https:\/\/www.bauer-hans.de\/ferienhaus-in-kaernten\/mietpreis-info\/\" class=\"more-link\"><span class=\"screen-reader-text\">\u201eMietpreis Info\u201c <\/span>weiterlesen<\/a><\/p>\n","protected":false},"author":2,"featured_media":0,"parent":0,"menu_order":0,"comment_status":"closed","ping_status":"closed","template":"","meta":{"_acf_changed":false,"footnotes":""},"class_list":["post-35","page","type-page","status-publish","hentry"],"acf":[],"yoast_head":"<!-- This site is optimized with the Yoast SEO plugin v27.5 - https:\/\/yoast.com\/product\/yoast-seo-wordpress\/ -->\n<title>Mietpreis Info - Ferienhaus in \u00d6sterreich \/ K\u00e4rnten direkt am See im Feriendorf mit zwei Pools<\/title>\n<meta name=\"robots\" content=\"index, follow, max-snippet:-1, max-image-preview:large, max-video-preview:-1\" \/>\n<link rel=\"canonical\" href=\"https:\/\/www.bauer-hans.de\/ferienhaus-in-kaernten\/mietpreis-info\/\" \/>\n<meta name=\"twitter:label1\" content=\"Gesch\u00e4tzte Lesezeit\" \/>\n\t<meta name=\"twitter:data1\" content=\"1\u00a0Minute\" \/>\n<script type=\"application\/ld+json\" class=\"yoast-schema-graph\">{\"@context\":\"https:\\\/\\\/schema.org\",\"@graph\":[{\"@type\":\"WebPage\",\"@id\":\"https:\\\/\\\/www.bauer-hans.de\\\/ferienhaus-in-kaernten\\\/mietpreis-info\\\/\",\"url\":\"https:\\\/\\\/www.bauer-hans.de\\\/ferienhaus-in-kaernten\\\/mietpreis-info\\\/\",\"name\":\"Mietpreis Info - Ferienhaus in \u00d6sterreich \\\/ K\u00e4rnten direkt am See im Feriendorf mit zwei Pools\",\"isPartOf\":{\"@id\":\"https:\\\/\\\/www.bauer-hans.de\\\/ferienhaus-in-kaernten\\\/#website\"},\"datePublished\":\"2010-09-27T15:52:43+00:00\",\"dateModified\":\"2020-01-12T10:18:55+00:00\",\"breadcrumb\":{\"@id\":\"https:\\\/\\\/www.bauer-hans.de\\\/ferienhaus-in-kaernten\\\/mietpreis-info\\\/#breadcrumb\"},\"inLanguage\":\"de\",\"potentialAction\":[{\"@type\":\"ReadAction\",\"target\":[\"https:\\\/\\\/www.bauer-hans.de\\\/ferienhaus-in-kaernten\\\/mietpreis-info\\\/\"]}]},{\"@type\":\"BreadcrumbList\",\"@id\":\"https:\\\/\\\/www.bauer-hans.de\\\/ferienhaus-in-kaernten\\\/mietpreis-info\\\/#breadcrumb\",\"itemListElement\":[{\"@type\":\"ListItem\",\"position\":1,\"name\":\"Startseite\",\"item\":\"https:\\\/\\\/www.bauer-hans.de\\\/ferienhaus-in-kaernten\\\/\"},{\"@type\":\"ListItem\",\"position\":2,\"name\":\"Mietpreis Info\"}]},{\"@type\":\"WebSite\",\"@id\":\"https:\\\/\\\/www.bauer-hans.de\\\/ferienhaus-in-kaernten\\\/#website\",\"url\":\"https:\\\/\\\/www.bauer-hans.de\\\/ferienhaus-in-kaernten\\\/\",\"name\":\"Ferienhaus in \u00d6sterreich \\\/ K\u00e4rnten direkt am See im Feriendorf mit zwei Pools\",\"description\":\"Ihr Traumurlaub in K\u00e4rnten N\u00e4he W\u00f6rthersee \\\/ Faaker See \u2013 unmittelbar vor den Karawanken\",\"publisher\":{\"@id\":\"https:\\\/\\\/www.bauer-hans.de\\\/ferienhaus-in-kaernten\\\/#organization\"},\"potentialAction\":[{\"@type\":\"SearchAction\",\"target\":{\"@type\":\"EntryPoint\",\"urlTemplate\":\"https:\\\/\\\/www.bauer-hans.de\\\/ferienhaus-in-kaernten\\\/?s={search_term_string}\"},\"query-input\":{\"@type\":\"PropertyValueSpecification\",\"valueRequired\":true,\"valueName\":\"search_term_string\"}}],\"inLanguage\":\"de\"},{\"@type\":\"Organization\",\"@id\":\"https:\\\/\\\/www.bauer-hans.de\\\/ferienhaus-in-kaernten\\\/#organization\",\"name\":\"Ferienhaus in \u00d6sterreich \\\/ K\u00e4rnten direkt am See im Feriendorf mit zwei Pools\",\"url\":\"https:\\\/\\\/www.bauer-hans.de\\\/ferienhaus-in-kaernten\\\/\",\"logo\":{\"@type\":\"ImageObject\",\"inLanguage\":\"de\",\"@id\":\"https:\\\/\\\/www.bauer-hans.de\\\/ferienhaus-in-kaernten\\\/#\\\/schema\\\/logo\\\/image\\\/\",\"url\":\"https:\\\/\\\/www.bauer-hans.de\\\/ferienhaus-in-kaernten\\\/wp-content\\\/uploads\\\/sites\\\/7\\\/2018\\\/05\\\/cropped-logo-4-Sterne.jpg\",\"contentUrl\":\"https:\\\/\\\/www.bauer-hans.de\\\/ferienhaus-in-kaernten\\\/wp-content\\\/uploads\\\/sites\\\/7\\\/2018\\\/05\\\/cropped-logo-4-Sterne.jpg\",\"width\":249,\"height\":250,\"caption\":\"Ferienhaus in \u00d6sterreich \\\/ K\u00e4rnten direkt am See im Feriendorf mit zwei Pools\"},\"image\":{\"@id\":\"https:\\\/\\\/www.bauer-hans.de\\\/ferienhaus-in-kaernten\\\/#\\\/schema\\\/logo\\\/image\\\/\"}}]}<\/script>\n<!-- \/ Yoast SEO plugin. -->","yoast_head_json":{"title":"Mietpreis Info - Ferienhaus in \u00d6sterreich \/ K\u00e4rnten direkt am See im Feriendorf mit zwei Pools","robots":{"index":"index","follow":"follow","max-snippet":"max-snippet:-1","max-image-preview":"max-image-preview:large","max-video-preview":"max-video-preview:-1"},"canonical":"https:\/\/www.bauer-hans.de\/ferienhaus-in-kaernten\/mietpreis-info\/","twitter_misc":{"Gesch\u00e4tzte Lesezeit":"1\u00a0Minute"},"schema":{"@context":"https:\/\/schema.org","@graph":[{"@type":"WebPage","@id":"https:\/\/www.bauer-hans.de\/ferienhaus-in-kaernten\/mietpreis-info\/","url":"https:\/\/www.bauer-hans.de\/ferienhaus-in-kaernten\/mietpreis-info\/","name":"Mietpreis Info - Ferienhaus in \u00d6sterreich \/ K\u00e4rnten direkt am See im Feriendorf mit zwei Pools","isPartOf":{"@id":"https:\/\/www.bauer-hans.de\/ferienhaus-in-kaernten\/#website"},"datePublished":"2010-09-27T15:52:43+00:00","dateModified":"2020-01-12T10:18:55+00:00","breadcrumb":{"@id":"https:\/\/www.bauer-hans.de\/ferienhaus-in-kaernten\/mietpreis-info\/#breadcrumb"},"inLanguage":"de","potentialAction":[{"@type":"ReadAction","target":["https:\/\/www.bauer-hans.de\/ferienhaus-in-kaernten\/mietpreis-info\/"]}]},{"@type":"BreadcrumbList","@id":"https:\/\/www.bauer-hans.de\/ferienhaus-in-kaernten\/mietpreis-info\/#breadcrumb","itemListElement":[{"@type":"ListItem","position":1,"name":"Startseite","item":"https:\/\/www.bauer-hans.de\/ferienhaus-in-kaernten\/"},{"@type":"ListItem","position":2,"name":"Mietpreis Info"}]},{"@type":"WebSite","@id":"https:\/\/www.bauer-hans.de\/ferienhaus-in-kaernten\/#website","url":"https:\/\/www.bauer-hans.de\/ferienhaus-in-kaernten\/","name":"Ferienhaus in \u00d6sterreich \/ K\u00e4rnten direkt am See im Feriendorf mit zwei Pools","description":"Ihr Traumurlaub in K\u00e4rnten N\u00e4he W\u00f6rthersee \/ Faaker See \u2013 unmittelbar vor den Karawanken","publisher":{"@id":"https:\/\/www.bauer-hans.de\/ferienhaus-in-kaernten\/#organization"},"potentialAction":[{"@type":"SearchAction","target":{"@type":"EntryPoint","urlTemplate":"https:\/\/www.bauer-hans.de\/ferienhaus-in-kaernten\/?s={search_term_string}"},"query-input":{"@type":"PropertyValueSpecification","valueRequired":true,"valueName":"search_term_string"}}],"inLanguage":"de"},{"@type":"Organization","@id":"https:\/\/www.bauer-hans.de\/ferienhaus-in-kaernten\/#organization","name":"Ferienhaus in \u00d6sterreich \/ K\u00e4rnten direkt am See im Feriendorf mit zwei Pools","url":"https:\/\/www.bauer-hans.de\/ferienhaus-in-kaernten\/","logo":{"@type":"ImageObject","inLanguage":"de","@id":"https:\/\/www.bauer-hans.de\/ferienhaus-in-kaernten\/#\/schema\/logo\/image\/","url":"https:\/\/www.bauer-hans.de\/ferienhaus-in-kaernten\/wp-content\/uploads\/sites\/7\/2018\/05\/cropped-logo-4-Sterne.jpg","contentUrl":"https:\/\/www.bauer-hans.de\/ferienhaus-in-kaernten\/wp-content\/uploads\/sites\/7\/2018\/05\/cropped-logo-4-Sterne.jpg","width":249,"height":250,"caption":"Ferienhaus in \u00d6sterreich \/ K\u00e4rnten direkt am See im Feriendorf mit zwei Pools"},"image":{"@id":"https:\/\/www.bauer-hans.de\/ferienhaus-in-kaernten\/#\/schema\/logo\/image\/"}}]}},"_links":{"self":[{"href":"https:\/\/www.bauer-hans.de\/ferienhaus-in-kaernten\/wp-json\/wp\/v2\/pages\/35","targetHints":{"allow":["GET"]}}],"collection":[{"href":"https:\/\/www.bauer-hans.de\/ferienhaus-in-kaernten\/wp-json\/wp\/v2\/pages"}],"about":[{"href":"https:\/\/www.bauer-hans.de\/ferienhaus-in-kaernten\/wp-json\/wp\/v2\/types\/page"}],"author":[{"embeddable":true,"href":"https:\/\/www.bauer-hans.de\/ferienhaus-in-kaernten\/wp-json\/wp\/v2\/users\/2"}],"replies":[{"embeddable":true,"href":"https:\/\/www.bauer-hans.de\/ferienhaus-in-kaernten\/wp-json\/wp\/v2\/comments?post=35"}],"version-history":[{"count":27,"href":"https:\/\/www.bauer-hans.de\/ferienhaus-in-kaernten\/wp-json\/wp\/v2\/pages\/35\/revisions"}],"predecessor-version":[{"id":2268,"href":"https:\/\/www.bauer-hans.de\/ferienhaus-in-kaernten\/wp-json\/wp\/v2\/pages\/35\/revisions\/2268"}],"wp:attachment":[{"href":"https:\/\/www.bauer-hans.de\/ferienhaus-in-kaernten\/wp-json\/wp\/v2\/media?parent=35"}],"curies":[{"name":"wp","href":"https:\/\/api.w.org\/{rel}","templated":true}]}}