{"id":5,"date":"2014-10-11T10:31:09","date_gmt":"2014-10-11T08:31:09","guid":{"rendered":"http:\/\/www.ferienhaus-in-kaernten.de\/"},"modified":"2025-12-28T11:46:39","modified_gmt":"2025-12-28T09:46:39","slug":"home","status":"publish","type":"page","link":"https:\/\/www.bauer-hans.de\/ferienhaus-in-kaernten\/","title":{"rendered":"home"},"content":{"rendered":"<hr \/>\n<p style=\"text-align: center;\"><strong>Das private Ferienhaus in K\u00e4rnten f\u00fcr ihren n\u00e4chsten Traumurlaub im s\u00fcdlichsten Teil von \u00d6sterreich, im sch\u00f6nen Rosental. Hier s\u00fcdlich der Alpen liegt K\u00e4rnten, das vielleicht sch\u00f6nste Bundesland von \u00d6sterreich.<\/strong><\/p>\n<p style=\"text-align: center;\"><strong>Ein Paradies f\u00fcr Wanderer, Radfahrer und Naturliebhaber. Die abwechslungsreiche Landschaft im Herzen der Karawanken bietet eindrucksvolle Naturerlebnisse und abwechslungsreichen Freizeitspa\u00df f\u00fcr die ganze Familie.<\/strong><\/p>\n<p style=\"text-align: center;\"><strong>Unsere beiden H\u00e4user liegen direkt am Drau See unweit vom W\u00f6rthersee \/ Faaker See,\u00a0unmittelbar vor den Karawanken<br \/>\n<\/strong><strong>und nur 10 km von der Autobahnausfahrt A10\u00a0entfernt.<\/strong><\/p>\n<p><strong>Sie suchen im s\u00fcdlichsten Teil von \u00d6sterreich \/ K\u00e4rnten ein Ferienhaus oder auch nur eine <a title=\"tolle Ferienwohnungen\" href=\"http:\/\/www.ferienwohnung-in-kaernten.de\" target=\"_blank\" rel=\"noopener noreferrer\">Ferienwohnung<\/a>\u00a0f\u00fcr Ihren n\u00e4chsten Traumurlaub? Ein Ferienhaus in welchem Sie mit Ihrer Familie in aller Ruhe entspannen und Ihren Urlaub voll genie\u00dfen k\u00f6nnen. M\u00f6chten Sie im Sommer gerne baden, wandern, radeln oder bergsteigen? Im Winter Ski- oder Schlitten fahren?<\/strong><\/p>\n<h3 style=\"text-align: center;\">Dann sind Sie hier bei uns genau richtig!<\/h3>\n<p style=\"text-align: center;\"><a href=\"http:\/\/www.sonnenwinkel-kaernten.at\/\" target=\"_blank\" rel=\"noopener noreferrer\">Informieren Sie sich hier \u00fcber das herrliche Urlaubsland K\u00e4rnten<\/a><\/p>\n<figure id=\"attachment_1659\" aria-describedby=\"caption-attachment-1659\" style=\"width: 660px\" class=\"wp-caption alignnone\"><a href=\"https:\/\/www.bauer-hans.de\/ferienhaus-in-kaernten\/wp-content\/uploads\/sites\/7\/2014\/10\/haus2.jpg\"><img loading=\"lazy\" decoding=\"async\" class=\"wp-image-1659 size-large\" src=\"https:\/\/www.bauer-hans.de\/ferienhaus-in-kaernten\/wp-content\/uploads\/sites\/7\/2014\/10\/haus2-1024x768.jpg\" alt=\"Ferienhaus in K\u00e4rnten\" width=\"660\" height=\"495\" srcset=\"https:\/\/www.bauer-hans.de\/ferienhaus-in-kaernten\/wp-content\/uploads\/sites\/7\/2014\/10\/haus2-1024x768.jpg 1024w, https:\/\/www.bauer-hans.de\/ferienhaus-in-kaernten\/wp-content\/uploads\/sites\/7\/2014\/10\/haus2-300x225.jpg 300w, https:\/\/www.bauer-hans.de\/ferienhaus-in-kaernten\/wp-content\/uploads\/sites\/7\/2014\/10\/haus2-250x187.jpg 250w, https:\/\/www.bauer-hans.de\/ferienhaus-in-kaernten\/wp-content\/uploads\/sites\/7\/2014\/10\/haus2.jpg 1200w\" sizes=\"auto, (max-width: 660px) 100vw, 660px\" \/><\/a><figcaption id=\"caption-attachment-1659\" class=\"wp-caption-text\">Ferienhaus Nicole<\/figcaption><\/figure>\n<figure id=\"attachment_2079\" aria-describedby=\"caption-attachment-2079\" style=\"width: 1200px\" class=\"wp-caption alignnone\"><a href=\"https:\/\/www.bauer-hans.de\/ferienhaus-in-kaernten\/wp-content\/uploads\/sites\/7\/2018\/03\/haus_1.jpg\"><img loading=\"lazy\" decoding=\"async\" class=\"wp-image-2079 size-full\" src=\"https:\/\/www.bauer-hans.de\/ferienhaus-in-kaernten\/wp-content\/uploads\/sites\/7\/2018\/03\/haus_1.jpg\" alt=\"\" width=\"1200\" height=\"900\" srcset=\"https:\/\/www.bauer-hans.de\/ferienhaus-in-kaernten\/wp-content\/uploads\/sites\/7\/2018\/03\/haus_1.jpg 1200w, https:\/\/www.bauer-hans.de\/ferienhaus-in-kaernten\/wp-content\/uploads\/sites\/7\/2018\/03\/haus_1-300x225.jpg 300w, https:\/\/www.bauer-hans.de\/ferienhaus-in-kaernten\/wp-content\/uploads\/sites\/7\/2018\/03\/haus_1-768x576.jpg 768w, https:\/\/www.bauer-hans.de\/ferienhaus-in-kaernten\/wp-content\/uploads\/sites\/7\/2018\/03\/haus_1-1024x768.jpg 1024w, https:\/\/www.bauer-hans.de\/ferienhaus-in-kaernten\/wp-content\/uploads\/sites\/7\/2018\/03\/haus_1-250x188.jpg 250w\" sizes=\"auto, (max-width: 767px) 89vw, (max-width: 1000px) 54vw, (max-width: 1071px) 543px, 580px\" \/><\/a><figcaption id=\"caption-attachment-2079\" class=\"wp-caption-text\">Ferienhaus &#8222;Claudia&#8220;<\/figcaption><\/figure>\n<p><a title=\"Appartements in K\u00e4rnten\" href=\"http:\/\/www.ferienwohnung-in-kaernten.de\" target=\"_blank\" rel=\"noopener noreferrer\"><strong>Sie ben\u00f6tigen kein eigenes Haus &#8211; es gen\u00fcgt Ihnen auch eine sch\u00f6ne Wohnung? Dann w\u00e4hlen Sie hier unter unseren Appartements<\/strong><\/a><\/p>\n<p style=\"text-align: left;\"><strong>Wir haben f\u00fcr Sie <span style=\"text-decoration: underline;\">zwei<\/span> freistehende Ferienh\u00e4user<\/strong> mit sch\u00f6nem eigenem Garten und jeweils Platz bis zu 6 Personen, drei getrennte Schlafzimmer, und als begeisterter Internetuser freuen Sie sich gewiss \u00fcber den vorhandenen W-LAN Anschluss\u00a0im gesamten Hausbereich.<\/p>\n<ul>\n<li>\n<div><strong>Ein tolles Ferienhaus nur f\u00fcr Sie alleine mit eigenem Garten<\/strong><\/div>\n<\/li>\n<li><strong>Zwei Au\u00dfenpools, davon einer beheizt, in unserem Feriendorf<\/strong><\/li>\n<li><strong>Sie m\u00f6chten in aller Ruhe f\u00fcr sich alleine Ihren Urlaub genie\u00dfen &#8211; dann sind die beiden H\u00e4user mit eigenem Garten genau das Richtige f\u00fcr Sie, die unmittelbaren Nachbarh\u00e4user werden nur sporadisch von ihren Eigent\u00fcmern selbst gen\u00fctzt und nicht an Ferieng\u00e4ste vermietet.<\/strong><\/li>\n<li><strong>Sie suchen jede Menge Abwechslung und Unterhaltung auch f\u00fcr Ihre Kinder &#8211; nur ca 200 m haben Sie zum Indoorspielplatz mit Kletterwand. Eine einzigartige Freizeitanlage mit einem In- und Outdoorbereich von \u00fcber 2500 qm!<\/strong><\/li>\n<li><strong>Vor Ort haben wir:<\/strong><strong> Minigolf \u2192 Tennis \u2192 Beachvolleyball \u2192 Kletterwand \u2192 Indoorspielsplatz \u2192 Fitnesscenter und vieles mehr<\/strong><\/li>\n<\/ul>\n<p>Alternativ dazu k\u00f6nnen wir Ihnen f\u00fcnf sehr sch\u00f6ne und gro\u00dfz\u00fcgige <a href=\"http:\/\/www.ferienwohnung-in-kaernten.de\" target=\"_blank\" rel=\"noopener noreferrer\"><strong>Ferienwohnungen<\/strong><\/a> anbieten<\/p>\n<p class=\"teaser\" style=\"text-align: center;\">Das Rosental: S\u00fcdlich, naturnah, sanft, gleichzeitig alpin. Die abwechslungsreiche Landschaft von schroffen Karawanken \u00fcber sanfte H\u00fcgel bis zur ebenen Talsohle bietet eindrucksvolle Naturerlebnisse, Kulinarikgenuss und Freizeitspa\u00df f\u00fcr die ganze Familie.<br \/>\nEntdecken Sie einzigartige Ausflugsziele und lassen Sie sich von ortskundigen Guides zu attraktiven Erlebnistouren entf\u00fchren.<\/p>\n","protected":false},"excerpt":{"rendered":"<p>Das private Ferienhaus in K\u00e4rnten f\u00fcr ihren n\u00e4chsten Traumurlaub im s\u00fcdlichsten Teil von \u00d6sterreich, im sch\u00f6nen Rosental. Hier s\u00fcdlich der Alpen liegt K\u00e4rnten, das vielleicht sch\u00f6nste Bundesland von \u00d6sterreich. Ein Paradies f\u00fcr Wanderer, Radfahrer und Naturliebhaber. Die abwechslungsreiche Landschaft im Herzen der Karawanken bietet eindrucksvolle Naturerlebnisse und abwechslungsreichen Freizeitspa\u00df f\u00fcr die ganze Familie. Unsere beiden &hellip; <\/p>\n<p class=\"link-more\"><a href=\"https:\/\/www.bauer-hans.de\/ferienhaus-in-kaernten\/\" class=\"more-link\"><span class=\"screen-reader-text\">\u201ehome\u201c <\/span>weiterlesen<\/a><\/p>\n","protected":false},"author":2,"featured_media":0,"parent":0,"menu_order":0,"comment_status":"closed","ping_status":"closed","template":"","meta":{"_acf_changed":false,"footnotes":""},"class_list":["post-5","page","type-page","status-publish","hentry"],"acf":[],"yoast_head":"<!-- This site is optimized with the Yoast SEO plugin v27.4 - https:\/\/yoast.com\/product\/yoast-seo-wordpress\/ -->\n<title>Ferienhaus in \u00d6sterrreich \/ Kaernten - am See, Garten<\/title>\n<meta name=\"description\" content=\"Tolles alleinstehendes Ferienhaus von Privat direkt am Drausee f\u00fcr max. 6 Personen, sehr ruhig gelegen, eigener Garten, W-LAN, zu den Pools nur ca. 150 m\" \/>\n<meta name=\"robots\" content=\"index, follow, max-snippet:-1, max-image-preview:large, max-video-preview:-1\" \/>\n<link rel=\"canonical\" href=\"https:\/\/www.bauer-hans.de\/ferienhaus-in-kaernten\/\" \/>\n<meta name=\"twitter:label1\" content=\"Gesch\u00e4tzte Lesezeit\" \/>\n\t<meta name=\"twitter:data1\" content=\"3\u00a0Minuten\" \/>\n<script type=\"application\/ld+json\" class=\"yoast-schema-graph\">{\"@context\":\"https:\\\/\\\/schema.org\",\"@graph\":[{\"@type\":\"WebPage\",\"@id\":\"https:\\\/\\\/www.bauer-hans.de\\\/ferienhaus-in-kaernten\\\/\",\"url\":\"https:\\\/\\\/www.bauer-hans.de\\\/ferienhaus-in-kaernten\\\/\",\"name\":\"Ferienhaus in \u00d6sterrreich \\\/ Kaernten - am See, Garten\",\"isPartOf\":{\"@id\":\"https:\\\/\\\/www.bauer-hans.de\\\/ferienhaus-in-kaernten\\\/#website\"},\"primaryImageOfPage\":{\"@id\":\"https:\\\/\\\/www.bauer-hans.de\\\/ferienhaus-in-kaernten\\\/#primaryimage\"},\"image\":{\"@id\":\"https:\\\/\\\/www.bauer-hans.de\\\/ferienhaus-in-kaernten\\\/#primaryimage\"},\"thumbnailUrl\":\"https:\\\/\\\/www.bauer-hans.de\\\/ferienhaus-in-kaernten\\\/wp-content\\\/uploads\\\/sites\\\/7\\\/2014\\\/10\\\/haus2-1024x768.jpg\",\"datePublished\":\"2014-10-11T08:31:09+00:00\",\"dateModified\":\"2025-12-28T09:46:39+00:00\",\"description\":\"Tolles alleinstehendes Ferienhaus von Privat direkt am Drausee f\u00fcr max. 6 Personen, sehr ruhig gelegen, eigener Garten, W-LAN, zu den Pools nur ca. 150 m\",\"breadcrumb\":{\"@id\":\"https:\\\/\\\/www.bauer-hans.de\\\/ferienhaus-in-kaernten\\\/#breadcrumb\"},\"inLanguage\":\"de\",\"potentialAction\":[{\"@type\":\"ReadAction\",\"target\":[\"https:\\\/\\\/www.bauer-hans.de\\\/ferienhaus-in-kaernten\\\/\"]}]},{\"@type\":\"ImageObject\",\"inLanguage\":\"de\",\"@id\":\"https:\\\/\\\/www.bauer-hans.de\\\/ferienhaus-in-kaernten\\\/#primaryimage\",\"url\":\"https:\\\/\\\/www.bauer-hans.de\\\/ferienhaus-in-kaernten\\\/wp-content\\\/uploads\\\/sites\\\/7\\\/2014\\\/10\\\/haus2.jpg\",\"contentUrl\":\"https:\\\/\\\/www.bauer-hans.de\\\/ferienhaus-in-kaernten\\\/wp-content\\\/uploads\\\/sites\\\/7\\\/2014\\\/10\\\/haus2.jpg\",\"width\":1200,\"height\":900},{\"@type\":\"BreadcrumbList\",\"@id\":\"https:\\\/\\\/www.bauer-hans.de\\\/ferienhaus-in-kaernten\\\/#breadcrumb\",\"itemListElement\":[{\"@type\":\"ListItem\",\"position\":1,\"name\":\"Startseite\",\"item\":\"https:\\\/\\\/www.bauer-hans.de\\\/ferienhaus-in-kaernten\\\/\"},{\"@type\":\"ListItem\",\"position\":2,\"name\":\"home\"}]},{\"@type\":\"WebSite\",\"@id\":\"https:\\\/\\\/www.bauer-hans.de\\\/ferienhaus-in-kaernten\\\/#website\",\"url\":\"https:\\\/\\\/www.bauer-hans.de\\\/ferienhaus-in-kaernten\\\/\",\"name\":\"Ferienhaus in \u00d6sterreich \\\/ K\u00e4rnten direkt am See im Feriendorf mit zwei Pools\",\"description\":\"Ihr Traumurlaub in K\u00e4rnten N\u00e4he W\u00f6rthersee \\\/ Faaker See \u2013 unmittelbar vor den Karawanken\",\"publisher\":{\"@id\":\"https:\\\/\\\/www.bauer-hans.de\\\/ferienhaus-in-kaernten\\\/#organization\"},\"potentialAction\":[{\"@type\":\"SearchAction\",\"target\":{\"@type\":\"EntryPoint\",\"urlTemplate\":\"https:\\\/\\\/www.bauer-hans.de\\\/ferienhaus-in-kaernten\\\/?s={search_term_string}\"},\"query-input\":{\"@type\":\"PropertyValueSpecification\",\"valueRequired\":true,\"valueName\":\"search_term_string\"}}],\"inLanguage\":\"de\"},{\"@type\":\"Organization\",\"@id\":\"https:\\\/\\\/www.bauer-hans.de\\\/ferienhaus-in-kaernten\\\/#organization\",\"name\":\"Ferienhaus in \u00d6sterreich \\\/ K\u00e4rnten direkt am See im Feriendorf mit zwei Pools\",\"url\":\"https:\\\/\\\/www.bauer-hans.de\\\/ferienhaus-in-kaernten\\\/\",\"logo\":{\"@type\":\"ImageObject\",\"inLanguage\":\"de\",\"@id\":\"https:\\\/\\\/www.bauer-hans.de\\\/ferienhaus-in-kaernten\\\/#\\\/schema\\\/logo\\\/image\\\/\",\"url\":\"https:\\\/\\\/www.bauer-hans.de\\\/ferienhaus-in-kaernten\\\/wp-content\\\/uploads\\\/sites\\\/7\\\/2018\\\/05\\\/cropped-logo-4-Sterne.jpg\",\"contentUrl\":\"https:\\\/\\\/www.bauer-hans.de\\\/ferienhaus-in-kaernten\\\/wp-content\\\/uploads\\\/sites\\\/7\\\/2018\\\/05\\\/cropped-logo-4-Sterne.jpg\",\"width\":249,\"height\":250,\"caption\":\"Ferienhaus in \u00d6sterreich \\\/ K\u00e4rnten direkt am See im Feriendorf mit zwei Pools\"},\"image\":{\"@id\":\"https:\\\/\\\/www.bauer-hans.de\\\/ferienhaus-in-kaernten\\\/#\\\/schema\\\/logo\\\/image\\\/\"}}]}<\/script>\n<!-- \/ Yoast SEO plugin. -->","yoast_head_json":{"title":"Ferienhaus in \u00d6sterrreich \/ Kaernten - am See, Garten","description":"Tolles alleinstehendes Ferienhaus von Privat direkt am Drausee f\u00fcr max. 6 Personen, sehr ruhig gelegen, eigener Garten, W-LAN, zu den Pools nur ca. 150 m","robots":{"index":"index","follow":"follow","max-snippet":"max-snippet:-1","max-image-preview":"max-image-preview:large","max-video-preview":"max-video-preview:-1"},"canonical":"https:\/\/www.bauer-hans.de\/ferienhaus-in-kaernten\/","twitter_misc":{"Gesch\u00e4tzte Lesezeit":"3\u00a0Minuten"},"schema":{"@context":"https:\/\/schema.org","@graph":[{"@type":"WebPage","@id":"https:\/\/www.bauer-hans.de\/ferienhaus-in-kaernten\/","url":"https:\/\/www.bauer-hans.de\/ferienhaus-in-kaernten\/","name":"Ferienhaus in \u00d6sterrreich \/ Kaernten - am See, Garten","isPartOf":{"@id":"https:\/\/www.bauer-hans.de\/ferienhaus-in-kaernten\/#website"},"primaryImageOfPage":{"@id":"https:\/\/www.bauer-hans.de\/ferienhaus-in-kaernten\/#primaryimage"},"image":{"@id":"https:\/\/www.bauer-hans.de\/ferienhaus-in-kaernten\/#primaryimage"},"thumbnailUrl":"https:\/\/www.bauer-hans.de\/ferienhaus-in-kaernten\/wp-content\/uploads\/sites\/7\/2014\/10\/haus2-1024x768.jpg","datePublished":"2014-10-11T08:31:09+00:00","dateModified":"2025-12-28T09:46:39+00:00","description":"Tolles alleinstehendes Ferienhaus von Privat direkt am Drausee f\u00fcr max. 6 Personen, sehr ruhig gelegen, eigener Garten, W-LAN, zu den Pools nur ca. 150 m","breadcrumb":{"@id":"https:\/\/www.bauer-hans.de\/ferienhaus-in-kaernten\/#breadcrumb"},"inLanguage":"de","potentialAction":[{"@type":"ReadAction","target":["https:\/\/www.bauer-hans.de\/ferienhaus-in-kaernten\/"]}]},{"@type":"ImageObject","inLanguage":"de","@id":"https:\/\/www.bauer-hans.de\/ferienhaus-in-kaernten\/#primaryimage","url":"https:\/\/www.bauer-hans.de\/ferienhaus-in-kaernten\/wp-content\/uploads\/sites\/7\/2014\/10\/haus2.jpg","contentUrl":"https:\/\/www.bauer-hans.de\/ferienhaus-in-kaernten\/wp-content\/uploads\/sites\/7\/2014\/10\/haus2.jpg","width":1200,"height":900},{"@type":"BreadcrumbList","@id":"https:\/\/www.bauer-hans.de\/ferienhaus-in-kaernten\/#breadcrumb","itemListElement":[{"@type":"ListItem","position":1,"name":"Startseite","item":"https:\/\/www.bauer-hans.de\/ferienhaus-in-kaernten\/"},{"@type":"ListItem","position":2,"name":"home"}]},{"@type":"WebSite","@id":"https:\/\/www.bauer-hans.de\/ferienhaus-in-kaernten\/#website","url":"https:\/\/www.bauer-hans.de\/ferienhaus-in-kaernten\/","name":"Ferienhaus in \u00d6sterreich \/ K\u00e4rnten direkt am See im Feriendorf mit zwei Pools","description":"Ihr Traumurlaub in K\u00e4rnten N\u00e4he W\u00f6rthersee \/ Faaker See \u2013 unmittelbar vor den Karawanken","publisher":{"@id":"https:\/\/www.bauer-hans.de\/ferienhaus-in-kaernten\/#organization"},"potentialAction":[{"@type":"SearchAction","target":{"@type":"EntryPoint","urlTemplate":"https:\/\/www.bauer-hans.de\/ferienhaus-in-kaernten\/?s={search_term_string}"},"query-input":{"@type":"PropertyValueSpecification","valueRequired":true,"valueName":"search_term_string"}}],"inLanguage":"de"},{"@type":"Organization","@id":"https:\/\/www.bauer-hans.de\/ferienhaus-in-kaernten\/#organization","name":"Ferienhaus in \u00d6sterreich \/ K\u00e4rnten direkt am See im Feriendorf mit zwei Pools","url":"https:\/\/www.bauer-hans.de\/ferienhaus-in-kaernten\/","logo":{"@type":"ImageObject","inLanguage":"de","@id":"https:\/\/www.bauer-hans.de\/ferienhaus-in-kaernten\/#\/schema\/logo\/image\/","url":"https:\/\/www.bauer-hans.de\/ferienhaus-in-kaernten\/wp-content\/uploads\/sites\/7\/2018\/05\/cropped-logo-4-Sterne.jpg","contentUrl":"https:\/\/www.bauer-hans.de\/ferienhaus-in-kaernten\/wp-content\/uploads\/sites\/7\/2018\/05\/cropped-logo-4-Sterne.jpg","width":249,"height":250,"caption":"Ferienhaus in \u00d6sterreich \/ K\u00e4rnten direkt am See im Feriendorf mit zwei Pools"},"image":{"@id":"https:\/\/www.bauer-hans.de\/ferienhaus-in-kaernten\/#\/schema\/logo\/image\/"}}]}},"_links":{"self":[{"href":"https:\/\/www.bauer-hans.de\/ferienhaus-in-kaernten\/wp-json\/wp\/v2\/pages\/5","targetHints":{"allow":["GET"]}}],"collection":[{"href":"https:\/\/www.bauer-hans.de\/ferienhaus-in-kaernten\/wp-json\/wp\/v2\/pages"}],"about":[{"href":"https:\/\/www.bauer-hans.de\/ferienhaus-in-kaernten\/wp-json\/wp\/v2\/types\/page"}],"author":[{"embeddable":true,"href":"https:\/\/www.bauer-hans.de\/ferienhaus-in-kaernten\/wp-json\/wp\/v2\/users\/2"}],"replies":[{"embeddable":true,"href":"https:\/\/www.bauer-hans.de\/ferienhaus-in-kaernten\/wp-json\/wp\/v2\/comments?post=5"}],"version-history":[{"count":70,"href":"https:\/\/www.bauer-hans.de\/ferienhaus-in-kaernten\/wp-json\/wp\/v2\/pages\/5\/revisions"}],"predecessor-version":[{"id":2297,"href":"https:\/\/www.bauer-hans.de\/ferienhaus-in-kaernten\/wp-json\/wp\/v2\/pages\/5\/revisions\/2297"}],"wp:attachment":[{"href":"https:\/\/www.bauer-hans.de\/ferienhaus-in-kaernten\/wp-json\/wp\/v2\/media?parent=5"}],"curies":[{"name":"wp","href":"https:\/\/api.w.org\/{rel}","templated":true}]}}