{"id":794,"date":"2011-01-30T16:02:32","date_gmt":"2011-01-30T16:02:32","guid":{"rendered":"http:\/\/www.ferienhaus-in-kaernten.de\/"},"modified":"2017-11-25T19:35:08","modified_gmt":"2017-11-25T17:35:08","slug":"freizeitangebote","status":"publish","type":"page","link":"https:\/\/www.bauer-hans.de\/ferienhaus-in-kaernten\/freizeitangebote\/","title":{"rendered":"Freizeitangebote"},"content":{"rendered":"<h4><a href=\"http:\/\/www.carnica-rosental.at\/veranstaltungen\" target=\"_blank\" rel=\"noopener\">Veranstaltungskalender Carnica Rosental<\/a>\u00a0 |\u00a0 <a href=\"http:\/\/www.region-villach.at\/de\/service\/veranstaltungen-2079782.html\" target=\"_blank\" rel=\"noopener\">Veranstaltungskalender Region Villach<br \/>\n<\/a><a href=\"http:\/\/www.klagenfurt-tourismus.at\/deutsch\/events-klagenfurt-woerthersee.asp\" target=\"_blank\" rel=\"noopener\">Veranstaltungskalender Region Klagenfurt<\/a><\/h4>\n<p style=\"text-align: center;\"><a href=\"http:\/\/alpregio.outdooractive.com\/ar-kaernten\/de\/alpregio.jsp#tab=WelcomeTab\" target=\"_blank\" rel=\"noopener\">Planen Sie hier Ihre wander- walking-Radl uvm. Tour<\/a><\/p>\n<h4><span style=\"text-decoration: underline;\">Wanderurlaub:<\/span><\/h4>\n<p>Als <strong><a href=\"http:\/\/www.kaernten.at\/de\/channel\/wandern\" target=\"_blank\" rel=\"noopener\">Lauffreund<\/a><\/strong> werden Sie K\u00e4rnten lieben. Aber auch <strong><a href=\"http:\/\/www.laufen.kaernten.at\/\" target=\"_blank\" rel=\"noopener\">Nordic Walker<\/a><\/strong> kommen in K\u00e4rnten voll auf ihre Kosten. Profis und Neugierige zieht es auf die Nordic Walking WM-Strecke in St. Michael ob Bleiburg. Am &#8222;Nordic Hill&#8220; gilt es 1200 H\u00f6henmeter zu bew\u00e4ltigen und 13,7 Kilometer. K\u00e4rnten bietet Ihnen zahlreiche gut beschilderte Nordic Walking Routen und Nordic Fitness Sports Parks, in denen Sie rundum betreut werden.<\/p>\n<p><a href=\"https:\/\/www.bauer-hans.de\/ferienhaus-in-kaernten\/wp-content\/uploads\/sites\/7\/2011\/01\/wandern.jpg\"><img loading=\"lazy\" decoding=\"async\" class=\"alignleft size-medium wp-image-1498\" src=\"https:\/\/www.bauer-hans.de\/ferienhaus-in-kaernten\/wp-content\/uploads\/sites\/7\/2011\/01\/wandern-300x225.jpg\" alt=\"wandern\" width=\"300\" height=\"225\" srcset=\"https:\/\/www.bauer-hans.de\/ferienhaus-in-kaernten\/wp-content\/uploads\/sites\/7\/2011\/01\/wandern-300x225.jpg 300w, https:\/\/www.bauer-hans.de\/ferienhaus-in-kaernten\/wp-content\/uploads\/sites\/7\/2011\/01\/wandern.jpg 750w\" sizes=\"auto, (max-width: 300px) 100vw, 300px\" \/><\/a>Nordic Walking, Laufen,\u00a0und Gesund Wandern in intakter Natur. Alpine Klettertouren, anspruchsvolle Klettersteige, Bouldern, Sportklettern oder Canyoning &#8211; auch f\u00fcr Bergfexe und Kletterfreaks gibt es im Rosental ein abwechslungsreiches Angebot. Und wer nicht so hoch hinauf will aber trotzdem eine Herausforderung sucht, der ist im Waldseilpark Tscheppaschlucht genau richtig. Dieser nat\u00fcrliche Erlebnisraum mit seinen H\u00e4ngebr\u00fccken, Seilen und Rollen bietet Spa\u00df und Spannung f\u00fcr die ganze Familie. Bei unsicheren Wetterverh\u00e4ltnissen laden Kletterhallen und Bouldercenter zum Wettstreit.<br \/>\nVom <strong>ebenen Spazierweg<\/strong> entlang am Draudamm bis zum <strong>felsigen Berggipfel<\/strong>, vom dichtgr\u00fcnen Wald bis zur weichfedernen Alm &#8211; im Naturpark\u00a0im Rostental\u00a0ist Abwechslung f\u00fcr Ihren Wanderurlaub in K\u00e4rnten garantiert.<\/p>\n<p>Ein sch\u00f6ne \u00dcbersicht der vielen <a href=\"http:\/\/alpregio.outdooractive.com\/ar-rosental\/de\/alpregio.jsp#i=3827842084386678208&amp;tab=ToursTab\" target=\"_blank\" rel=\"noopener\">Wanderm\u00f6glichkeiten der Carnica-Region finden Sie hier<\/a><\/p>\n<h4><span style=\"text-decoration: underline;\">Radeln &#8211; Mountainbiken<\/span><\/h4>\n<p>Der <a href=\"http:\/\/www.drauradweg.com\" target=\"_blank\" rel=\"noopener\">Drauradweg<\/a> geh\u00f6rt zu den beliebtesten Radwegen \u00d6sterreichs und verl\u00e4uft durch die gesamte Rosengemeinde, streift so auch unser Feriendorf. Ob 320, 610, 839, 1050 oder sogar 1248 H\u00f6henmeter, w\u00e4hlen\u00a0Sie unter\u00a0den f\u00fcnf <strong>Mountainbikestrecken<\/strong> im Rosental. Ob auf den Rabenberg, ins B\u00e4rental, \u00fcber den Radsberg, zum Koschutahaus oder zur Klagenfurter H\u00fctte &#8211; Ihrem inneren Schweinehund werden Sie auf allen f\u00fcnf Strecken begegnen! <a href=\"http:\/\/alpregio.outdooractive.com\/ar-rosental\/de\/alpregio.jsp#i=-1782565929614317395&amp;tab=ToursTab\" target=\"_blank\" rel=\"noopener\">Planen Sie hier Ihre Tour<\/a><\/p>\n<h4><span style=\"text-decoration: underline;\">Wassersport:<\/span><\/h4>\n<p>Schwimmen, segeln, surfen, Wasserski, Kanufahren, Rafting,\u00a0oder tauchen, \u00a0bei uns im Rosental bleibt garantiert kein Wunsch offen. In unserem Feriendorf haben wir zwei beheizte Swimmingpools, zahlreiche kleine und herrliche Badeseen finden Sie in unmittelbarer N\u00e4he. Auch nur etwa 20 km bis zum W\u00f6rthersee oder Faaker See.<\/p>\n<h4><span style=\"text-decoration: underline;\">Kultur \/ Brauchtum:<\/span><\/h4>\n<p>In K\u00e4rnten ist immer was los, K\u00e4rnten ist in aller Munde \u2013 vom Beachvolleyball Grand Slam \u00fcber den Ironman, Bodypainting, Starnacht, Spectaculum, Musi Open Air bis zur European Bike Week am Faaker See.<\/p>\n<p>K\u00e4rnten macht so richtig Lust auf Kultur: Steinerne Zeugen wie Ausgrabungen, Burgen und Schl\u00f6sser, Stifte und Kirchen erz\u00e4hlen aus alten Zeiten und ein bunter Strau\u00df von <a href=\"http:\/\/www.kultur.kaernten.at\/?siid=1998&amp;LAid=1&amp;jid=so\" target=\"_blank\" rel=\"noopener\">Festivals<\/a>, <a href=\"http:\/\/www.kultur.kaernten.at\/?siid=1224&amp;LAid=1&amp;jid=so\" target=\"_blank\" rel=\"noopener\">Ausstellungen<\/a>, <a href=\"http:\/\/www.kultur.kaernten.at\/?siid=1693&amp;LAid=1&amp;jid=so\" target=\"_blank\" rel=\"noopener\">Theater<\/a> und <a href=\"http:\/\/www.kultur.kaernten.at\/?siid=1692&amp;LAid=1&amp;jid=so\" target=\"_blank\" rel=\"noopener\">Konzerten<\/a> l\u00e4dt ein zur Kultur-Entdeckungsreise. Dazu die ber\u00fchmte K\u00e4rntner Gastfreundschaft und eine Landschaft ganz im Zeichen des S\u00fcdens \u2013 sch\u00f6ner kann man Kultur nicht genie\u00dfen.<\/p>\n<h4><span style=\"text-decoration: underline;\">Reit-Eldorado K\u00e4rnten:<\/span><\/h4>\n<p><a href=\"https:\/\/www.bauer-hans.de\/ferienhaus-in-kaernten\/wp-content\/uploads\/sites\/7\/2011\/01\/Reiter.jpg\"><img loading=\"lazy\" decoding=\"async\" class=\"alignleft size-medium wp-image-1188\" src=\"https:\/\/www.bauer-hans.de\/ferienhaus-in-kaernten\/wp-content\/uploads\/sites\/7\/2011\/01\/Reiter-300x199.jpg\" alt=\"Ausritt\" width=\"300\" height=\"199\" srcset=\"https:\/\/www.bauer-hans.de\/ferienhaus-in-kaernten\/wp-content\/uploads\/sites\/7\/2011\/01\/Reiter-300x199.jpg 300w, https:\/\/www.bauer-hans.de\/ferienhaus-in-kaernten\/wp-content\/uploads\/sites\/7\/2011\/01\/Reiter.jpg 425w\" sizes=\"auto, (max-width: 300px) 100vw, 300px\" \/><\/a>Die Pferde sind gesattelt &#8211; 1.500 km Reitwege im Herzen von K\u00e4rnten in \u00d6sterreich! Ein wahres Reit Eldorado bereitet gro\u00dfen und kleinen Pferdenarren z\u00fcgelloses Reitvergn\u00fcgen. Das Gebiet zwischen W\u00f6rthersee, Ossiacher See und den \u201eNocky Mountains\u201c ist in K\u00e4rnten &#8211; ein K\u00f6nigreich f\u00fcr ein Pferd. Die galoppierende Sehnsucht nach der Einheit von Mensch und Tier wird Schritt f\u00fcr Schritt erf\u00fclt. Ca. 15 km entfernt der &#8222;<a title=\"Reiterhof\" href=\"http:\/\/www.equinoris.at\" target=\"_blank\" rel=\"noopener\">Wedehof<\/a>&#8220; in Rosegg, oder auch der\u00a0<a title=\"Reitstall Wakonig\" href=\"http:\/\/reitstall-wakonig.jimdo.com\/\" target=\"_blank\" rel=\"noopener\">Reitstall Wakonig <\/a>in Maria Rain, ca. 25 km nach Klagenfurt zur <a title=\"Reitsportanlage\" href=\"http:\/\/reitstaelle-reitschulen.aut.info\/klagenfurt-woelfnitz\/reitsportanlage-knoll\/\" target=\"_blank\" rel=\"noopener\">Reitsportanlage Knoll<\/a>\u00a0und dar\u00fcber hinaus viele andere in unmittelbarer N\u00e4he.<\/p>\n<h4><a href=\"http:\/\/golfland.kaernten.at\/de.aspx\/Golfanlagen\/Index\/30.01.2011\/to\/30.01.2012\/filter\" target=\"_blank\" rel=\"noopener\">Golfen in K\u00e4rnten:<\/a><\/h4>\n<p><a href=\"https:\/\/www.bauer-hans.de\/ferienhaus-in-kaernten\/wp-content\/uploads\/sites\/7\/2011\/01\/Golfodrom_puttingreen.jpg\"><img loading=\"lazy\" decoding=\"async\" class=\"alignleft size-medium wp-image-1190\" src=\"https:\/\/www.bauer-hans.de\/ferienhaus-in-kaernten\/wp-content\/uploads\/sites\/7\/2011\/01\/Golfodrom_puttingreen-300x200.jpg\" alt=\"Golf\" width=\"300\" height=\"200\" srcset=\"https:\/\/www.bauer-hans.de\/ferienhaus-in-kaernten\/wp-content\/uploads\/sites\/7\/2011\/01\/Golfodrom_puttingreen-300x200.jpg 300w, https:\/\/www.bauer-hans.de\/ferienhaus-in-kaernten\/wp-content\/uploads\/sites\/7\/2011\/01\/Golfodrom_puttingreen.jpg 1000w\" sizes=\"auto, (max-width: 300px) 100vw, 300px\" \/><\/a><a href=\"http:\/\/www.woerthersee.com\/de.aspx\/Articles\/View\/384?utm_source=redirect&amp;utm_medium=redirectlink&amp;utm_campaign=Golf\" target=\"_blank\" rel=\"noopener\"><strong>W\u00f6rthersee<\/strong>:<\/a> Gepaart mit 4 Top-Golfanlagen, darunter 3 der \u201eLeading Golf Courses of Austria\u201c, ergibt das einen perfekten Urlaub, nicht nur f\u00fcr Golfer.<br \/>\nEin beinahe mediterranes Klima sorgt f\u00fcr optimale Golfbedingungen von April bis Ende Oktober.Wer dann noch nicht ausgespielt hat, kann sein Gl\u00fcck auch noch im bekannten Casino am W\u00f6rthersee erproben oder den Tag kulinarisch zwischen Haubenrestaurant und K\u00e4rntner Brettljause, relaxed am beheizten Seebad oder in der Seesauna ausklingen lassen.<\/p>\n<p>Die <strong><a href=\"http:\/\/www.golf-finkenstein.at\/\" target=\"_blank\" rel=\"noopener\">Golfanlage Schloss Finkenstein<\/a><\/strong> ist eine Oase der Erholung vor den Toren der Stadt. Erleben Sie die urspr\u00fcngliche Natur und genie\u00dfen Sie die totale Ruhe. Und das nur wenige Auto-Minuten von der Villacher Innenstadt entfernt.<\/p>\n<p>Es erwartet Sie unser 18-Loch-Panoramaplatz sowie gro\u00dfz\u00fcgige \u00dcbungsbereiche f\u00fcr Anf\u00e4nger und Spitzengolfer. Die idyllische Lage mit dem traumhaften Blick auf die Karawanken macht diesen Platz so besonders reizvoll. Schloss Finkenstein besticht au\u00dferdem durch wundersch\u00f6ne Teichlandschaften und einen offenen, einladenden Platzcharakter, geringe H\u00f6henunterschiede, gro\u00dfz\u00fcgig angelegte Fairways und perfekte Gr\u00fcns.<\/p>\n<p>Nur wenige Autominuten von der Klagenfurter City entfernt, liegt der <strong><a href=\"http:\/\/www.golf-seltenheim.at\/\" target=\"_blank\" rel=\"noopener\">Leading Golf Course Klagenfurt-Seltenheim<\/a><\/strong>, eingebettet in die reizvolle Landschaft. Der Platz wurde vom renomierten Golfplatzarchitekten Perry O. Dye designed und kombiniert perfekt die Eigenheiten eines schottischen Linkskurses mit Fairways und exzellenten Gr\u00fcns.<\/p>\n<h4><span style=\"text-decoration: underline;\">Ein Paradis f\u00fcr Outdoorfreunde:<\/span><\/h4>\n<p><strong>Genug vom Grau des Alltags? Lust auf Leben und Abenteuer? Berge, Seen &#8211; welch eine Pracht!<\/strong> <strong>K\u00e4rntens Bewegungsraum: ein einzigartiges Outdoor-Fitnesscenter!<\/strong><\/p>\n<p>Ob beim Trekking, Canyoning, Klettern, Mountainbiken, Wanderreiten, Raften, Kajak-Fahren, Paragleiten, Bungy Jumping, Drachenfliegen, River Tubing, Hydrospeed, Tauchen und vielem mehr. Natur f\u00fchlen und Abenteuertage erleben im S\u00fcden \u00d6sterreichs\u2013 f\u00fcr jeden Geschmack und jede Fitness.<\/p>\n<p>Ein Meer von Seen zu F\u00fc\u00dfen geschwungener Kuppen und hoher Gipfel, die Zwischenr\u00e4ume aufgef\u00fcllt mit b\u00e4uerlicher Kulturlandschaft, die vor Gesundheit, Geschichte, Gen\u00fcssen und Gelegenheiten nur so strotzt: Das ist K\u00e4rnten, der gr\u00f6\u00dfte Funpark der Welt.<\/p>\n<p>Manchmal wirkt es, als h\u00e4tte die Natur K\u00e4rnten nur zum Spa\u00df geformt: als Erlebniswelt f\u00fcr Bewegungshungrige, als gro\u00dfen Spielplatz f\u00fcr erholungsuchende Genie\u00dfer ebenso wie f\u00fcr risikoverliebte Adrenalinjunkies, als gr\u00fcne B\u00fchne f\u00fcr alle Freizeitvergn\u00fcgungen dieser Welt, eingebettet zwischen Wirklichkeit gewordenen B\u00fchnenbild-Bergen und Bilderbuch-Seen.<\/p>\n<h4><span style=\"text-decoration: underline;\">Fischen in unmittelbarer N\u00e4he:<\/span><\/h4>\n<p><a href=\"https:\/\/www.bauer-hans.de\/ferienhaus-in-kaernten\/wp-content\/uploads\/sites\/7\/2011\/01\/fischer.jpg\"><img loading=\"lazy\" decoding=\"async\" class=\"alignleft size-medium wp-image-1206\" src=\"https:\/\/www.bauer-hans.de\/ferienhaus-in-kaernten\/wp-content\/uploads\/sites\/7\/2011\/01\/fischer-300x225.jpg\" alt=\"Fischen an der Drau\" width=\"300\" height=\"225\" srcset=\"https:\/\/www.bauer-hans.de\/ferienhaus-in-kaernten\/wp-content\/uploads\/sites\/7\/2011\/01\/fischer-300x225.jpg 300w, https:\/\/www.bauer-hans.de\/ferienhaus-in-kaernten\/wp-content\/uploads\/sites\/7\/2011\/01\/fischer.jpg 500w\" sizes=\"auto, (max-width: 300px) 100vw, 300px\" \/><\/a>Die Drau fliest direkt an unserem Feriendorf vorbei, bzw. wird hier gestaut.<\/p>\n<p>So haben Sie nur etwa 200-300 m bis zu einem sch\u00f6nen Pl\u00e4tzchen, an dem Sie v\u00f6llig ungest\u00f6rt Ihren Angelhacken auswerfen k\u00f6nnen.<\/p>\n<p>&nbsp;<\/p>\n<p>&nbsp;<\/p>\n<p>&nbsp;<\/p>\n","protected":false},"excerpt":{"rendered":"<p>Veranstaltungskalender Carnica Rosental\u00a0 |\u00a0 Veranstaltungskalender Region Villach Veranstaltungskalender Region Klagenfurt Planen Sie hier Ihre wander- walking-Radl uvm. Tour Wanderurlaub: Als Lauffreund werden Sie K\u00e4rnten lieben. Aber auch Nordic Walker kommen in K\u00e4rnten voll auf ihre Kosten. Profis und Neugierige zieht es auf die Nordic Walking WM-Strecke in St. Michael ob Bleiburg. Am &#8222;Nordic Hill&#8220; gilt &hellip; <\/p>\n<p class=\"link-more\"><a href=\"https:\/\/www.bauer-hans.de\/ferienhaus-in-kaernten\/freizeitangebote\/\" class=\"more-link\"><span class=\"screen-reader-text\">\u201eFreizeitangebote\u201c <\/span>weiterlesen<\/a><\/p>\n","protected":false},"author":2,"featured_media":0,"parent":0,"menu_order":0,"comment_status":"closed","ping_status":"closed","template":"","meta":{"_acf_changed":false,"footnotes":""},"class_list":["post-794","page","type-page","status-publish","hentry"],"acf":[],"yoast_head":"<!-- This site is optimized with the Yoast SEO plugin v27.4 - https:\/\/yoast.com\/product\/yoast-seo-wordpress\/ -->\n<title>Freizeitangebote - Ferienhaus in \u00d6sterreich \/ K\u00e4rnten direkt am See im Feriendorf mit zwei Pools<\/title>\n<meta name=\"robots\" content=\"index, follow, max-snippet:-1, max-image-preview:large, max-video-preview:-1\" \/>\n<link rel=\"canonical\" href=\"https:\/\/www.bauer-hans.de\/ferienhaus-in-kaernten\/freizeitangebote\/\" \/>\n<meta name=\"twitter:label1\" content=\"Gesch\u00e4tzte Lesezeit\" \/>\n\t<meta name=\"twitter:data1\" content=\"5\u00a0Minuten\" \/>\n<script type=\"application\/ld+json\" class=\"yoast-schema-graph\">{\"@context\":\"https:\\\/\\\/schema.org\",\"@graph\":[{\"@type\":\"WebPage\",\"@id\":\"https:\\\/\\\/www.bauer-hans.de\\\/ferienhaus-in-kaernten\\\/freizeitangebote\\\/\",\"url\":\"https:\\\/\\\/www.bauer-hans.de\\\/ferienhaus-in-kaernten\\\/freizeitangebote\\\/\",\"name\":\"Freizeitangebote - Ferienhaus in \u00d6sterreich \\\/ K\u00e4rnten direkt am See im Feriendorf mit zwei Pools\",\"isPartOf\":{\"@id\":\"https:\\\/\\\/www.bauer-hans.de\\\/ferienhaus-in-kaernten\\\/#website\"},\"primaryImageOfPage\":{\"@id\":\"https:\\\/\\\/www.bauer-hans.de\\\/ferienhaus-in-kaernten\\\/freizeitangebote\\\/#primaryimage\"},\"image\":{\"@id\":\"https:\\\/\\\/www.bauer-hans.de\\\/ferienhaus-in-kaernten\\\/freizeitangebote\\\/#primaryimage\"},\"thumbnailUrl\":\"https:\\\/\\\/www.bauer-hans.de\\\/ferienhaus-in-kaernten\\\/wp-content\\\/uploads\\\/sites\\\/7\\\/2011\\\/01\\\/wandern-300x225.jpg\",\"datePublished\":\"2011-01-30T16:02:32+00:00\",\"dateModified\":\"2017-11-25T17:35:08+00:00\",\"breadcrumb\":{\"@id\":\"https:\\\/\\\/www.bauer-hans.de\\\/ferienhaus-in-kaernten\\\/freizeitangebote\\\/#breadcrumb\"},\"inLanguage\":\"de\",\"potentialAction\":[{\"@type\":\"ReadAction\",\"target\":[\"https:\\\/\\\/www.bauer-hans.de\\\/ferienhaus-in-kaernten\\\/freizeitangebote\\\/\"]}]},{\"@type\":\"ImageObject\",\"inLanguage\":\"de\",\"@id\":\"https:\\\/\\\/www.bauer-hans.de\\\/ferienhaus-in-kaernten\\\/freizeitangebote\\\/#primaryimage\",\"url\":\"https:\\\/\\\/www.bauer-hans.de\\\/ferienhaus-in-kaernten\\\/wp-content\\\/uploads\\\/sites\\\/7\\\/2011\\\/01\\\/wandern.jpg\",\"contentUrl\":\"https:\\\/\\\/www.bauer-hans.de\\\/ferienhaus-in-kaernten\\\/wp-content\\\/uploads\\\/sites\\\/7\\\/2011\\\/01\\\/wandern.jpg\",\"width\":750,\"height\":563},{\"@type\":\"BreadcrumbList\",\"@id\":\"https:\\\/\\\/www.bauer-hans.de\\\/ferienhaus-in-kaernten\\\/freizeitangebote\\\/#breadcrumb\",\"itemListElement\":[{\"@type\":\"ListItem\",\"position\":1,\"name\":\"Startseite\",\"item\":\"https:\\\/\\\/www.bauer-hans.de\\\/ferienhaus-in-kaernten\\\/\"},{\"@type\":\"ListItem\",\"position\":2,\"name\":\"Freizeitangebote\"}]},{\"@type\":\"WebSite\",\"@id\":\"https:\\\/\\\/www.bauer-hans.de\\\/ferienhaus-in-kaernten\\\/#website\",\"url\":\"https:\\\/\\\/www.bauer-hans.de\\\/ferienhaus-in-kaernten\\\/\",\"name\":\"Ferienhaus in \u00d6sterreich \\\/ K\u00e4rnten direkt am See im Feriendorf mit zwei Pools\",\"description\":\"Ihr Traumurlaub in K\u00e4rnten N\u00e4he W\u00f6rthersee \\\/ Faaker See \u2013 unmittelbar vor den Karawanken\",\"publisher\":{\"@id\":\"https:\\\/\\\/www.bauer-hans.de\\\/ferienhaus-in-kaernten\\\/#organization\"},\"potentialAction\":[{\"@type\":\"SearchAction\",\"target\":{\"@type\":\"EntryPoint\",\"urlTemplate\":\"https:\\\/\\\/www.bauer-hans.de\\\/ferienhaus-in-kaernten\\\/?s={search_term_string}\"},\"query-input\":{\"@type\":\"PropertyValueSpecification\",\"valueRequired\":true,\"valueName\":\"search_term_string\"}}],\"inLanguage\":\"de\"},{\"@type\":\"Organization\",\"@id\":\"https:\\\/\\\/www.bauer-hans.de\\\/ferienhaus-in-kaernten\\\/#organization\",\"name\":\"Ferienhaus in \u00d6sterreich \\\/ K\u00e4rnten direkt am See im Feriendorf mit zwei Pools\",\"url\":\"https:\\\/\\\/www.bauer-hans.de\\\/ferienhaus-in-kaernten\\\/\",\"logo\":{\"@type\":\"ImageObject\",\"inLanguage\":\"de\",\"@id\":\"https:\\\/\\\/www.bauer-hans.de\\\/ferienhaus-in-kaernten\\\/#\\\/schema\\\/logo\\\/image\\\/\",\"url\":\"https:\\\/\\\/www.bauer-hans.de\\\/ferienhaus-in-kaernten\\\/wp-content\\\/uploads\\\/sites\\\/7\\\/2018\\\/05\\\/cropped-logo-4-Sterne.jpg\",\"contentUrl\":\"https:\\\/\\\/www.bauer-hans.de\\\/ferienhaus-in-kaernten\\\/wp-content\\\/uploads\\\/sites\\\/7\\\/2018\\\/05\\\/cropped-logo-4-Sterne.jpg\",\"width\":249,\"height\":250,\"caption\":\"Ferienhaus in \u00d6sterreich \\\/ K\u00e4rnten direkt am See im Feriendorf mit zwei Pools\"},\"image\":{\"@id\":\"https:\\\/\\\/www.bauer-hans.de\\\/ferienhaus-in-kaernten\\\/#\\\/schema\\\/logo\\\/image\\\/\"}}]}<\/script>\n<!-- \/ Yoast SEO plugin. -->","yoast_head_json":{"title":"Freizeitangebote - Ferienhaus in \u00d6sterreich \/ K\u00e4rnten direkt am See im Feriendorf mit zwei Pools","robots":{"index":"index","follow":"follow","max-snippet":"max-snippet:-1","max-image-preview":"max-image-preview:large","max-video-preview":"max-video-preview:-1"},"canonical":"https:\/\/www.bauer-hans.de\/ferienhaus-in-kaernten\/freizeitangebote\/","twitter_misc":{"Gesch\u00e4tzte Lesezeit":"5\u00a0Minuten"},"schema":{"@context":"https:\/\/schema.org","@graph":[{"@type":"WebPage","@id":"https:\/\/www.bauer-hans.de\/ferienhaus-in-kaernten\/freizeitangebote\/","url":"https:\/\/www.bauer-hans.de\/ferienhaus-in-kaernten\/freizeitangebote\/","name":"Freizeitangebote - Ferienhaus in \u00d6sterreich \/ K\u00e4rnten direkt am See im Feriendorf mit zwei Pools","isPartOf":{"@id":"https:\/\/www.bauer-hans.de\/ferienhaus-in-kaernten\/#website"},"primaryImageOfPage":{"@id":"https:\/\/www.bauer-hans.de\/ferienhaus-in-kaernten\/freizeitangebote\/#primaryimage"},"image":{"@id":"https:\/\/www.bauer-hans.de\/ferienhaus-in-kaernten\/freizeitangebote\/#primaryimage"},"thumbnailUrl":"https:\/\/www.bauer-hans.de\/ferienhaus-in-kaernten\/wp-content\/uploads\/sites\/7\/2011\/01\/wandern-300x225.jpg","datePublished":"2011-01-30T16:02:32+00:00","dateModified":"2017-11-25T17:35:08+00:00","breadcrumb":{"@id":"https:\/\/www.bauer-hans.de\/ferienhaus-in-kaernten\/freizeitangebote\/#breadcrumb"},"inLanguage":"de","potentialAction":[{"@type":"ReadAction","target":["https:\/\/www.bauer-hans.de\/ferienhaus-in-kaernten\/freizeitangebote\/"]}]},{"@type":"ImageObject","inLanguage":"de","@id":"https:\/\/www.bauer-hans.de\/ferienhaus-in-kaernten\/freizeitangebote\/#primaryimage","url":"https:\/\/www.bauer-hans.de\/ferienhaus-in-kaernten\/wp-content\/uploads\/sites\/7\/2011\/01\/wandern.jpg","contentUrl":"https:\/\/www.bauer-hans.de\/ferienhaus-in-kaernten\/wp-content\/uploads\/sites\/7\/2011\/01\/wandern.jpg","width":750,"height":563},{"@type":"BreadcrumbList","@id":"https:\/\/www.bauer-hans.de\/ferienhaus-in-kaernten\/freizeitangebote\/#breadcrumb","itemListElement":[{"@type":"ListItem","position":1,"name":"Startseite","item":"https:\/\/www.bauer-hans.de\/ferienhaus-in-kaernten\/"},{"@type":"ListItem","position":2,"name":"Freizeitangebote"}]},{"@type":"WebSite","@id":"https:\/\/www.bauer-hans.de\/ferienhaus-in-kaernten\/#website","url":"https:\/\/www.bauer-hans.de\/ferienhaus-in-kaernten\/","name":"Ferienhaus in \u00d6sterreich \/ K\u00e4rnten direkt am See im Feriendorf mit zwei Pools","description":"Ihr Traumurlaub in K\u00e4rnten N\u00e4he W\u00f6rthersee \/ Faaker See \u2013 unmittelbar vor den Karawanken","publisher":{"@id":"https:\/\/www.bauer-hans.de\/ferienhaus-in-kaernten\/#organization"},"potentialAction":[{"@type":"SearchAction","target":{"@type":"EntryPoint","urlTemplate":"https:\/\/www.bauer-hans.de\/ferienhaus-in-kaernten\/?s={search_term_string}"},"query-input":{"@type":"PropertyValueSpecification","valueRequired":true,"valueName":"search_term_string"}}],"inLanguage":"de"},{"@type":"Organization","@id":"https:\/\/www.bauer-hans.de\/ferienhaus-in-kaernten\/#organization","name":"Ferienhaus in \u00d6sterreich \/ K\u00e4rnten direkt am See im Feriendorf mit zwei Pools","url":"https:\/\/www.bauer-hans.de\/ferienhaus-in-kaernten\/","logo":{"@type":"ImageObject","inLanguage":"de","@id":"https:\/\/www.bauer-hans.de\/ferienhaus-in-kaernten\/#\/schema\/logo\/image\/","url":"https:\/\/www.bauer-hans.de\/ferienhaus-in-kaernten\/wp-content\/uploads\/sites\/7\/2018\/05\/cropped-logo-4-Sterne.jpg","contentUrl":"https:\/\/www.bauer-hans.de\/ferienhaus-in-kaernten\/wp-content\/uploads\/sites\/7\/2018\/05\/cropped-logo-4-Sterne.jpg","width":249,"height":250,"caption":"Ferienhaus in \u00d6sterreich \/ K\u00e4rnten direkt am See im Feriendorf mit zwei Pools"},"image":{"@id":"https:\/\/www.bauer-hans.de\/ferienhaus-in-kaernten\/#\/schema\/logo\/image\/"}}]}},"_links":{"self":[{"href":"https:\/\/www.bauer-hans.de\/ferienhaus-in-kaernten\/wp-json\/wp\/v2\/pages\/794","targetHints":{"allow":["GET"]}}],"collection":[{"href":"https:\/\/www.bauer-hans.de\/ferienhaus-in-kaernten\/wp-json\/wp\/v2\/pages"}],"about":[{"href":"https:\/\/www.bauer-hans.de\/ferienhaus-in-kaernten\/wp-json\/wp\/v2\/types\/page"}],"author":[{"embeddable":true,"href":"https:\/\/www.bauer-hans.de\/ferienhaus-in-kaernten\/wp-json\/wp\/v2\/users\/2"}],"replies":[{"embeddable":true,"href":"https:\/\/www.bauer-hans.de\/ferienhaus-in-kaernten\/wp-json\/wp\/v2\/comments?post=794"}],"version-history":[{"count":10,"href":"https:\/\/www.bauer-hans.de\/ferienhaus-in-kaernten\/wp-json\/wp\/v2\/pages\/794\/revisions"}],"predecessor-version":[{"id":2049,"href":"https:\/\/www.bauer-hans.de\/ferienhaus-in-kaernten\/wp-json\/wp\/v2\/pages\/794\/revisions\/2049"}],"wp:attachment":[{"href":"https:\/\/www.bauer-hans.de\/ferienhaus-in-kaernten\/wp-json\/wp\/v2\/media?parent=794"}],"curies":[{"name":"wp","href":"https:\/\/api.w.org\/{rel}","templated":true}]}}