{"id":69,"date":"2010-10-31T18:23:39","date_gmt":"2010-10-31T18:23:39","guid":{"rendered":"http:\/\/www.ferienwohnung-im-baederdreieck.de\/"},"modified":"2018-02-22T15:26:16","modified_gmt":"2018-02-22T13:26:16","slug":"links","status":"publish","type":"page","link":"https:\/\/www.bauer-hans.de\/ferienwohnung-im-baederdreieck\/links\/","title":{"rendered":"Links"},"content":{"rendered":"<p><a title=\"Jahres-Reiseversicherung \" href=\"https:\/\/www.covomo.de\/vergleich\/?a=4914904079&amp;direction=2&amp;age=40&amp;value=500&amp;purpose=3&amp;contract_type=1&amp;product_subtypes=6\" target=\"_blank\" rel=\"noopener\"><img loading=\"lazy\" decoding=\"async\" src=\"https:\/\/www.covomo.de\/media\/images\/branding\/covomo-logo.png\" alt=\"Jahres-Reiseversicherung \" width=\"287\" height=\"55\" border=\"0\" \/><\/a><br \/>\n<span style=\"text-decoration: underline;\"><strong><span style=\"color: #008000;\">nachfolgend Links bez\u00fcglich Urlaub:<\/span><\/strong><\/span><\/p>\n<p><a href=\"http:\/\/www.holiday-home.com\/\" target=\"_blank\" rel=\"noopener\">FeWo online mieten<\/a><\/p>\n<p><a href=\"http:\/\/www.roompot.de\/ferienwohnungen\/ferienwohnungen..html\" target=\"_blank\" rel=\"noopener\">Ferienwohnung suche<\/a><\/p>\n<p><a href=\"http:\/\/www.urlaub-anbieter.com\/Fewo-Bauer.htm\" target=\"_blank\" rel=\"noopener\">http:\/\/www.urlaub-anbieter.com\/Fewo-Bauer.htm<\/a><\/p>\n<p><a href=\"http:\/\/www.ferienhausmiete.de\/4151.htm&quot;&gt;Ferienwohnung \/ B\u00e4derdreieck \u00a0in Bayerbach\" target=\"_blank\" rel=\"noopener\">http:\/\/www.ferienhausmiete.de\/4151.htm&#8220;&gt;Ferienwohnung \/ B\u00e4derdreieck \u00a0in Bayerbach<\/a><\/p>\n<p><a title=\"Ferienwohnung Bayerbach Niederbayern Bayern Deutschland\" href=\"http:\/\/www.ferien-miete.de\/Ferienwohnung-Bayerbach-Deutschland-d43066.html\" target=\"_blank\" rel=\"noopener\">Ferienwohnung Bayerbach<\/a><br \/>\n<a href=\"http:\/\/www.ferienhausmarkt.com\/region\/bayern\/\" target=\"_blank\" rel=\"noopener\">Ferienwohnung Bayern von privat<\/a><br \/>\nund <a href=\"http:\/\/ostsee-strandurlaub.net\/\" target=\"_blank\" rel=\"noopener\">Ferienwohnung Ostsee<\/a> g\u00fcnstig finden<br \/>\n<!--ENDE Linkcode --><br \/>\n<a href=\"http:\/\/www.online-gewinnspiel.net\/reisegewinnspiele\" target=\"_blank\" rel=\"noopener\">Reise Gewinnspiel<\/a><\/p>\n<p><a href=\"http:\/\/www.online-gewinnspiel.net\/reisegewinnspiele\" target=\"_blank\" rel=\"noopener\">Ferienhaus<\/a><br \/>\nund <a href=\"http:\/\/www.romantik-50plus.de\" target=\"_blank\" rel=\"noopener\">Partnerb\u00f6rse<\/a><\/p>\n<p><!--ENDE Ferienhausmarkt Code --><a href=\"http:\/\/www.ferienwohnung-in-kaernten.de\/\" target=\"_blank\" rel=\"noopener\">herrliche Ferienappartements in K\u00e4rnten<\/a><br \/>\n<a title=\"Unterk\u00fcnfte HelloTourist.net - Hotel, Apartment\" href=\"http:\/\/HelloTourist.net\">HelloTourist.net<\/a><\/p>\n<p><a title=\"Bayern Ferienwohnungen\" href=\"http:\/\/www.domegos.de\/Ferienhaus-r927-Bayern-Ferienwohnungen\" target=\"_blank\" rel=\"noopener\">Bayern Ferienwohnungen<\/a><\/p>\n<p><a href=\"http:\/\/www.deutschland-infos.com\/freizeit-bayern.htm\" target=\"_blank\" rel=\"noopener\">Ferien Bayern<\/a><\/p>\n<p><a href=\"http:\/\/www.kleinkredit24.eu\/\" target=\"_blank\" rel=\"noopener\">Kleinkredit (f\u00fcr Ihren Urlaub)<\/a><\/p>\n<p><a href=\"http:\/\/www.ferienhaus-in-kaernten.de\/\" target=\"_blank\" rel=\"noopener\">wenn Sie in K\u00e4rnten Urlaub machen m\u00f6chten<\/a><\/p>\n<p><a href=\"http:\/\/www.ferienwohnung-in-oberbayern.de\/\" target=\"_blank\" rel=\"noopener\">Ferienwohnung in Oberbayern<\/a><\/p>\n<p><a href=\"http:\/\/www.fewo-anbieter.com\/fewo-baederdreieck.htm\" target=\"_blank\" rel=\"noopener\">4-Sterne Wochnung im B\u00e4derdreieck<\/a><\/p>\n<p><a title=\"www.ferienhaus-urlaube.de\" href=\"http:\/\/www.ferienhaus-urlaube.de\" target=\"_blank\" rel=\"noopener\">www.ferienhaus-urlaube.de<\/a><\/p>\n<p><span style=\"color: #000000; font-family: Calibri; font-size: medium;\"><a href=\"https:\/\/www.tourist-online.de\/\" target=\"_blank\" rel=\"noopener\">tourist-online<\/a><\/span><\/p>\n<p><a title=\"Kostenlose Werbung Link eintragen Werbung kostenlos\" href=\"http:\/\/www.links-kostenlos.de\/\" target=\"_blank\" rel=\"noopener\">Link eintragen<\/a><\/p>\n<p><a href=\"http:\/\/www.ferienwohnung-deutschland.info\/\" target=\"_blank\" rel=\"noopener\">www.Ferienwohnung-Deutschland.Info <\/a><\/p>\n<p><a href=\"http:\/\/www.ferienwohnland.de\/\" target=\"_blank\" rel=\"noopener\">Ferienwohnungen &amp; Ferienh\u00e4user<\/a> in Deutschland bei Ferienwohnland.de<\/p>\n<div><a href=\"http:\/\/www.super-urlaub.de\" target=\"_blank\" rel=\"noopener\">Ferienwohnungen &amp; Ferienh\u00e4user<\/a> weltweit im Unterkunftsverzeichnis Super-Urlaub.de<\/div>\n<div><a href=\"http:\/\/www.Deutschlandferienhaus.de\" target=\"_blank\" rel=\"noopener\">Deutschlandferienhaus.de<\/a><\/div>\n<div><a href=\"http:\/\/www.ferienwohnung-kostenlos-eintragen.de\" target=\"_blank\" rel=\"noopener\">ferienwohnung-kostenlos-eintragen.de<\/a><\/div>\n<p><!-- Traumunterkunft - Partnerprogramm --><a title=\"Branchenbuch Rottal-Inn\" href=\"http:\/\/www.branchenport.de\" target=\"_blank\" rel=\"noopener\">Branchenbuch<\/a> &amp; <a title=\"Ferienh\u00e4user Rottal-Inn\" href=\"http:\/\/www.traumunterkunft.com\/rottal-inn.html\" target=\"_blank\" rel=\"noopener\">Ferienh\u00e4user<\/a> in Rottal-Inn &#8211; Traumunterkunft<br \/>\n<!-- Traumunterkunft - Partnerprogramm --><\/p>\n<p><a title=\"Bayern Ferienwohnungen\" href=\"http:\/\/www.domegos.de\/Ferienhaus-r927-Bayern-Ferienwohnungen\">Bayern Ferienwohnungen<\/a><br \/>\n<a href=\"http:\/\/www.links-reisen.de\" target=\"_blank\" rel=\"noopener\">Reiselinks<\/a><br \/>\n<a href=\"http:\/\/www.wetest.de\/\" rel=\"nofollow\"><img decoding=\"async\" src=\"http:\/\/www.wetest.de\/pics\/spamfree.gif\" alt=\"spamfree\" border=\"0\" \/><\/a><\/p>\n<p><span style=\"color: #008000;\">\u00a0nachfolgend Links bez\u00fcglich Versicherungen \/ Finanzen u.a.:<\/span><\/p>\n<p><a href=\"http:\/\/vfm-ll.de\/\" target=\"_blank\" rel=\"noopener\">unabh\u00e4ngiger Versicherungsmakler<\/a> | <a href=\"http:\/\/www.vfm-immo.de\/\" target=\"_blank\" rel=\"noopener\">Immobilienmakler<\/a>\u00a0| <a href=\"http:\/\/www.zahnersatz-versicherung.net\/\" target=\"_blank\" rel=\"noopener\">Zahnersatzversicherung <\/a>| <a href=\"http:\/\/www.anschaffungsdarlehen.net\/\" target=\"_blank\" rel=\"noopener\">Kleinkredit <\/a>| <a href=\"http:\/\/www.girokonto24.com\/\" target=\"_blank\" rel=\"noopener\">das optimale Girokonto<\/a> | <a href=\"http:\/\/www.beste-zinsen.eu\/\" target=\"_blank\" rel=\"noopener\">beste Zinsen f\u00fcr Ihr Geld<\/a> | <a href=\"http:\/\/www.pflege-versicherung24.eu\/\" target=\"_blank\" rel=\"noopener\">Pflegeversicherung <\/a>| <a href=\"http:\/\/www.auslandsreise-krankenversicherung.net\/\" target=\"_blank\" rel=\"noopener\">Reiseversicherungen<\/a>\u00a0|\u00a0<a href=\"http:\/\/www.therapeutensuche.eu\/\" target=\"_blank\" rel=\"noopener\">http:\/\/www.therapeutensuche.eu\/\u00a0|<\/a> <a href=\"http:\/\/www.yachtcharter-sukosan.de\" target=\"_blank\" rel=\"noopener\">Yachtcharter Sukosan<\/a><\/p>\n<p>Wir haben auf unserer Homepage Links zu anderen Seiten gesetzt. F\u00fcr all diese Links gilt: \u201cWir m\u00f6chten ausdr\u00fccklich betonen, dass wir keinerlei Einflu\u00df auf die Gestaltung und die Inhalte der hier verlinkten Seiten haben. Deshalb distanzieren wir uns hiermit ausdr\u00fccklich von allen Inhalten aller verlinkten Seiten auf dieser gesamten Website inkl. alle Unterseiten. Diese Erkl\u00e4rung gilt f\u00fcr alle auf unserer Homepage ausgebrachten Links und f\u00fcr alle Inhalte der Seiten, zu denen Links oder Banner f\u00fchren.\u201d<\/p>\n<p>&nbsp;<\/p>\n","protected":false},"excerpt":{"rendered":"<p>nachfolgend Links bez\u00fcglich Urlaub: FeWo online mieten Ferienwohnung suche http:\/\/www.urlaub-anbieter.com\/Fewo-Bauer.htm http:\/\/www.ferienhausmiete.de\/4151.htm&#8220;&gt;Ferienwohnung \/ B\u00e4derdreieck \u00a0in Bayerbach Ferienwohnung Bayerbach Ferienwohnung Bayern von privat und Ferienwohnung Ostsee g\u00fcnstig finden Reise Gewinnspiel Ferienhaus und Partnerb\u00f6rse herrliche Ferienappartements in K\u00e4rnten HelloTourist.net Bayern Ferienwohnungen Ferien Bayern Kleinkredit (f\u00fcr Ihren Urlaub) wenn Sie in K\u00e4rnten Urlaub machen m\u00f6chten Ferienwohnung in Oberbayern 4-Sterne &hellip; <\/p>\n<p class=\"link-more\"><a href=\"https:\/\/www.bauer-hans.de\/ferienwohnung-im-baederdreieck\/links\/\" class=\"more-link\"><span class=\"screen-reader-text\">\u201eLinks\u201c <\/span>weiterlesen<\/a><\/p>\n","protected":false},"author":2,"featured_media":0,"parent":0,"menu_order":0,"comment_status":"closed","ping_status":"closed","template":"","meta":{"_acf_changed":false,"footnotes":""},"class_list":["post-69","page","type-page","status-publish","hentry"],"acf":[],"yoast_head":"<!-- This site is optimized with the Yoast SEO plugin v27.5 - https:\/\/yoast.com\/product\/yoast-seo-wordpress\/ -->\n<title>Links - Ferienwohnung B\u00e4derdreieck Niederbayern | F\u00fcssing | Birnbach | Griesbach |<\/title>\n<meta name=\"robots\" content=\"index, follow, max-snippet:-1, max-image-preview:large, max-video-preview:-1\" \/>\n<link rel=\"canonical\" href=\"https:\/\/www.bauer-hans.de\/ferienwohnung-im-baederdreieck\/links\/\" \/>\n<meta name=\"twitter:label1\" content=\"Gesch\u00e4tzte Lesezeit\" \/>\n\t<meta name=\"twitter:data1\" content=\"1\u00a0Minute\" \/>\n<script type=\"application\/ld+json\" class=\"yoast-schema-graph\">{\"@context\":\"https:\\\/\\\/schema.org\",\"@graph\":[{\"@type\":\"WebPage\",\"@id\":\"https:\\\/\\\/www.bauer-hans.de\\\/ferienwohnung-im-baederdreieck\\\/links\\\/\",\"url\":\"https:\\\/\\\/www.bauer-hans.de\\\/ferienwohnung-im-baederdreieck\\\/links\\\/\",\"name\":\"Links - Ferienwohnung B\u00e4derdreieck Niederbayern | F\u00fcssing | Birnbach | Griesbach |\",\"isPartOf\":{\"@id\":\"https:\\\/\\\/www.bauer-hans.de\\\/ferienwohnung-im-baederdreieck\\\/#website\"},\"primaryImageOfPage\":{\"@id\":\"https:\\\/\\\/www.bauer-hans.de\\\/ferienwohnung-im-baederdreieck\\\/links\\\/#primaryimage\"},\"image\":{\"@id\":\"https:\\\/\\\/www.bauer-hans.de\\\/ferienwohnung-im-baederdreieck\\\/links\\\/#primaryimage\"},\"thumbnailUrl\":\"https:\\\/\\\/www.covomo.de\\\/media\\\/images\\\/branding\\\/covomo-logo.png\",\"datePublished\":\"2010-10-31T18:23:39+00:00\",\"dateModified\":\"2018-02-22T13:26:16+00:00\",\"breadcrumb\":{\"@id\":\"https:\\\/\\\/www.bauer-hans.de\\\/ferienwohnung-im-baederdreieck\\\/links\\\/#breadcrumb\"},\"inLanguage\":\"de\",\"potentialAction\":[{\"@type\":\"ReadAction\",\"target\":[\"https:\\\/\\\/www.bauer-hans.de\\\/ferienwohnung-im-baederdreieck\\\/links\\\/\"]}]},{\"@type\":\"ImageObject\",\"inLanguage\":\"de\",\"@id\":\"https:\\\/\\\/www.bauer-hans.de\\\/ferienwohnung-im-baederdreieck\\\/links\\\/#primaryimage\",\"url\":\"https:\\\/\\\/www.covomo.de\\\/media\\\/images\\\/branding\\\/covomo-logo.png\",\"contentUrl\":\"https:\\\/\\\/www.covomo.de\\\/media\\\/images\\\/branding\\\/covomo-logo.png\"},{\"@type\":\"BreadcrumbList\",\"@id\":\"https:\\\/\\\/www.bauer-hans.de\\\/ferienwohnung-im-baederdreieck\\\/links\\\/#breadcrumb\",\"itemListElement\":[{\"@type\":\"ListItem\",\"position\":1,\"name\":\"Startseite\",\"item\":\"https:\\\/\\\/www.bauer-hans.de\\\/ferienwohnung-im-baederdreieck\\\/\"},{\"@type\":\"ListItem\",\"position\":2,\"name\":\"Links\"}]},{\"@type\":\"WebSite\",\"@id\":\"https:\\\/\\\/www.bauer-hans.de\\\/ferienwohnung-im-baederdreieck\\\/#website\",\"url\":\"https:\\\/\\\/www.bauer-hans.de\\\/ferienwohnung-im-baederdreieck\\\/\",\"name\":\"Ferienwohnung B\u00e4derdreieck Niederbayern | F\u00fcssing | Birnbach | Griesbach |\",\"description\":\"Top Fewo, 2 SZ, Winter-Garten N\u00e4he Bad Birnbach, Bad F\u00fcssing, Bad Griesbach\",\"potentialAction\":[{\"@type\":\"SearchAction\",\"target\":{\"@type\":\"EntryPoint\",\"urlTemplate\":\"https:\\\/\\\/www.bauer-hans.de\\\/ferienwohnung-im-baederdreieck\\\/?s={search_term_string}\"},\"query-input\":{\"@type\":\"PropertyValueSpecification\",\"valueRequired\":true,\"valueName\":\"search_term_string\"}}],\"inLanguage\":\"de\"}]}<\/script>\n<!-- \/ Yoast SEO plugin. -->","yoast_head_json":{"title":"Links - Ferienwohnung B\u00e4derdreieck Niederbayern | F\u00fcssing | Birnbach | Griesbach |","robots":{"index":"index","follow":"follow","max-snippet":"max-snippet:-1","max-image-preview":"max-image-preview:large","max-video-preview":"max-video-preview:-1"},"canonical":"https:\/\/www.bauer-hans.de\/ferienwohnung-im-baederdreieck\/links\/","twitter_misc":{"Gesch\u00e4tzte Lesezeit":"1\u00a0Minute"},"schema":{"@context":"https:\/\/schema.org","@graph":[{"@type":"WebPage","@id":"https:\/\/www.bauer-hans.de\/ferienwohnung-im-baederdreieck\/links\/","url":"https:\/\/www.bauer-hans.de\/ferienwohnung-im-baederdreieck\/links\/","name":"Links - Ferienwohnung B\u00e4derdreieck Niederbayern | F\u00fcssing | Birnbach | Griesbach |","isPartOf":{"@id":"https:\/\/www.bauer-hans.de\/ferienwohnung-im-baederdreieck\/#website"},"primaryImageOfPage":{"@id":"https:\/\/www.bauer-hans.de\/ferienwohnung-im-baederdreieck\/links\/#primaryimage"},"image":{"@id":"https:\/\/www.bauer-hans.de\/ferienwohnung-im-baederdreieck\/links\/#primaryimage"},"thumbnailUrl":"https:\/\/www.covomo.de\/media\/images\/branding\/covomo-logo.png","datePublished":"2010-10-31T18:23:39+00:00","dateModified":"2018-02-22T13:26:16+00:00","breadcrumb":{"@id":"https:\/\/www.bauer-hans.de\/ferienwohnung-im-baederdreieck\/links\/#breadcrumb"},"inLanguage":"de","potentialAction":[{"@type":"ReadAction","target":["https:\/\/www.bauer-hans.de\/ferienwohnung-im-baederdreieck\/links\/"]}]},{"@type":"ImageObject","inLanguage":"de","@id":"https:\/\/www.bauer-hans.de\/ferienwohnung-im-baederdreieck\/links\/#primaryimage","url":"https:\/\/www.covomo.de\/media\/images\/branding\/covomo-logo.png","contentUrl":"https:\/\/www.covomo.de\/media\/images\/branding\/covomo-logo.png"},{"@type":"BreadcrumbList","@id":"https:\/\/www.bauer-hans.de\/ferienwohnung-im-baederdreieck\/links\/#breadcrumb","itemListElement":[{"@type":"ListItem","position":1,"name":"Startseite","item":"https:\/\/www.bauer-hans.de\/ferienwohnung-im-baederdreieck\/"},{"@type":"ListItem","position":2,"name":"Links"}]},{"@type":"WebSite","@id":"https:\/\/www.bauer-hans.de\/ferienwohnung-im-baederdreieck\/#website","url":"https:\/\/www.bauer-hans.de\/ferienwohnung-im-baederdreieck\/","name":"Ferienwohnung B\u00e4derdreieck Niederbayern | F\u00fcssing | Birnbach | Griesbach |","description":"Top Fewo, 2 SZ, Winter-Garten N\u00e4he Bad Birnbach, Bad F\u00fcssing, Bad Griesbach","potentialAction":[{"@type":"SearchAction","target":{"@type":"EntryPoint","urlTemplate":"https:\/\/www.bauer-hans.de\/ferienwohnung-im-baederdreieck\/?s={search_term_string}"},"query-input":{"@type":"PropertyValueSpecification","valueRequired":true,"valueName":"search_term_string"}}],"inLanguage":"de"}]}},"_links":{"self":[{"href":"https:\/\/www.bauer-hans.de\/ferienwohnung-im-baederdreieck\/wp-json\/wp\/v2\/pages\/69","targetHints":{"allow":["GET"]}}],"collection":[{"href":"https:\/\/www.bauer-hans.de\/ferienwohnung-im-baederdreieck\/wp-json\/wp\/v2\/pages"}],"about":[{"href":"https:\/\/www.bauer-hans.de\/ferienwohnung-im-baederdreieck\/wp-json\/wp\/v2\/types\/page"}],"author":[{"embeddable":true,"href":"https:\/\/www.bauer-hans.de\/ferienwohnung-im-baederdreieck\/wp-json\/wp\/v2\/users\/2"}],"replies":[{"embeddable":true,"href":"https:\/\/www.bauer-hans.de\/ferienwohnung-im-baederdreieck\/wp-json\/wp\/v2\/comments?post=69"}],"version-history":[{"count":13,"href":"https:\/\/www.bauer-hans.de\/ferienwohnung-im-baederdreieck\/wp-json\/wp\/v2\/pages\/69\/revisions"}],"predecessor-version":[{"id":1228,"href":"https:\/\/www.bauer-hans.de\/ferienwohnung-im-baederdreieck\/wp-json\/wp\/v2\/pages\/69\/revisions\/1228"}],"wp:attachment":[{"href":"https:\/\/www.bauer-hans.de\/ferienwohnung-im-baederdreieck\/wp-json\/wp\/v2\/media?parent=69"}],"curies":[{"name":"wp","href":"https:\/\/api.w.org\/{rel}","templated":true}]}}