{"id":2296,"date":"2018-06-04T20:22:33","date_gmt":"2018-06-04T18:22:33","guid":{"rendered":"http:\/\/www.ferienwohnung-in-kaernten.de\/?page_id=2296"},"modified":"2018-06-04T20:23:51","modified_gmt":"2018-06-04T18:23:51","slug":"home-2","status":"publish","type":"page","link":"https:\/\/www.bauer-hans.de\/ferienwohnung-in-kaernten\/home-2\/","title":{"rendered":"home"},"content":{"rendered":"<h3><\/h3>\n<h3 style=\"text-align: center;\"><strong>Die\u00a0 \u00a0 \u00a0<img loading=\"lazy\" decoding=\"async\" class=\"alignnone wp-image-2294\" src=\"http:\/\/www.ferienwohnung-in-kaernten.de\/wp-content\/uploads\/sites\/6\/2018\/06\/3S_Edelweiss_weiss-150x126.jpg\" alt=\"3 Edelwei\u00df Superior\" width=\"102\" height=\"32\" srcset=\"https:\/\/www.bauer-hans.de\/ferienwohnung-in-kaernten\/wp-content\/uploads\/sites\/6\/2018\/06\/3S_Edelweiss_weiss-300x95.jpg 300w, https:\/\/www.bauer-hans.de\/ferienwohnung-in-kaernten\/wp-content\/uploads\/sites\/6\/2018\/06\/3S_Edelweiss_weiss-250x79.jpg 250w, https:\/\/www.bauer-hans.de\/ferienwohnung-in-kaernten\/wp-content\/uploads\/sites\/6\/2018\/06\/3S_Edelweiss_weiss.jpg 400w\" sizes=\"auto, (max-width: 102px) 100vw, 102px\" \/>\u00a0 \u00a0 Ferienwohnungen in \u00d6sterreich \/ K\u00e4rnten\u00a0-von privat- f\u00fcr ihren Traumurlaub<\/strong><\/h3>\n<p><a href=\"http:\/\/www.ferienwohnung-in-kaernten.de\/wp-content\/uploads\/sites\/6\/2010\/09\/k\u00e4rnten-logo.jpg\"><img loading=\"lazy\" decoding=\"async\" class=\"aligncenter size-full wp-image-1955\" src=\"http:\/\/www.ferienwohnung-in-kaernten.de\/wp-content\/uploads\/sites\/6\/2010\/09\/k\u00e4rnten-logo.jpg\" alt=\"\" width=\"1200\" height=\"871\" srcset=\"https:\/\/www.bauer-hans.de\/ferienwohnung-in-kaernten\/wp-content\/uploads\/sites\/6\/2010\/09\/k\u00e4rnten-logo.jpg 1200w, https:\/\/www.bauer-hans.de\/ferienwohnung-in-kaernten\/wp-content\/uploads\/sites\/6\/2010\/09\/k\u00e4rnten-logo-300x218.jpg 300w, https:\/\/www.bauer-hans.de\/ferienwohnung-in-kaernten\/wp-content\/uploads\/sites\/6\/2010\/09\/k\u00e4rnten-logo-1024x743.jpg 1024w, https:\/\/www.bauer-hans.de\/ferienwohnung-in-kaernten\/wp-content\/uploads\/sites\/6\/2010\/09\/k\u00e4rnten-logo-250x181.jpg 250w\" sizes=\"auto, (max-width: 767px) 89vw, (max-width: 1000px) 54vw, (max-width: 1071px) 543px, 580px\" \/><\/a><\/p>\n<p><strong>direkt am Drau See &#8211; unweit vom W\u00f6rthersee \/ Faaker See \/ Ossiacher See<br \/>\nunmittelbar vor den Karawanken<\/strong><\/p>\n<p style=\"text-align: center;\"><strong>Nur 10 km von der Autobahnabfahrt bis zu Ihrem Feriendomizil!<\/strong><\/p>\n<figure id=\"attachment_1809\" aria-describedby=\"caption-attachment-1809\" style=\"width: 500px\" class=\"wp-caption aligncenter\"><a href=\"http:\/\/www.ferienwohnung-in-kaernten.de\/wp-content\/uploads\/sites\/6\/2010\/09\/waldblick_w_s.jpg\"><img loading=\"lazy\" decoding=\"async\" class=\"wp-image-1809 size-full\" src=\"http:\/\/www.ferienwohnung-in-kaernten.de\/wp-content\/uploads\/sites\/6\/2010\/09\/waldblick_w_s.jpg\" alt=\"waldblick_w_s\" width=\"500\" height=\"333\" srcset=\"https:\/\/www.bauer-hans.de\/ferienwohnung-in-kaernten\/wp-content\/uploads\/sites\/6\/2010\/09\/waldblick_w_s.jpg 500w, https:\/\/www.bauer-hans.de\/ferienwohnung-in-kaernten\/wp-content\/uploads\/sites\/6\/2010\/09\/waldblick_w_s-300x199.jpg 300w, https:\/\/www.bauer-hans.de\/ferienwohnung-in-kaernten\/wp-content\/uploads\/sites\/6\/2010\/09\/waldblick_w_s-250x166.jpg 250w\" sizes=\"auto, (max-width: 500px) 100vw, 500px\" \/><\/a><figcaption id=\"caption-attachment-1809\" class=\"wp-caption-text\">Ferienwohnung im Haus Waldblick<\/figcaption><\/figure>\n<h3 style=\"text-align: center;\"><a title=\"Herbsturlaub in \u00d6sterreich\" href=\"http:\/\/www.ferienwohnung-in-kaernten.de\/2014\/10\/11\/herbsturlaub-oesterreich\/\" target=\"_blank\" rel=\"noopener\">Sie m\u00f6chten ein ganzes Haus f\u00fcr sich alleine? Dann w\u00e4hlen Sie doch unter unseren beiden Ferienh\u00e4usern.<\/a><\/h3>\n<p>Hier im\u00a0s\u00fcdlichsten Bundesland von \u00d6sterreich ist ein sonnenverw\u00f6hntes Fleckchen Erde. Im Durchschnitt <strong>mehr als 2.000 Sonnenstunden<\/strong> kann Ihr Urlaubsparadies mit seinen herrlichen Bergen, den gr\u00fcnen Wiesen\u00a0und den kristallklaren Seen f\u00fcr sich verbuchen. Das garantiert Ihnen Urlaubsfreuden das ganze Jahr hindurch, egal ob im Winter im Schnee oder im Sommer am Badesee.<\/p>\n<p>K\u00e4rnten ist sozusagen \u201e\u00d6sterreichs gr\u00f6\u00dfter, durchgehend ge\u00f6ffneter Freizeitpark\u201c. Hier k\u00f6nnen Sie machen, was Sie Ihnen auch immer Spa\u00df macht, Sie und Ihre Familie werden immer sehr viel Vergn\u00fcgen und pure Freizeitlust versp\u00fcren. Im Sommer, ebenso wie im Winter<\/p>\n<p>Das <strong>Rosental<\/strong> ist weit mehr als eine beliebte Wanderregion. Zu der herrlichen Bergkulisse der Karawanken, den sanften Almen und H\u00fcgeln, den glasklaren Wildb\u00e4chen gesellen sich viele weitere attraktive Erlebnism\u00f6glichkeiten f\u00fcr Sie und Ihre Familie \u2013 ob Kultur, Sport oder einfach nur Genie\u00dfen, erholen, relaxen\u00a0&#8230;<strong>\u00a0<\/strong><strong>\u00a0<\/strong><\/p>\n<p><strong><a href=\"http:\/\/www.ferienwohnung-in-kaernten.de\/home\/collage1\/\" rel=\"attachment wp-att-1062\"><img loading=\"lazy\" decoding=\"async\" class=\"aligncenter size-full wp-image-1062\" title=\"Fotos vom Haus\" src=\"http:\/\/www.ferienwohnung-in-kaernten.de\/wp-content\/uploads\/sites\/6\/2010\/09\/collage1.jpg\" alt=\"\" width=\"500\" height=\"354\" srcset=\"https:\/\/www.bauer-hans.de\/ferienwohnung-in-kaernten\/wp-content\/uploads\/sites\/6\/2010\/09\/collage1.jpg 500w, https:\/\/www.bauer-hans.de\/ferienwohnung-in-kaernten\/wp-content\/uploads\/sites\/6\/2010\/09\/collage1-300x212.jpg 300w\" sizes=\"auto, (max-width: 500px) 100vw, 500px\" \/><\/a><\/strong><\/p>\n<p><strong>\u00a0<\/strong><\/p>\n<ul>\n<li>\n<div>\n<h4>Sie haben die Wahl &#8211; wir bieten Ihnen f\u00fcnf\u00a0<strong>gro\u00dfz\u00fcgige und modern<\/strong> ausgestattete Ferienwohnungen. Internetzugang mittels W-LAN (kostenlos) in allen Wohnungen.<\/h4>\n<\/div>\n<\/li>\n<li>\n<div>\n<h4>alle Wohnungen haben einen <strong>eigenen Gartenanteil<\/strong> mit eigenem Grill, Gartenbestuhlung und Liegen<\/h4>\n<\/div>\n<\/li>\n<li>\n<div>\n<h4>auch die Wohnungen im Obergeschoss besitzen neben einem gro\u00dfen Balkon zus\u00e4tzlich im Garten einen <strong>eigenen Gartenanteil mit Grill.<\/strong><\/h4>\n<\/div>\n<\/li>\n<li>\n<h4><strong>Autoparkplatz<\/strong> unmittelbar am Haus<\/h4>\n<\/li>\n<li>\n<div>\n<h4>Abstellraum -abgeschlossen- f\u00fcr <strong>Fahrr\u00e4der<\/strong><\/h4>\n<\/div>\n<\/li>\n<li>\n<div>\n<h4>Zwei <strong>Au\u00dfenpools<\/strong> in unserem Feriendorf, davon einer in der Sommersaison beheizt.<\/h4>\n<\/div>\n<\/li>\n<li>\n<div>\n<h4>Sie m\u00f6chten in <strong>aller Ruhe<\/strong> f\u00fcr sich alleine Ihren Urlaub genie\u00dfen &#8211; dann\u00a0ist die Ferienwohnung mit eigenem Garten genau das Richtige f\u00fcr Sie.<\/h4>\n<\/div>\n<\/li>\n<li>\n<div>\n<h4>Sie suchen <strong>jede Menge Abwechslung<\/strong> und Unterhaltung auch f\u00fcr Ihre Kinder &#8211;<\/h4>\n<h4><a href=\"http:\/\/www.ferienwohnung-in-kaernten.de\/wp-content\/uploads\/sites\/6\/2010\/09\/wahaha.jpg\"><img loading=\"lazy\" decoding=\"async\" class=\"aligncenter wp-image-1844 size-full\" src=\"http:\/\/www.ferienwohnung-in-kaernten.de\/wp-content\/uploads\/sites\/6\/2010\/09\/wahaha.jpg\" alt=\"Wahaha Feriendorf Einfahrt\" width=\"1200\" height=\"900\" srcset=\"https:\/\/www.bauer-hans.de\/ferienwohnung-in-kaernten\/wp-content\/uploads\/sites\/6\/2010\/09\/wahaha.jpg 1200w, https:\/\/www.bauer-hans.de\/ferienwohnung-in-kaernten\/wp-content\/uploads\/sites\/6\/2010\/09\/wahaha-300x225.jpg 300w, https:\/\/www.bauer-hans.de\/ferienwohnung-in-kaernten\/wp-content\/uploads\/sites\/6\/2010\/09\/wahaha-1024x768.jpg 1024w, https:\/\/www.bauer-hans.de\/ferienwohnung-in-kaernten\/wp-content\/uploads\/sites\/6\/2010\/09\/wahaha-250x187.jpg 250w\" sizes=\"auto, (max-width: 767px) 89vw, (max-width: 1000px) 54vw, (max-width: 1071px) 543px, 580px\" \/><\/a><\/h4>\n<h4>&#8211; nur ca 200 m haben Sie zum <a href=\"http:\/\/www.wahaha-paradise.com\/\" target=\"_blank\" rel=\"noopener\">&#8222;Wahaha Fun &amp; Sport Paradise&#8220;<\/a> mit zahlreichen Einrichtungen f\u00fcr Jung und Alt. Eine einzigartige Freizeitanlage mit einem In- und Outdoorbereich von \u00fcber 2500 qm!<\/h4>\n<\/div>\n<\/li>\n<li>\n<div>\n<h4>Vor Ort haben wir:<br \/>\n\u25baFahrradverleih \u25ba Kinderbetreuung \u25baBootsverleih \u25baMinigolf \u25baTennis \u25baBeachvolleyball \u25baTischtennis \u25baKinder Gokart \u25baKletterwand (14 m hoch) \u25baKinderkletterwand \u25ba&#8220;Technogym Fitnesscenter&#8220; \u25baIndoorspielplatz<\/h4>\n<p>&nbsp;<\/p>\n<\/div>\n<\/li>\n<\/ul>\n<p style=\"text-align: center;\">hier ein Blick auf unser Feriendorf aus der Vogelperspektive, unser Appartementhaus\u00a0ist hier markiert<br \/>\n[mappress mapid=&#8220;1&#8243;]<\/p>\n<p style=\"text-align: center;\">\n","protected":false},"excerpt":{"rendered":"<p>Die\u00a0 \u00a0 \u00a0\u00a0 \u00a0 Ferienwohnungen in \u00d6sterreich \/ K\u00e4rnten\u00a0-von privat- f\u00fcr ihren Traumurlaub direkt am Drau See &#8211; unweit vom W\u00f6rthersee \/ Faaker See \/ Ossiacher See unmittelbar vor den Karawanken Nur 10 km von der Autobahnabfahrt bis zu Ihrem Feriendomizil! Sie m\u00f6chten ein ganzes Haus f\u00fcr sich alleine? Dann w\u00e4hlen Sie doch unter unseren &hellip; <\/p>\n<p class=\"link-more\"><a href=\"https:\/\/www.bauer-hans.de\/ferienwohnung-in-kaernten\/home-2\/\" class=\"more-link\"><span class=\"screen-reader-text\">\u201ehome\u201c <\/span>weiterlesen<\/a><\/p>\n","protected":false},"author":2,"featured_media":0,"parent":0,"menu_order":0,"comment_status":"closed","ping_status":"closed","template":"","meta":{"_acf_changed":false,"footnotes":""},"class_list":["post-2296","page","type-page","status-publish","hentry"],"acf":[],"yoast_head":"<!-- This site is optimized with the Yoast SEO plugin v27.3 - https:\/\/yoast.com\/product\/yoast-seo-wordpress\/ -->\n<title>Ferienwohnung in K\u00e4rnten &gt;grosser Garten &gt;am See &gt;mit 2 Pools in der Anlage<\/title>\n<meta name=\"description\" content=\"Herrliche Ferienwohnungen mit gro\u00dfem Garten, nur wenige Meter zum See und den Pools - ideal f\u00fcr Familien mit Kindern, sehr grosser Indoorbereich f\u00fcr Kids\" \/>\n<meta name=\"robots\" content=\"index, follow, max-snippet:-1, max-image-preview:large, max-video-preview:-1\" \/>\n<link rel=\"canonical\" href=\"https:\/\/www.bauer-hans.de\/ferienwohnung-in-kaernten\/home-2\/\" \/>\n<meta name=\"twitter:label1\" content=\"Gesch\u00e4tzte Lesezeit\" \/>\n\t<meta name=\"twitter:data1\" content=\"2\u00a0Minuten\" \/>\n<script type=\"application\/ld+json\" class=\"yoast-schema-graph\">{\"@context\":\"https:\\\/\\\/schema.org\",\"@graph\":[{\"@type\":\"WebPage\",\"@id\":\"https:\\\/\\\/www.bauer-hans.de\\\/ferienwohnung-in-kaernten\\\/home-2\\\/\",\"url\":\"https:\\\/\\\/www.bauer-hans.de\\\/ferienwohnung-in-kaernten\\\/home-2\\\/\",\"name\":\"Ferienwohnung in K\u00e4rnten >grosser Garten >am See >mit 2 Pools in der Anlage\",\"isPartOf\":{\"@id\":\"https:\\\/\\\/www.bauer-hans.de\\\/ferienwohnung-in-kaernten\\\/#website\"},\"primaryImageOfPage\":{\"@id\":\"https:\\\/\\\/www.bauer-hans.de\\\/ferienwohnung-in-kaernten\\\/home-2\\\/#primaryimage\"},\"image\":{\"@id\":\"https:\\\/\\\/www.bauer-hans.de\\\/ferienwohnung-in-kaernten\\\/home-2\\\/#primaryimage\"},\"thumbnailUrl\":\"http:\\\/\\\/www.ferienwohnung-in-kaernten.de\\\/wp-content\\\/uploads\\\/sites\\\/6\\\/2018\\\/06\\\/3S_Edelweiss_weiss-150x126.jpg\",\"datePublished\":\"2018-06-04T18:22:33+00:00\",\"dateModified\":\"2018-06-04T18:23:51+00:00\",\"description\":\"Herrliche Ferienwohnungen mit gro\u00dfem Garten, nur wenige Meter zum See und den Pools - ideal f\u00fcr Familien mit Kindern, sehr grosser Indoorbereich f\u00fcr Kids\",\"breadcrumb\":{\"@id\":\"https:\\\/\\\/www.bauer-hans.de\\\/ferienwohnung-in-kaernten\\\/home-2\\\/#breadcrumb\"},\"inLanguage\":\"de\",\"potentialAction\":[{\"@type\":\"ReadAction\",\"target\":[\"https:\\\/\\\/www.bauer-hans.de\\\/ferienwohnung-in-kaernten\\\/home-2\\\/\"]}]},{\"@type\":\"ImageObject\",\"inLanguage\":\"de\",\"@id\":\"https:\\\/\\\/www.bauer-hans.de\\\/ferienwohnung-in-kaernten\\\/home-2\\\/#primaryimage\",\"url\":\"http:\\\/\\\/www.ferienwohnung-in-kaernten.de\\\/wp-content\\\/uploads\\\/sites\\\/6\\\/2018\\\/06\\\/3S_Edelweiss_weiss-150x126.jpg\",\"contentUrl\":\"http:\\\/\\\/www.ferienwohnung-in-kaernten.de\\\/wp-content\\\/uploads\\\/sites\\\/6\\\/2018\\\/06\\\/3S_Edelweiss_weiss-150x126.jpg\"},{\"@type\":\"BreadcrumbList\",\"@id\":\"https:\\\/\\\/www.bauer-hans.de\\\/ferienwohnung-in-kaernten\\\/home-2\\\/#breadcrumb\",\"itemListElement\":[{\"@type\":\"ListItem\",\"position\":1,\"name\":\"Startseite\",\"item\":\"https:\\\/\\\/www.bauer-hans.de\\\/ferienwohnung-in-kaernten\\\/\"},{\"@type\":\"ListItem\",\"position\":2,\"name\":\"home\"}]},{\"@type\":\"WebSite\",\"@id\":\"https:\\\/\\\/www.bauer-hans.de\\\/ferienwohnung-in-kaernten\\\/#website\",\"url\":\"https:\\\/\\\/www.bauer-hans.de\\\/ferienwohnung-in-kaernten\\\/\",\"name\":\"Ferienwohnung in K\u00e4rnten direkt am See eigener Garten \u2026 Wellness \u2026 beheizter Pool\",\"description\":\"Urlaubsvergn\u00fcgen pur -  tolle Fewos in  K\u00e4rnten N\u00e4he W\u00f6rthersee \\\/ Faaker See\",\"publisher\":{\"@id\":\"https:\\\/\\\/www.bauer-hans.de\\\/ferienwohnung-in-kaernten\\\/#organization\"},\"potentialAction\":[{\"@type\":\"SearchAction\",\"target\":{\"@type\":\"EntryPoint\",\"urlTemplate\":\"https:\\\/\\\/www.bauer-hans.de\\\/ferienwohnung-in-kaernten\\\/?s={search_term_string}\"},\"query-input\":{\"@type\":\"PropertyValueSpecification\",\"valueRequired\":true,\"valueName\":\"search_term_string\"}}],\"inLanguage\":\"de\"},{\"@type\":\"Organization\",\"@id\":\"https:\\\/\\\/www.bauer-hans.de\\\/ferienwohnung-in-kaernten\\\/#organization\",\"name\":\"Ferienwohnung in K\u00e4rnten direkt am See eigener Garten \u2026 Wellness \u2026 beheizter Pool\",\"url\":\"https:\\\/\\\/www.bauer-hans.de\\\/ferienwohnung-in-kaernten\\\/\",\"logo\":{\"@type\":\"ImageObject\",\"inLanguage\":\"de\",\"@id\":\"https:\\\/\\\/www.bauer-hans.de\\\/ferienwohnung-in-kaernten\\\/#\\\/schema\\\/logo\\\/image\\\/\",\"url\":\"https:\\\/\\\/www.bauer-hans.de\\\/ferienwohnung-in-kaernten\\\/wp-content\\\/uploads\\\/sites\\\/6\\\/2018\\\/05\\\/cropped-logo-4s.jpg\",\"contentUrl\":\"https:\\\/\\\/www.bauer-hans.de\\\/ferienwohnung-in-kaernten\\\/wp-content\\\/uploads\\\/sites\\\/6\\\/2018\\\/05\\\/cropped-logo-4s.jpg\",\"width\":250,\"height\":250,\"caption\":\"Ferienwohnung in K\u00e4rnten direkt am See eigener Garten \u2026 Wellness \u2026 beheizter Pool\"},\"image\":{\"@id\":\"https:\\\/\\\/www.bauer-hans.de\\\/ferienwohnung-in-kaernten\\\/#\\\/schema\\\/logo\\\/image\\\/\"}}]}<\/script>\n<!-- \/ Yoast SEO plugin. -->","yoast_head_json":{"title":"Ferienwohnung in K\u00e4rnten >grosser Garten >am See >mit 2 Pools in der Anlage","description":"Herrliche Ferienwohnungen mit gro\u00dfem Garten, nur wenige Meter zum See und den Pools - ideal f\u00fcr Familien mit Kindern, sehr grosser Indoorbereich f\u00fcr Kids","robots":{"index":"index","follow":"follow","max-snippet":"max-snippet:-1","max-image-preview":"max-image-preview:large","max-video-preview":"max-video-preview:-1"},"canonical":"https:\/\/www.bauer-hans.de\/ferienwohnung-in-kaernten\/home-2\/","twitter_misc":{"Gesch\u00e4tzte Lesezeit":"2\u00a0Minuten"},"schema":{"@context":"https:\/\/schema.org","@graph":[{"@type":"WebPage","@id":"https:\/\/www.bauer-hans.de\/ferienwohnung-in-kaernten\/home-2\/","url":"https:\/\/www.bauer-hans.de\/ferienwohnung-in-kaernten\/home-2\/","name":"Ferienwohnung in K\u00e4rnten >grosser Garten >am See >mit 2 Pools in der Anlage","isPartOf":{"@id":"https:\/\/www.bauer-hans.de\/ferienwohnung-in-kaernten\/#website"},"primaryImageOfPage":{"@id":"https:\/\/www.bauer-hans.de\/ferienwohnung-in-kaernten\/home-2\/#primaryimage"},"image":{"@id":"https:\/\/www.bauer-hans.de\/ferienwohnung-in-kaernten\/home-2\/#primaryimage"},"thumbnailUrl":"http:\/\/www.ferienwohnung-in-kaernten.de\/wp-content\/uploads\/sites\/6\/2018\/06\/3S_Edelweiss_weiss-150x126.jpg","datePublished":"2018-06-04T18:22:33+00:00","dateModified":"2018-06-04T18:23:51+00:00","description":"Herrliche Ferienwohnungen mit gro\u00dfem Garten, nur wenige Meter zum See und den Pools - ideal f\u00fcr Familien mit Kindern, sehr grosser Indoorbereich f\u00fcr Kids","breadcrumb":{"@id":"https:\/\/www.bauer-hans.de\/ferienwohnung-in-kaernten\/home-2\/#breadcrumb"},"inLanguage":"de","potentialAction":[{"@type":"ReadAction","target":["https:\/\/www.bauer-hans.de\/ferienwohnung-in-kaernten\/home-2\/"]}]},{"@type":"ImageObject","inLanguage":"de","@id":"https:\/\/www.bauer-hans.de\/ferienwohnung-in-kaernten\/home-2\/#primaryimage","url":"http:\/\/www.ferienwohnung-in-kaernten.de\/wp-content\/uploads\/sites\/6\/2018\/06\/3S_Edelweiss_weiss-150x126.jpg","contentUrl":"http:\/\/www.ferienwohnung-in-kaernten.de\/wp-content\/uploads\/sites\/6\/2018\/06\/3S_Edelweiss_weiss-150x126.jpg"},{"@type":"BreadcrumbList","@id":"https:\/\/www.bauer-hans.de\/ferienwohnung-in-kaernten\/home-2\/#breadcrumb","itemListElement":[{"@type":"ListItem","position":1,"name":"Startseite","item":"https:\/\/www.bauer-hans.de\/ferienwohnung-in-kaernten\/"},{"@type":"ListItem","position":2,"name":"home"}]},{"@type":"WebSite","@id":"https:\/\/www.bauer-hans.de\/ferienwohnung-in-kaernten\/#website","url":"https:\/\/www.bauer-hans.de\/ferienwohnung-in-kaernten\/","name":"Ferienwohnung in K\u00e4rnten direkt am See eigener Garten \u2026 Wellness \u2026 beheizter Pool","description":"Urlaubsvergn\u00fcgen pur -  tolle Fewos in  K\u00e4rnten N\u00e4he W\u00f6rthersee \/ Faaker See","publisher":{"@id":"https:\/\/www.bauer-hans.de\/ferienwohnung-in-kaernten\/#organization"},"potentialAction":[{"@type":"SearchAction","target":{"@type":"EntryPoint","urlTemplate":"https:\/\/www.bauer-hans.de\/ferienwohnung-in-kaernten\/?s={search_term_string}"},"query-input":{"@type":"PropertyValueSpecification","valueRequired":true,"valueName":"search_term_string"}}],"inLanguage":"de"},{"@type":"Organization","@id":"https:\/\/www.bauer-hans.de\/ferienwohnung-in-kaernten\/#organization","name":"Ferienwohnung in K\u00e4rnten direkt am See eigener Garten \u2026 Wellness \u2026 beheizter Pool","url":"https:\/\/www.bauer-hans.de\/ferienwohnung-in-kaernten\/","logo":{"@type":"ImageObject","inLanguage":"de","@id":"https:\/\/www.bauer-hans.de\/ferienwohnung-in-kaernten\/#\/schema\/logo\/image\/","url":"https:\/\/www.bauer-hans.de\/ferienwohnung-in-kaernten\/wp-content\/uploads\/sites\/6\/2018\/05\/cropped-logo-4s.jpg","contentUrl":"https:\/\/www.bauer-hans.de\/ferienwohnung-in-kaernten\/wp-content\/uploads\/sites\/6\/2018\/05\/cropped-logo-4s.jpg","width":250,"height":250,"caption":"Ferienwohnung in K\u00e4rnten direkt am See eigener Garten \u2026 Wellness \u2026 beheizter Pool"},"image":{"@id":"https:\/\/www.bauer-hans.de\/ferienwohnung-in-kaernten\/#\/schema\/logo\/image\/"}}]}},"_links":{"self":[{"href":"https:\/\/www.bauer-hans.de\/ferienwohnung-in-kaernten\/wp-json\/wp\/v2\/pages\/2296","targetHints":{"allow":["GET"]}}],"collection":[{"href":"https:\/\/www.bauer-hans.de\/ferienwohnung-in-kaernten\/wp-json\/wp\/v2\/pages"}],"about":[{"href":"https:\/\/www.bauer-hans.de\/ferienwohnung-in-kaernten\/wp-json\/wp\/v2\/types\/page"}],"author":[{"embeddable":true,"href":"https:\/\/www.bauer-hans.de\/ferienwohnung-in-kaernten\/wp-json\/wp\/v2\/users\/2"}],"replies":[{"embeddable":true,"href":"https:\/\/www.bauer-hans.de\/ferienwohnung-in-kaernten\/wp-json\/wp\/v2\/comments?post=2296"}],"version-history":[{"count":3,"href":"https:\/\/www.bauer-hans.de\/ferienwohnung-in-kaernten\/wp-json\/wp\/v2\/pages\/2296\/revisions"}],"predecessor-version":[{"id":2299,"href":"https:\/\/www.bauer-hans.de\/ferienwohnung-in-kaernten\/wp-json\/wp\/v2\/pages\/2296\/revisions\/2299"}],"wp:attachment":[{"href":"https:\/\/www.bauer-hans.de\/ferienwohnung-in-kaernten\/wp-json\/wp\/v2\/media?parent=2296"}],"curies":[{"name":"wp","href":"https:\/\/api.w.org\/{rel}","templated":true}]}}