{"id":25,"date":"2010-09-27T15:48:22","date_gmt":"2010-09-27T15:48:22","guid":{"rendered":"http:\/\/www.ferienwohnung-in-kaernten.de\/"},"modified":"2019-08-10T16:36:39","modified_gmt":"2019-08-10T14:36:39","slug":"fotoalbu","status":"publish","type":"page","link":"https:\/\/www.bauer-hans.de\/ferienwohnung-in-kaernten\/fotoalbu\/","title":{"rendered":"Fotoalbum"},"content":{"rendered":"<p>da wir Familie Bauer &#8211; Sanktjohaner, selbst sehr gerne nach K\u00e4rnten fahren, zwischendurch auch nur mal schnell f\u00fcr ein paar Tage und dabei dann auch viel fotografieren haben wir hier f\u00fcr Sie Fotoalben bereit gestellt.<\/p>\n<p style=\"text-align: center;\"><a href=\"http:\/\/picasaweb.google.com\/fewo.bauer\" target=\"_blank\" rel=\"noopener noreferrer\"><br \/>\n<\/a><img loading=\"lazy\" decoding=\"async\" class=\"aligncenter wp-image-180 size-full\" src=\"http:\/\/www.ferienwohnung-in-kaernten.de\/wp-content\/uploads\/sites\/6\/2010\/09\/k\u00e4_fr\u00fchst\u00fcck.jpg\" alt=\"Hans und Lotte beim Fr\u00fchst\u00fccken Restaurant WAHAHA\" width=\"1000\" height=\"750\" srcset=\"https:\/\/www.bauer-hans.de\/ferienwohnung-in-kaernten\/wp-content\/uploads\/sites\/6\/2010\/09\/k\u00e4_fr\u00fchst\u00fcck.jpg 1000w, https:\/\/www.bauer-hans.de\/ferienwohnung-in-kaernten\/wp-content\/uploads\/sites\/6\/2010\/09\/k\u00e4_fr\u00fchst\u00fcck-300x225.jpg 300w\" sizes=\"auto, (max-width: 767px) 89vw, (max-width: 1000px) 54vw, (max-width: 1071px) 543px, 580px\" \/><\/p>\n<p>Wenn Sie auf ein Foto klicken, dann \u00f6ffnen Sie das dazugeh\u00f6rige Album:<\/p>\n<figure id=\"attachment_2388\" aria-describedby=\"caption-attachment-2388\" style=\"width: 1600px\" class=\"wp-caption alignleft\"><a href=\"https:\/\/photos.app.goo.gl\/aDYvtGE4bF2NL6f3A\" target=\"_blank\" rel=\"noopener noreferrer\"><img loading=\"lazy\" decoding=\"async\" class=\"size-full wp-image-2388\" src=\"http:\/\/www.ferienwohnung-in-kaernten.de\/wp-content\/uploads\/sites\/6\/2019\/08\/IMG_2680.jpg\" alt=\"\" width=\"1600\" height=\"1200\" srcset=\"https:\/\/www.bauer-hans.de\/ferienwohnung-in-kaernten\/wp-content\/uploads\/sites\/6\/2019\/08\/IMG_2680.jpg 1600w, https:\/\/www.bauer-hans.de\/ferienwohnung-in-kaernten\/wp-content\/uploads\/sites\/6\/2019\/08\/IMG_2680-300x225.jpg 300w, https:\/\/www.bauer-hans.de\/ferienwohnung-in-kaernten\/wp-content\/uploads\/sites\/6\/2019\/08\/IMG_2680-768x576.jpg 768w, https:\/\/www.bauer-hans.de\/ferienwohnung-in-kaernten\/wp-content\/uploads\/sites\/6\/2019\/08\/IMG_2680-1024x768.jpg 1024w, https:\/\/www.bauer-hans.de\/ferienwohnung-in-kaernten\/wp-content\/uploads\/sites\/6\/2019\/08\/IMG_2680-250x188.jpg 250w\" sizes=\"auto, (max-width: 767px) 89vw, (max-width: 1000px) 54vw, (max-width: 1071px) 543px, 580px\" \/><\/a><figcaption id=\"caption-attachment-2388\" class=\"wp-caption-text\">Bauer &#8211; Sanktjohanser Pfingsten 2019<\/figcaption><\/figure>\n<figure id=\"attachment_2383\" aria-describedby=\"caption-attachment-2383\" style=\"width: 1200px\" class=\"wp-caption alignnone\"><a href=\"https:\/\/my.hidrive.com\/share\/kb05p31auq\"><img loading=\"lazy\" decoding=\"async\" class=\"size-full wp-image-2383\" src=\"http:\/\/www.ferienwohnung-in-kaernten.de\/wp-content\/uploads\/sites\/6\/2019\/05\/Bodental2.jpg\" alt=\"\" width=\"1200\" height=\"900\" srcset=\"https:\/\/www.bauer-hans.de\/ferienwohnung-in-kaernten\/wp-content\/uploads\/sites\/6\/2019\/05\/Bodental2.jpg 1200w, https:\/\/www.bauer-hans.de\/ferienwohnung-in-kaernten\/wp-content\/uploads\/sites\/6\/2019\/05\/Bodental2-300x225.jpg 300w, https:\/\/www.bauer-hans.de\/ferienwohnung-in-kaernten\/wp-content\/uploads\/sites\/6\/2019\/05\/Bodental2-768x576.jpg 768w, https:\/\/www.bauer-hans.de\/ferienwohnung-in-kaernten\/wp-content\/uploads\/sites\/6\/2019\/05\/Bodental2-1024x768.jpg 1024w, https:\/\/www.bauer-hans.de\/ferienwohnung-in-kaernten\/wp-content\/uploads\/sites\/6\/2019\/05\/Bodental2-250x188.jpg 250w\" sizes=\"auto, (max-width: 767px) 89vw, (max-width: 1000px) 54vw, (max-width: 1071px) 543px, 580px\" \/><\/a><figcaption id=\"caption-attachment-2383\" class=\"wp-caption-text\">Hans &amp; Lotte Mai 2019 | Bodental<\/figcaption><\/figure>\n<figure id=\"attachment_2306\" aria-describedby=\"caption-attachment-2306\" style=\"width: 1200px\" class=\"wp-caption alignnone\"><a href=\"https:\/\/my.hidrive.com\/share\/nfwu5g.d3r\" target=\"_blank\" rel=\"noopener noreferrer\"><img loading=\"lazy\" decoding=\"async\" class=\"wp-image-2306 size-full\" src=\"http:\/\/www.ferienwohnung-in-kaernten.de\/wp-content\/uploads\/sites\/6\/2018\/09\/osiacher.jpg\" alt=\"\" width=\"1200\" height=\"675\" srcset=\"https:\/\/www.bauer-hans.de\/ferienwohnung-in-kaernten\/wp-content\/uploads\/sites\/6\/2018\/09\/osiacher.jpg 1200w, https:\/\/www.bauer-hans.de\/ferienwohnung-in-kaernten\/wp-content\/uploads\/sites\/6\/2018\/09\/osiacher-300x169.jpg 300w, https:\/\/www.bauer-hans.de\/ferienwohnung-in-kaernten\/wp-content\/uploads\/sites\/6\/2018\/09\/osiacher-768x432.jpg 768w, https:\/\/www.bauer-hans.de\/ferienwohnung-in-kaernten\/wp-content\/uploads\/sites\/6\/2018\/09\/osiacher-1024x576.jpg 1024w, https:\/\/www.bauer-hans.de\/ferienwohnung-in-kaernten\/wp-content\/uploads\/sites\/6\/2018\/09\/osiacher-250x141.jpg 250w\" sizes=\"auto, (max-width: 767px) 89vw, (max-width: 1000px) 54vw, (max-width: 1071px) 543px, 580px\" \/><\/a><figcaption id=\"caption-attachment-2306\" class=\"wp-caption-text\">Lotte &amp; Hans Aug. 2018 | Osiacher See \/ K\u00e4rnten, Bohinj See Slowenien<\/figcaption><\/figure>\n<figure id=\"attachment_2309\" aria-describedby=\"caption-attachment-2309\" style=\"width: 1200px\" class=\"wp-caption alignnone\"><a href=\"https:\/\/my.hidrive.com\/share\/11fcytgx.s\" target=\"_blank\" rel=\"noopener noreferrer\"><img loading=\"lazy\" decoding=\"async\" class=\"wp-image-2309 size-full\" src=\"http:\/\/www.ferienwohnung-in-kaernten.de\/wp-content\/uploads\/sites\/6\/2018\/09\/bled.jpg\" alt=\"\" width=\"1200\" height=\"675\" srcset=\"https:\/\/www.bauer-hans.de\/ferienwohnung-in-kaernten\/wp-content\/uploads\/sites\/6\/2018\/09\/bled.jpg 1200w, https:\/\/www.bauer-hans.de\/ferienwohnung-in-kaernten\/wp-content\/uploads\/sites\/6\/2018\/09\/bled-300x169.jpg 300w, https:\/\/www.bauer-hans.de\/ferienwohnung-in-kaernten\/wp-content\/uploads\/sites\/6\/2018\/09\/bled-768x432.jpg 768w, https:\/\/www.bauer-hans.de\/ferienwohnung-in-kaernten\/wp-content\/uploads\/sites\/6\/2018\/09\/bled-1024x576.jpg 1024w, https:\/\/www.bauer-hans.de\/ferienwohnung-in-kaernten\/wp-content\/uploads\/sites\/6\/2018\/09\/bled-250x141.jpg 250w\" sizes=\"auto, (max-width: 767px) 89vw, (max-width: 1000px) 54vw, (max-width: 1071px) 543px, 580px\" \/><\/a><figcaption id=\"caption-attachment-2309\" class=\"wp-caption-text\">Bauer &#8211; Sanktjohanser Pfingsten 2018<\/figcaption><\/figure>\n<figure id=\"attachment_2240\" aria-describedby=\"caption-attachment-2240\" style=\"width: 1200px\" class=\"wp-caption alignnone\"><a href=\"https:\/\/my.hidrive.com\/share\/5.8ttebkiq\" target=\"_blank\" rel=\"noopener noreferrer\"><img loading=\"lazy\" decoding=\"async\" class=\"wp-image-2240 size-full\" src=\"http:\/\/www.ferienwohnung-in-kaernten.de\/wp-content\/uploads\/sites\/6\/2010\/09\/Bodental.jpg\" alt=\"\" width=\"1200\" height=\"675\" srcset=\"https:\/\/www.bauer-hans.de\/ferienwohnung-in-kaernten\/wp-content\/uploads\/sites\/6\/2010\/09\/Bodental.jpg 1200w, https:\/\/www.bauer-hans.de\/ferienwohnung-in-kaernten\/wp-content\/uploads\/sites\/6\/2010\/09\/Bodental-300x169.jpg 300w, https:\/\/www.bauer-hans.de\/ferienwohnung-in-kaernten\/wp-content\/uploads\/sites\/6\/2010\/09\/Bodental-768x432.jpg 768w, https:\/\/www.bauer-hans.de\/ferienwohnung-in-kaernten\/wp-content\/uploads\/sites\/6\/2010\/09\/Bodental-1024x576.jpg 1024w, https:\/\/www.bauer-hans.de\/ferienwohnung-in-kaernten\/wp-content\/uploads\/sites\/6\/2010\/09\/Bodental-250x141.jpg 250w\" sizes=\"auto, (max-width: 767px) 89vw, (max-width: 1000px) 54vw, (max-width: 1071px) 543px, 580px\" \/><\/a><figcaption id=\"caption-attachment-2240\" class=\"wp-caption-text\">Bauer &#8211; Sanktjohanser Pfingsten 2017<\/figcaption><\/figure>\n<figure id=\"attachment_1985\" class=\"wp-caption alignnone\"><a href=\"https:\/\/my.hidrive.com\/share\/fofdwbmq8u\" target=\"_blank\" rel=\"noopener noreferrer\"><img loading=\"lazy\" decoding=\"async\" class=\"alignnone wp-image-1985 size-full\" src=\"http:\/\/www.ferienhaus-in-kaernten.de\/wp-content\/uploads\/sites\/7\/2010\/09\/garten.jpg\" sizes=\"auto, (max-width: 767px) 89vw, (max-width: 1000px) 54vw, (max-width: 1071px) 543px, 580px\" srcset=\"http:\/\/www.ferienhaus-in-kaernten.de\/wp-content\/uploads\/sites\/7\/2010\/09\/garten.jpg 1200w, http:\/\/www.ferienhaus-in-kaernten.de\/wp-content\/uploads\/sites\/7\/2010\/09\/garten-300x169.jpg 300w, http:\/\/www.ferienhaus-in-kaernten.de\/wp-content\/uploads\/sites\/7\/2010\/09\/garten-768x432.jpg 768w, http:\/\/www.ferienhaus-in-kaernten.de\/wp-content\/uploads\/sites\/7\/2010\/09\/garten-1024x576.jpg 1024w, http:\/\/www.ferienhaus-in-kaernten.de\/wp-content\/uploads\/sites\/7\/2010\/09\/garten-250x141.jpg 250w\" alt=\"beim Pool\" width=\"1200\" height=\"675\" \/><\/a><figcaption class=\"wp-caption-text\">Lotte &amp; Hans im Sommer 2016<\/figcaption><\/figure>\n<figure id=\"attachment_1988\" class=\"wp-caption alignnone\"><a href=\"https:\/\/my.hidrive.com\/share\/2ci3b8q2c7\" target=\"_blank\" rel=\"noopener noreferrer\"><img loading=\"lazy\" decoding=\"async\" class=\"alignnone wp-image-1988 size-full\" src=\"http:\/\/www.ferienhaus-in-kaernten.de\/wp-content\/uploads\/sites\/7\/2010\/09\/maria-woerth.jpg\" sizes=\"auto, (max-width: 767px) 89vw, (max-width: 1000px) 54vw, (max-width: 1071px) 543px, 580px\" srcset=\"http:\/\/www.ferienhaus-in-kaernten.de\/wp-content\/uploads\/sites\/7\/2010\/09\/maria-woerth.jpg 1200w, http:\/\/www.ferienhaus-in-kaernten.de\/wp-content\/uploads\/sites\/7\/2010\/09\/maria-woerth-300x169.jpg 300w, http:\/\/www.ferienhaus-in-kaernten.de\/wp-content\/uploads\/sites\/7\/2010\/09\/maria-woerth-768x432.jpg 768w, http:\/\/www.ferienhaus-in-kaernten.de\/wp-content\/uploads\/sites\/7\/2010\/09\/maria-woerth-1024x576.jpg 1024w, http:\/\/www.ferienhaus-in-kaernten.de\/wp-content\/uploads\/sites\/7\/2010\/09\/maria-woerth-250x141.jpg 250w\" alt=\"Lotte &amp; Hans Sommer 2015\" width=\"1200\" height=\"675\" \/><\/a><figcaption class=\"wp-caption-text\">Lotte &amp; Hans Sommer 2015<\/figcaption><\/figure>\n<figure id=\"attachment_1990\" class=\"wp-caption alignnone\"><figcaption class=\"wp-caption-text\">\n<figure id=\"attachment_1990\" aria-describedby=\"caption-attachment-1990\" style=\"width: 1200px\" class=\"wp-caption alignnone\"><a href=\"https:\/\/my.hidrive.com\/share\/kcrnnzfmci\" target=\"_blank\" rel=\"noopener noreferrer\"><img loading=\"lazy\" decoding=\"async\" class=\"wp-image-1990 size-full\" src=\"https:\/\/www.bauer-hans.de\/ferienhaus-in-kaernten\/wp-content\/uploads\/sites\/7\/2010\/09\/Sanktjohansers2.jpg\" alt=\"Ostern 2014\" width=\"1200\" height=\"675\" \/><\/a><figcaption id=\"caption-attachment-1990\" class=\"wp-caption-text\">Ostern 2014<\/figcaption><\/figure>\n<\/figcaption><\/figure>\n<figure id=\"attachment_1993\" class=\"wp-caption alignnone\"><a href=\"https:\/\/my.hidrive.com\/share\/5ngtfmnyrt\" target=\"_blank\" rel=\"noopener noreferrer\"><img loading=\"lazy\" decoding=\"async\" class=\"alignnone wp-image-1993 size-full\" src=\"http:\/\/www.ferienhaus-in-kaernten.de\/wp-content\/uploads\/sites\/7\/2010\/09\/4m%C3%A4dels.jpg\" alt=\"4maedels\" width=\"1200\" height=\"800\" \/><\/a><figcaption class=\"wp-caption-text\">Bauer \u2013 Sanktjohanser 2013<\/figcaption><\/figure>\n<figure id=\"attachment_1997\" class=\"wp-caption alignnone\"><a href=\"https:\/\/my.hidrive.com\/share\/3u.xvwdpi3\" target=\"_blank\" rel=\"noopener noreferrer\"><img loading=\"lazy\" decoding=\"async\" class=\"alignnone wp-image-1997 size-full\" src=\"http:\/\/www.ferienhaus-in-kaernten.de\/wp-content\/uploads\/sites\/7\/2010\/09\/bauer_bleicher2012.jpg\" sizes=\"auto, (max-width: 767px) 89vw, (max-width: 1000px) 54vw, (max-width: 1071px) 543px, 580px\" srcset=\"http:\/\/www.ferienhaus-in-kaernten.de\/wp-content\/uploads\/sites\/7\/2010\/09\/bauer_bleicher2012.jpg 1200w, http:\/\/www.ferienhaus-in-kaernten.de\/wp-content\/uploads\/sites\/7\/2010\/09\/bauer_bleicher2012-300x169.jpg 300w, http:\/\/www.ferienhaus-in-kaernten.de\/wp-content\/uploads\/sites\/7\/2010\/09\/bauer_bleicher2012-768x432.jpg 768w, http:\/\/www.ferienhaus-in-kaernten.de\/wp-content\/uploads\/sites\/7\/2010\/09\/bauer_bleicher2012-1024x576.jpg 1024w, http:\/\/www.ferienhaus-in-kaernten.de\/wp-content\/uploads\/sites\/7\/2010\/09\/bauer_bleicher2012-250x141.jpg 250w\" alt=\"bauer_bleicher2012\" width=\"1200\" height=\"675\" \/><\/a><figcaption class=\"wp-caption-text\">Bauer \u2013 Bleicher 2012<\/figcaption><\/figure>\n<p style=\"text-align: center;\">ACHTUNG! <a href=\"http:\/\/picasaweb.google.com\/105295877319411448728?authuser=0\" target=\"_blank\" rel=\"noopener noreferrer\">Hier ein Link zum Fotoalbum <\/a>in welches unsere <strong>G\u00e4ste ihre Fotos<\/strong> hochladen k\u00f6nnen.<\/p>\n<p><img loading=\"lazy\" decoding=\"async\" class=\"alignleft size-full wp-image-1543\" src=\"http:\/\/www.ferienwohnung-in-kaernten.de\/wp-content\/uploads\/sites\/6\/2010\/09\/colage1.jpg\" alt=\"colage1\" width=\"750\" height=\"422\" srcset=\"https:\/\/www.bauer-hans.de\/ferienwohnung-in-kaernten\/wp-content\/uploads\/sites\/6\/2010\/09\/colage1.jpg 750w, https:\/\/www.bauer-hans.de\/ferienwohnung-in-kaernten\/wp-content\/uploads\/sites\/6\/2010\/09\/colage1-300x168.jpg 300w\" sizes=\"auto, (max-width: 706px) 89vw, (max-width: 767px) 82vw, 740px\" \/><\/p>\n","protected":false},"excerpt":{"rendered":"<p>da wir Familie Bauer &#8211; Sanktjohaner, selbst sehr gerne nach K\u00e4rnten fahren, zwischendurch auch nur mal schnell f\u00fcr ein paar Tage und dabei dann auch viel fotografieren haben wir hier f\u00fcr Sie Fotoalben bereit gestellt. Wenn Sie auf ein Foto klicken, dann \u00f6ffnen Sie das dazugeh\u00f6rige Album: Lotte &amp; Hans im Sommer 2016 Lotte &amp; &hellip; <\/p>\n<p class=\"link-more\"><a href=\"https:\/\/www.bauer-hans.de\/ferienwohnung-in-kaernten\/fotoalbu\/\" class=\"more-link\"><span class=\"screen-reader-text\">\u201eFotoalbum\u201c <\/span>weiterlesen<\/a><\/p>\n","protected":false},"author":2,"featured_media":0,"parent":0,"menu_order":0,"comment_status":"closed","ping_status":"closed","template":"","meta":{"_acf_changed":false,"footnotes":""},"class_list":["post-25","page","type-page","status-publish","hentry"],"acf":[],"yoast_head":"<!-- This site is optimized with the Yoast SEO plugin v27.3 - https:\/\/yoast.com\/product\/yoast-seo-wordpress\/ -->\n<title>die sch\u00f6nsten Fotos aus unserem eigenen K\u00e4rnten-Urlaub<\/title>\n<meta name=\"description\" content=\"betrachten Sie hier die von uns selbst geschossenen Fotos w\u00e4hrend unseres K\u00e4rnten-Urlaubs\" \/>\n<meta name=\"robots\" content=\"index, follow, max-snippet:-1, max-image-preview:large, max-video-preview:-1\" \/>\n<link rel=\"canonical\" href=\"https:\/\/www.bauer-hans.de\/ferienwohnung-in-kaernten\/fotoalbu\/\" \/>\n<meta name=\"twitter:label1\" content=\"Gesch\u00e4tzte Lesezeit\" \/>\n\t<meta name=\"twitter:data1\" content=\"1\u00a0Minute\" \/>\n<script type=\"application\/ld+json\" class=\"yoast-schema-graph\">{\"@context\":\"https:\\\/\\\/schema.org\",\"@graph\":[{\"@type\":\"WebPage\",\"@id\":\"https:\\\/\\\/www.bauer-hans.de\\\/ferienwohnung-in-kaernten\\\/fotoalbu\\\/\",\"url\":\"https:\\\/\\\/www.bauer-hans.de\\\/ferienwohnung-in-kaernten\\\/fotoalbu\\\/\",\"name\":\"die sch\u00f6nsten Fotos aus unserem eigenen K\u00e4rnten-Urlaub\",\"isPartOf\":{\"@id\":\"https:\\\/\\\/www.bauer-hans.de\\\/ferienwohnung-in-kaernten\\\/#website\"},\"primaryImageOfPage\":{\"@id\":\"https:\\\/\\\/www.bauer-hans.de\\\/ferienwohnung-in-kaernten\\\/fotoalbu\\\/#primaryimage\"},\"image\":{\"@id\":\"https:\\\/\\\/www.bauer-hans.de\\\/ferienwohnung-in-kaernten\\\/fotoalbu\\\/#primaryimage\"},\"thumbnailUrl\":\"http:\\\/\\\/www.ferienwohnung-in-kaernten.de\\\/wp-content\\\/uploads\\\/sites\\\/6\\\/2019\\\/08\\\/IMG_2680.jpg\",\"datePublished\":\"2010-09-27T15:48:22+00:00\",\"dateModified\":\"2019-08-10T14:36:39+00:00\",\"description\":\"betrachten Sie hier die von uns selbst geschossenen Fotos w\u00e4hrend unseres K\u00e4rnten-Urlaubs\",\"breadcrumb\":{\"@id\":\"https:\\\/\\\/www.bauer-hans.de\\\/ferienwohnung-in-kaernten\\\/fotoalbu\\\/#breadcrumb\"},\"inLanguage\":\"de\",\"potentialAction\":[{\"@type\":\"ReadAction\",\"target\":[\"https:\\\/\\\/www.bauer-hans.de\\\/ferienwohnung-in-kaernten\\\/fotoalbu\\\/\"]}]},{\"@type\":\"ImageObject\",\"inLanguage\":\"de\",\"@id\":\"https:\\\/\\\/www.bauer-hans.de\\\/ferienwohnung-in-kaernten\\\/fotoalbu\\\/#primaryimage\",\"url\":\"http:\\\/\\\/www.ferienwohnung-in-kaernten.de\\\/wp-content\\\/uploads\\\/sites\\\/6\\\/2019\\\/08\\\/IMG_2680.jpg\",\"contentUrl\":\"http:\\\/\\\/www.ferienwohnung-in-kaernten.de\\\/wp-content\\\/uploads\\\/sites\\\/6\\\/2019\\\/08\\\/IMG_2680.jpg\"},{\"@type\":\"BreadcrumbList\",\"@id\":\"https:\\\/\\\/www.bauer-hans.de\\\/ferienwohnung-in-kaernten\\\/fotoalbu\\\/#breadcrumb\",\"itemListElement\":[{\"@type\":\"ListItem\",\"position\":1,\"name\":\"Startseite\",\"item\":\"https:\\\/\\\/www.bauer-hans.de\\\/ferienwohnung-in-kaernten\\\/\"},{\"@type\":\"ListItem\",\"position\":2,\"name\":\"Fotoalbum\"}]},{\"@type\":\"WebSite\",\"@id\":\"https:\\\/\\\/www.bauer-hans.de\\\/ferienwohnung-in-kaernten\\\/#website\",\"url\":\"https:\\\/\\\/www.bauer-hans.de\\\/ferienwohnung-in-kaernten\\\/\",\"name\":\"Ferienwohnung in K\u00e4rnten direkt am See eigener Garten \u2026 Wellness \u2026 beheizter Pool\",\"description\":\"Urlaubsvergn\u00fcgen pur -  tolle Fewos in  K\u00e4rnten N\u00e4he W\u00f6rthersee \\\/ Faaker See\",\"publisher\":{\"@id\":\"https:\\\/\\\/www.bauer-hans.de\\\/ferienwohnung-in-kaernten\\\/#organization\"},\"potentialAction\":[{\"@type\":\"SearchAction\",\"target\":{\"@type\":\"EntryPoint\",\"urlTemplate\":\"https:\\\/\\\/www.bauer-hans.de\\\/ferienwohnung-in-kaernten\\\/?s={search_term_string}\"},\"query-input\":{\"@type\":\"PropertyValueSpecification\",\"valueRequired\":true,\"valueName\":\"search_term_string\"}}],\"inLanguage\":\"de\"},{\"@type\":\"Organization\",\"@id\":\"https:\\\/\\\/www.bauer-hans.de\\\/ferienwohnung-in-kaernten\\\/#organization\",\"name\":\"Ferienwohnung in K\u00e4rnten direkt am See eigener Garten \u2026 Wellness \u2026 beheizter Pool\",\"url\":\"https:\\\/\\\/www.bauer-hans.de\\\/ferienwohnung-in-kaernten\\\/\",\"logo\":{\"@type\":\"ImageObject\",\"inLanguage\":\"de\",\"@id\":\"https:\\\/\\\/www.bauer-hans.de\\\/ferienwohnung-in-kaernten\\\/#\\\/schema\\\/logo\\\/image\\\/\",\"url\":\"https:\\\/\\\/www.bauer-hans.de\\\/ferienwohnung-in-kaernten\\\/wp-content\\\/uploads\\\/sites\\\/6\\\/2018\\\/05\\\/cropped-logo-4s.jpg\",\"contentUrl\":\"https:\\\/\\\/www.bauer-hans.de\\\/ferienwohnung-in-kaernten\\\/wp-content\\\/uploads\\\/sites\\\/6\\\/2018\\\/05\\\/cropped-logo-4s.jpg\",\"width\":250,\"height\":250,\"caption\":\"Ferienwohnung in K\u00e4rnten direkt am See eigener Garten \u2026 Wellness \u2026 beheizter Pool\"},\"image\":{\"@id\":\"https:\\\/\\\/www.bauer-hans.de\\\/ferienwohnung-in-kaernten\\\/#\\\/schema\\\/logo\\\/image\\\/\"}}]}<\/script>\n<!-- \/ Yoast SEO plugin. -->","yoast_head_json":{"title":"die sch\u00f6nsten Fotos aus unserem eigenen K\u00e4rnten-Urlaub","description":"betrachten Sie hier die von uns selbst geschossenen Fotos w\u00e4hrend unseres K\u00e4rnten-Urlaubs","robots":{"index":"index","follow":"follow","max-snippet":"max-snippet:-1","max-image-preview":"max-image-preview:large","max-video-preview":"max-video-preview:-1"},"canonical":"https:\/\/www.bauer-hans.de\/ferienwohnung-in-kaernten\/fotoalbu\/","twitter_misc":{"Gesch\u00e4tzte Lesezeit":"1\u00a0Minute"},"schema":{"@context":"https:\/\/schema.org","@graph":[{"@type":"WebPage","@id":"https:\/\/www.bauer-hans.de\/ferienwohnung-in-kaernten\/fotoalbu\/","url":"https:\/\/www.bauer-hans.de\/ferienwohnung-in-kaernten\/fotoalbu\/","name":"die sch\u00f6nsten Fotos aus unserem eigenen K\u00e4rnten-Urlaub","isPartOf":{"@id":"https:\/\/www.bauer-hans.de\/ferienwohnung-in-kaernten\/#website"},"primaryImageOfPage":{"@id":"https:\/\/www.bauer-hans.de\/ferienwohnung-in-kaernten\/fotoalbu\/#primaryimage"},"image":{"@id":"https:\/\/www.bauer-hans.de\/ferienwohnung-in-kaernten\/fotoalbu\/#primaryimage"},"thumbnailUrl":"http:\/\/www.ferienwohnung-in-kaernten.de\/wp-content\/uploads\/sites\/6\/2019\/08\/IMG_2680.jpg","datePublished":"2010-09-27T15:48:22+00:00","dateModified":"2019-08-10T14:36:39+00:00","description":"betrachten Sie hier die von uns selbst geschossenen Fotos w\u00e4hrend unseres K\u00e4rnten-Urlaubs","breadcrumb":{"@id":"https:\/\/www.bauer-hans.de\/ferienwohnung-in-kaernten\/fotoalbu\/#breadcrumb"},"inLanguage":"de","potentialAction":[{"@type":"ReadAction","target":["https:\/\/www.bauer-hans.de\/ferienwohnung-in-kaernten\/fotoalbu\/"]}]},{"@type":"ImageObject","inLanguage":"de","@id":"https:\/\/www.bauer-hans.de\/ferienwohnung-in-kaernten\/fotoalbu\/#primaryimage","url":"http:\/\/www.ferienwohnung-in-kaernten.de\/wp-content\/uploads\/sites\/6\/2019\/08\/IMG_2680.jpg","contentUrl":"http:\/\/www.ferienwohnung-in-kaernten.de\/wp-content\/uploads\/sites\/6\/2019\/08\/IMG_2680.jpg"},{"@type":"BreadcrumbList","@id":"https:\/\/www.bauer-hans.de\/ferienwohnung-in-kaernten\/fotoalbu\/#breadcrumb","itemListElement":[{"@type":"ListItem","position":1,"name":"Startseite","item":"https:\/\/www.bauer-hans.de\/ferienwohnung-in-kaernten\/"},{"@type":"ListItem","position":2,"name":"Fotoalbum"}]},{"@type":"WebSite","@id":"https:\/\/www.bauer-hans.de\/ferienwohnung-in-kaernten\/#website","url":"https:\/\/www.bauer-hans.de\/ferienwohnung-in-kaernten\/","name":"Ferienwohnung in K\u00e4rnten direkt am See eigener Garten \u2026 Wellness \u2026 beheizter Pool","description":"Urlaubsvergn\u00fcgen pur -  tolle Fewos in  K\u00e4rnten N\u00e4he W\u00f6rthersee \/ Faaker See","publisher":{"@id":"https:\/\/www.bauer-hans.de\/ferienwohnung-in-kaernten\/#organization"},"potentialAction":[{"@type":"SearchAction","target":{"@type":"EntryPoint","urlTemplate":"https:\/\/www.bauer-hans.de\/ferienwohnung-in-kaernten\/?s={search_term_string}"},"query-input":{"@type":"PropertyValueSpecification","valueRequired":true,"valueName":"search_term_string"}}],"inLanguage":"de"},{"@type":"Organization","@id":"https:\/\/www.bauer-hans.de\/ferienwohnung-in-kaernten\/#organization","name":"Ferienwohnung in K\u00e4rnten direkt am See eigener Garten \u2026 Wellness \u2026 beheizter Pool","url":"https:\/\/www.bauer-hans.de\/ferienwohnung-in-kaernten\/","logo":{"@type":"ImageObject","inLanguage":"de","@id":"https:\/\/www.bauer-hans.de\/ferienwohnung-in-kaernten\/#\/schema\/logo\/image\/","url":"https:\/\/www.bauer-hans.de\/ferienwohnung-in-kaernten\/wp-content\/uploads\/sites\/6\/2018\/05\/cropped-logo-4s.jpg","contentUrl":"https:\/\/www.bauer-hans.de\/ferienwohnung-in-kaernten\/wp-content\/uploads\/sites\/6\/2018\/05\/cropped-logo-4s.jpg","width":250,"height":250,"caption":"Ferienwohnung in K\u00e4rnten direkt am See eigener Garten \u2026 Wellness \u2026 beheizter Pool"},"image":{"@id":"https:\/\/www.bauer-hans.de\/ferienwohnung-in-kaernten\/#\/schema\/logo\/image\/"}}]}},"_links":{"self":[{"href":"https:\/\/www.bauer-hans.de\/ferienwohnung-in-kaernten\/wp-json\/wp\/v2\/pages\/25","targetHints":{"allow":["GET"]}}],"collection":[{"href":"https:\/\/www.bauer-hans.de\/ferienwohnung-in-kaernten\/wp-json\/wp\/v2\/pages"}],"about":[{"href":"https:\/\/www.bauer-hans.de\/ferienwohnung-in-kaernten\/wp-json\/wp\/v2\/types\/page"}],"author":[{"embeddable":true,"href":"https:\/\/www.bauer-hans.de\/ferienwohnung-in-kaernten\/wp-json\/wp\/v2\/users\/2"}],"replies":[{"embeddable":true,"href":"https:\/\/www.bauer-hans.de\/ferienwohnung-in-kaernten\/wp-json\/wp\/v2\/comments?post=25"}],"version-history":[{"count":16,"href":"https:\/\/www.bauer-hans.de\/ferienwohnung-in-kaernten\/wp-json\/wp\/v2\/pages\/25\/revisions"}],"predecessor-version":[{"id":2389,"href":"https:\/\/www.bauer-hans.de\/ferienwohnung-in-kaernten\/wp-json\/wp\/v2\/pages\/25\/revisions\/2389"}],"wp:attachment":[{"href":"https:\/\/www.bauer-hans.de\/ferienwohnung-in-kaernten\/wp-json\/wp\/v2\/media?parent=25"}],"curies":[{"name":"wp","href":"https:\/\/api.w.org\/{rel}","templated":true}]}}