{"id":31,"date":"2010-09-27T15:51:25","date_gmt":"2010-09-27T15:51:25","guid":{"rendered":"http:\/\/www.ferienwohnung-in-kaernten.de\/"},"modified":"2017-12-22T18:15:44","modified_gmt":"2017-12-22T16:15:44","slug":"links","status":"publish","type":"page","link":"https:\/\/www.bauer-hans.de\/ferienwohnung-in-kaernten\/links\/","title":{"rendered":"Links"},"content":{"rendered":"<p><a title=\"Jahres-Reiseversicherung \" href=\"https:\/\/www.covomo.de\/vergleich\/?a=4914904079&amp;direction=2&amp;age=40&amp;value=500&amp;purpose=3&amp;contract_type=1&amp;product_subtypes=6\" target=\"_blank\" rel=\"noopener\"><img loading=\"lazy\" decoding=\"async\" src=\"https:\/\/www.covomo.de\/media\/images\/branding\/covomo-logo.png\" alt=\"Jahres-Reiseversicherung \" width=\"287\" height=\"55\" border=\"0\" \/><\/a><\/p>\n<p><span style=\"text-decoration: underline;\"><strong>Links betreffend Urlaub:<br \/>\n<\/strong><\/span><\/p>\n<p><a href=\"https:\/\/www.tourist-online.de\/Unterkunft_379916.html\" target=\"_blank\" rel=\"noopener\">Unser Angebot auf tourist-online<\/a><\/p>\n<p><span style=\"text-decoration: underline;\"><strong><a href=\"http:\/\/www.roompot.de\/ferienwohnungen\/ferienhaeuser.html\" target=\"_blank\" rel=\"noopener\">Ferienhaus mit Pool<\/a><\/strong><\/span><br \/>\nHier finden Sie unsere sch\u00f6ne <a href=\"http:\/\/www.mein-ferienhaus-in.de\/fewo\/kaernten.html\" target=\"_blank\" rel=\"noopener\">Ferienwohnung in K\u00e4rnten<\/a> auf dem Portal von <a href=\"http:\/\/www.mein-ferienhaus-in.de\/fewo\/\" target=\"_blank\" rel=\"noopener\">Mein-Ferienhaus-in.de<\/a><br \/>\n<a title=\"Ferienh\u00e4user Carnica Rosental - Ferienhausangebote.com \" href=\"http:\/\/www.ferienhausangebote.com\/oesterreich\/kaernten\/ferienhaus-carnica-rosental.html\">Ferienh\u00e4user Carnica Rosental &#8211; Ferienhausangebote.com <\/a><br \/>\nFerienh\u00e4user\u00a0in K\u00e4rnten\u00a0auf\u00a0<a href=\"http:\/\/www.1000ferienwohnungen.de\/\" target=\"_blank\" rel=\"noopener\">http:\/\/www.1000ferienwohnungen.de\/<\/a> kostenlos inserieren!<!--Anfang Ferienhausmarkt.com Code --><br \/>\n<a href=\"http:\/\/www.links-reisen.de\" target=\"_blank\" rel=\"noopener\">Reiselinks<\/a><br \/>\n<a title=\"K\u00e4rnten Ferienwohnungen\" href=\"http:\/\/www.domegos.at\/Ferienwohnungen-r140-K%c3%a4rnten-Pensionen\">K\u00e4rnten Ferienwohnungen<\/a><br \/>\n<a href=\"http:\/\/www.beammachine.net\/de\/site.php?details=135515&quot;&gt;\" target=\"_blank\" rel=\"noopener\">Ferienwohnung in K\u00e4rnten<\/a><br \/>\n<a href=\"http:\/\/www.ferienhausmarkt.com\" target=\"_blank\" rel=\"noopener\">Ferienhaus<\/a><!--ENDE pensionen-weltweit.de Code --><\/p>\n<p><span style=\"text-decoration: underline;\"><a href=\"http:\/\/www.ferienhauskaernten.eu\" target=\"_blank\" rel=\"noopener\">http:\/\/www.ferienhauskaernten.eu<\/a><\/span><\/p>\n<p><a href=\"http:\/\/www.urlaub-anbieter.com\/Fewo-Bauer-3.htm\" target=\"_blank\" rel=\"noopener\">http:\/\/www.urlaub-anbieter.com\/Fewo-Bauer-3.htm<\/a><\/p>\n<p>Hier unsere beiden <a href=\"http:\/\/www.fewo-bauer.de\/\" target=\"_blank\" rel=\"noopener\">FeWo&#8217;s in Bayern<\/a><\/p>\n<p><a href=\"http:\/\/reiseabbruchversicherung.biz\/\" target=\"_blank\" rel=\"noopener\">www.reiseabbruchversicherung.biz<\/a><\/p>\n<p><a title=\"Kostenlose Werbung Link eintragen Werbung kostenlos\" href=\"http:\/\/www.links-kostenlos.de\/\" target=\"_blank\" rel=\"noopener\">Link eintragen<\/a><\/p>\n<p><a href=\"http:\/\/www.urlaub-anbieter.com\/\" target=\"_blank\" rel=\"noopener\">Urlaub-Anbieter.com<\/a><\/p>\n<p><a href=\"http:\/\/www.segelmacher-in-bayern.de\/\" target=\"_blank\" rel=\"noopener\">Segelmacher in Bayern<\/a><\/p>\n<p><a href=\"http:\/\/www.familydays.de\/\" target=\"_blank\" rel=\"noopener\">Familienurlaub in Deutschland und \u00d6sterreich<\/a><\/p>\n<p><a href=\"http:\/\/www.fewo-privat.eu\" target=\"_blank\" rel=\"noopener\">Fewo-Privat.eu<\/a><\/p>\n<p><a href=\"http:\/\/www.linkaufbau.de\/eigene-homepage-erstellen.htm\">Homepage Baukasten<\/a><\/p>\n<p>Privat-Feriendomizil in K\u00e4rnten mieten bei <a href=\"http:\/\/www.holiday-home.com\" target=\"_blank\" rel=\"noopener\">www.holiday-home.com<\/a>.<\/p>\n<p><span style=\"color: green;\"><a href=\"http:\/\/www.ferienwohnung-ferienhaus-weltweit.at\/auswobj_d.aspx?Land=AT\" target=\"_blank\" rel=\"noopener\">Preiswerte Ferienh\u00e4user und Ferienwohnungen \u00d6sterreich direkt vom privaten Vermieter. Feriendomizil-Inserat gratis.<\/a><\/span><\/p>\n<p><span style=\"color: green;\"><a href=\"http:\/\/www.ferienwohnung-kostenlos-eintragen.de\" target=\"_blank\" rel=\"noopener\">www.ferienwohnung-kostenlos-eintragen.de <\/a><\/span><br \/>\n<!-- Traumunterkunft - Partnerprogramm --><br \/>\n<a title=\"Branchenbuch \u00d6sterreich\" href=\"http:\/\/www.branchenport.de\" target=\"_blank\" rel=\"noopener\">Branchenbuch<\/a> &amp; <a title=\"Ferienh\u00e4user \u00d6sterreich\" href=\"http:\/\/www.traumunterkunft.com\/oesterreich.html\" target=\"_blank\" rel=\"noopener\">Ferienh\u00e4user<\/a> in \u00d6sterreich &#8211; Traumunterkunft<br \/>\n<!-- Traumunterkunft - Partnerprogramm --><br \/>\n<a href=\"http:\/\/www.links-reisen.de\" target=\"_blank\" rel=\"noopener\">Reiselinks<\/a><br \/>\n<a href=\"http:\/\/www.wetest.de\/\" rel=\"nofollow\"><img decoding=\"async\" src=\"http:\/\/www.wetest.de\/pics\/spamfree.gif\" alt=\"spamfree\" border=\"0\" \/><\/a><\/p>\n<p>&nbsp;<\/p>\n<p><!-- BEGINN listing-agent-reisen.de Code --><!-- ENDE listing-agent-reisen.de Code --><\/p>\n<p><span style=\"color: green;\"><span style=\"text-decoration: underline;\"><strong>Links zu anderen Themen:<\/strong><\/span><\/span><\/p>\n<p><span style=\"color: #ff4b33;\"><a href=\"http:\/\/vfm-ll.de\" target=\"_blank\" rel=\"noopener\">unabh\u00e4ngiger Versicherungsmakler<\/a> | <a href=\"http:\/\/www.vfm-immo.de\" target=\"_blank\" rel=\"noopener\">Immobilienmakler <\/a>| <a href=\"http:\/\/www.zahnersatz-versicherung.net\" target=\"_blank\" rel=\"noopener\">Zahnersatzversicherung <\/a>| <a href=\"http:\/\/www.anschaffungsdarlehen.net\" target=\"_blank\" rel=\"noopener\">Kleinkredit <\/a>| <a href=\"http:\/\/www.girokonto24.com\" target=\"_blank\" rel=\"noopener\">das optimale Girokonto<\/a> | <a href=\"http:\/\/www.beste-zinsen.eu\/\" target=\"_blank\" rel=\"noopener\">beste Zinsen f\u00fcr Ihr Geld<\/a> | <a href=\"http:\/\/www.pflege-versicherung24.eu\/\" target=\"_blank\" rel=\"noopener\">Pflegeversicherung <\/a>| <a href=\"http:\/\/www.auslandsreise-krankenversicherung.net\" target=\"_blank\" rel=\"noopener\">Reiseversicherungen<\/a>\u00a0| <a href=\"http:\/\/www.therapeutensuche.eu\/\" target=\"_blank\" rel=\"noopener\">http:\/\/www.therapeutensuche.eu\/<\/a><br \/>\n<\/span><\/p>\n<p>Wir haben auf unserer Homepage Links zu anderen Seiten gesetzt. F\u00fcr all diese Links gilt: &#8222;Wir m\u00f6chten ausdr\u00fccklich betonen, dass wir keinerlei Einflu\u00df auf die Gestaltung und die Inhalte der hier verlinkten Seiten haben. Deshalb distanzieren wir uns hiermit ausdr\u00fccklich von allen Inhalten aller verlinkten Seiten auf dieser gesamten Website inkl. alle Unterseiten. Diese Erkl\u00e4rung gilt f\u00fcr alle auf unserer Homepage ausgebrachten Links und f\u00fcr alle Inhalte der Seiten, zu denen Links oder Banner f\u00fchren.&#8220;<\/p>\n","protected":false},"excerpt":{"rendered":"<p>Links betreffend Urlaub: Unser Angebot auf tourist-online Ferienhaus mit Pool Hier finden Sie unsere sch\u00f6ne Ferienwohnung in K\u00e4rnten auf dem Portal von Mein-Ferienhaus-in.de Ferienh\u00e4user Carnica Rosental &#8211; Ferienhausangebote.com Ferienh\u00e4user\u00a0in K\u00e4rnten\u00a0auf\u00a0http:\/\/www.1000ferienwohnungen.de\/ kostenlos inserieren! Reiselinks K\u00e4rnten Ferienwohnungen Ferienwohnung in K\u00e4rnten Ferienhaus http:\/\/www.ferienhauskaernten.eu http:\/\/www.urlaub-anbieter.com\/Fewo-Bauer-3.htm Hier unsere beiden FeWo&#8217;s in Bayern www.reiseabbruchversicherung.biz Link eintragen Urlaub-Anbieter.com Segelmacher in Bayern Familienurlaub &hellip; <\/p>\n<p class=\"link-more\"><a href=\"https:\/\/www.bauer-hans.de\/ferienwohnung-in-kaernten\/links\/\" class=\"more-link\"><span class=\"screen-reader-text\">\u201eLinks\u201c <\/span>weiterlesen<\/a><\/p>\n","protected":false},"author":2,"featured_media":0,"parent":0,"menu_order":0,"comment_status":"closed","ping_status":"closed","template":"","meta":{"_acf_changed":false,"footnotes":""},"class_list":["post-31","page","type-page","status-publish","hentry"],"acf":[],"yoast_head":"<!-- This site is optimized with the Yoast SEO plugin v27.4 - https:\/\/yoast.com\/product\/yoast-seo-wordpress\/ -->\n<title>Linkseite Fewo K\u00e4rnten<\/title>\n<meta name=\"description\" content=\"hier haben wir f\u00fcr Sie interessante Links zusammengestellt\" \/>\n<meta name=\"robots\" content=\"index, follow, max-snippet:-1, max-image-preview:large, max-video-preview:-1\" \/>\n<link rel=\"canonical\" href=\"https:\/\/www.bauer-hans.de\/ferienwohnung-in-kaernten\/links\/\" \/>\n<meta name=\"twitter:label1\" content=\"Gesch\u00e4tzte Lesezeit\" \/>\n\t<meta name=\"twitter:data1\" content=\"1\u00a0Minute\" \/>\n<script type=\"application\/ld+json\" class=\"yoast-schema-graph\">{\"@context\":\"https:\\\/\\\/schema.org\",\"@graph\":[{\"@type\":\"WebPage\",\"@id\":\"https:\\\/\\\/www.bauer-hans.de\\\/ferienwohnung-in-kaernten\\\/links\\\/\",\"url\":\"https:\\\/\\\/www.bauer-hans.de\\\/ferienwohnung-in-kaernten\\\/links\\\/\",\"name\":\"Linkseite Fewo K\u00e4rnten\",\"isPartOf\":{\"@id\":\"https:\\\/\\\/www.bauer-hans.de\\\/ferienwohnung-in-kaernten\\\/#website\"},\"primaryImageOfPage\":{\"@id\":\"https:\\\/\\\/www.bauer-hans.de\\\/ferienwohnung-in-kaernten\\\/links\\\/#primaryimage\"},\"image\":{\"@id\":\"https:\\\/\\\/www.bauer-hans.de\\\/ferienwohnung-in-kaernten\\\/links\\\/#primaryimage\"},\"thumbnailUrl\":\"https:\\\/\\\/www.covomo.de\\\/media\\\/images\\\/branding\\\/covomo-logo.png\",\"datePublished\":\"2010-09-27T15:51:25+00:00\",\"dateModified\":\"2017-12-22T16:15:44+00:00\",\"description\":\"hier haben wir f\u00fcr Sie interessante Links zusammengestellt\",\"breadcrumb\":{\"@id\":\"https:\\\/\\\/www.bauer-hans.de\\\/ferienwohnung-in-kaernten\\\/links\\\/#breadcrumb\"},\"inLanguage\":\"de\",\"potentialAction\":[{\"@type\":\"ReadAction\",\"target\":[\"https:\\\/\\\/www.bauer-hans.de\\\/ferienwohnung-in-kaernten\\\/links\\\/\"]}]},{\"@type\":\"ImageObject\",\"inLanguage\":\"de\",\"@id\":\"https:\\\/\\\/www.bauer-hans.de\\\/ferienwohnung-in-kaernten\\\/links\\\/#primaryimage\",\"url\":\"https:\\\/\\\/www.covomo.de\\\/media\\\/images\\\/branding\\\/covomo-logo.png\",\"contentUrl\":\"https:\\\/\\\/www.covomo.de\\\/media\\\/images\\\/branding\\\/covomo-logo.png\"},{\"@type\":\"BreadcrumbList\",\"@id\":\"https:\\\/\\\/www.bauer-hans.de\\\/ferienwohnung-in-kaernten\\\/links\\\/#breadcrumb\",\"itemListElement\":[{\"@type\":\"ListItem\",\"position\":1,\"name\":\"Startseite\",\"item\":\"https:\\\/\\\/www.bauer-hans.de\\\/ferienwohnung-in-kaernten\\\/\"},{\"@type\":\"ListItem\",\"position\":2,\"name\":\"Links\"}]},{\"@type\":\"WebSite\",\"@id\":\"https:\\\/\\\/www.bauer-hans.de\\\/ferienwohnung-in-kaernten\\\/#website\",\"url\":\"https:\\\/\\\/www.bauer-hans.de\\\/ferienwohnung-in-kaernten\\\/\",\"name\":\"Ferienwohnung in K\u00e4rnten direkt am See eigener Garten \u2026 Wellness \u2026 beheizter Pool\",\"description\":\"Urlaubsvergn\u00fcgen pur -  tolle Fewos in  K\u00e4rnten N\u00e4he W\u00f6rthersee \\\/ Faaker See\",\"publisher\":{\"@id\":\"https:\\\/\\\/www.bauer-hans.de\\\/ferienwohnung-in-kaernten\\\/#organization\"},\"potentialAction\":[{\"@type\":\"SearchAction\",\"target\":{\"@type\":\"EntryPoint\",\"urlTemplate\":\"https:\\\/\\\/www.bauer-hans.de\\\/ferienwohnung-in-kaernten\\\/?s={search_term_string}\"},\"query-input\":{\"@type\":\"PropertyValueSpecification\",\"valueRequired\":true,\"valueName\":\"search_term_string\"}}],\"inLanguage\":\"de\"},{\"@type\":\"Organization\",\"@id\":\"https:\\\/\\\/www.bauer-hans.de\\\/ferienwohnung-in-kaernten\\\/#organization\",\"name\":\"Ferienwohnung in K\u00e4rnten direkt am See eigener Garten \u2026 Wellness \u2026 beheizter Pool\",\"url\":\"https:\\\/\\\/www.bauer-hans.de\\\/ferienwohnung-in-kaernten\\\/\",\"logo\":{\"@type\":\"ImageObject\",\"inLanguage\":\"de\",\"@id\":\"https:\\\/\\\/www.bauer-hans.de\\\/ferienwohnung-in-kaernten\\\/#\\\/schema\\\/logo\\\/image\\\/\",\"url\":\"https:\\\/\\\/www.bauer-hans.de\\\/ferienwohnung-in-kaernten\\\/wp-content\\\/uploads\\\/sites\\\/6\\\/2018\\\/05\\\/cropped-logo-4s.jpg\",\"contentUrl\":\"https:\\\/\\\/www.bauer-hans.de\\\/ferienwohnung-in-kaernten\\\/wp-content\\\/uploads\\\/sites\\\/6\\\/2018\\\/05\\\/cropped-logo-4s.jpg\",\"width\":250,\"height\":250,\"caption\":\"Ferienwohnung in K\u00e4rnten direkt am See eigener Garten \u2026 Wellness \u2026 beheizter Pool\"},\"image\":{\"@id\":\"https:\\\/\\\/www.bauer-hans.de\\\/ferienwohnung-in-kaernten\\\/#\\\/schema\\\/logo\\\/image\\\/\"}}]}<\/script>\n<!-- \/ Yoast SEO plugin. -->","yoast_head_json":{"title":"Linkseite Fewo K\u00e4rnten","description":"hier haben wir f\u00fcr Sie interessante Links zusammengestellt","robots":{"index":"index","follow":"follow","max-snippet":"max-snippet:-1","max-image-preview":"max-image-preview:large","max-video-preview":"max-video-preview:-1"},"canonical":"https:\/\/www.bauer-hans.de\/ferienwohnung-in-kaernten\/links\/","twitter_misc":{"Gesch\u00e4tzte Lesezeit":"1\u00a0Minute"},"schema":{"@context":"https:\/\/schema.org","@graph":[{"@type":"WebPage","@id":"https:\/\/www.bauer-hans.de\/ferienwohnung-in-kaernten\/links\/","url":"https:\/\/www.bauer-hans.de\/ferienwohnung-in-kaernten\/links\/","name":"Linkseite Fewo K\u00e4rnten","isPartOf":{"@id":"https:\/\/www.bauer-hans.de\/ferienwohnung-in-kaernten\/#website"},"primaryImageOfPage":{"@id":"https:\/\/www.bauer-hans.de\/ferienwohnung-in-kaernten\/links\/#primaryimage"},"image":{"@id":"https:\/\/www.bauer-hans.de\/ferienwohnung-in-kaernten\/links\/#primaryimage"},"thumbnailUrl":"https:\/\/www.covomo.de\/media\/images\/branding\/covomo-logo.png","datePublished":"2010-09-27T15:51:25+00:00","dateModified":"2017-12-22T16:15:44+00:00","description":"hier haben wir f\u00fcr Sie interessante Links zusammengestellt","breadcrumb":{"@id":"https:\/\/www.bauer-hans.de\/ferienwohnung-in-kaernten\/links\/#breadcrumb"},"inLanguage":"de","potentialAction":[{"@type":"ReadAction","target":["https:\/\/www.bauer-hans.de\/ferienwohnung-in-kaernten\/links\/"]}]},{"@type":"ImageObject","inLanguage":"de","@id":"https:\/\/www.bauer-hans.de\/ferienwohnung-in-kaernten\/links\/#primaryimage","url":"https:\/\/www.covomo.de\/media\/images\/branding\/covomo-logo.png","contentUrl":"https:\/\/www.covomo.de\/media\/images\/branding\/covomo-logo.png"},{"@type":"BreadcrumbList","@id":"https:\/\/www.bauer-hans.de\/ferienwohnung-in-kaernten\/links\/#breadcrumb","itemListElement":[{"@type":"ListItem","position":1,"name":"Startseite","item":"https:\/\/www.bauer-hans.de\/ferienwohnung-in-kaernten\/"},{"@type":"ListItem","position":2,"name":"Links"}]},{"@type":"WebSite","@id":"https:\/\/www.bauer-hans.de\/ferienwohnung-in-kaernten\/#website","url":"https:\/\/www.bauer-hans.de\/ferienwohnung-in-kaernten\/","name":"Ferienwohnung in K\u00e4rnten direkt am See eigener Garten \u2026 Wellness \u2026 beheizter Pool","description":"Urlaubsvergn\u00fcgen pur -  tolle Fewos in  K\u00e4rnten N\u00e4he W\u00f6rthersee \/ Faaker See","publisher":{"@id":"https:\/\/www.bauer-hans.de\/ferienwohnung-in-kaernten\/#organization"},"potentialAction":[{"@type":"SearchAction","target":{"@type":"EntryPoint","urlTemplate":"https:\/\/www.bauer-hans.de\/ferienwohnung-in-kaernten\/?s={search_term_string}"},"query-input":{"@type":"PropertyValueSpecification","valueRequired":true,"valueName":"search_term_string"}}],"inLanguage":"de"},{"@type":"Organization","@id":"https:\/\/www.bauer-hans.de\/ferienwohnung-in-kaernten\/#organization","name":"Ferienwohnung in K\u00e4rnten direkt am See eigener Garten \u2026 Wellness \u2026 beheizter Pool","url":"https:\/\/www.bauer-hans.de\/ferienwohnung-in-kaernten\/","logo":{"@type":"ImageObject","inLanguage":"de","@id":"https:\/\/www.bauer-hans.de\/ferienwohnung-in-kaernten\/#\/schema\/logo\/image\/","url":"https:\/\/www.bauer-hans.de\/ferienwohnung-in-kaernten\/wp-content\/uploads\/sites\/6\/2018\/05\/cropped-logo-4s.jpg","contentUrl":"https:\/\/www.bauer-hans.de\/ferienwohnung-in-kaernten\/wp-content\/uploads\/sites\/6\/2018\/05\/cropped-logo-4s.jpg","width":250,"height":250,"caption":"Ferienwohnung in K\u00e4rnten direkt am See eigener Garten \u2026 Wellness \u2026 beheizter Pool"},"image":{"@id":"https:\/\/www.bauer-hans.de\/ferienwohnung-in-kaernten\/#\/schema\/logo\/image\/"}}]}},"_links":{"self":[{"href":"https:\/\/www.bauer-hans.de\/ferienwohnung-in-kaernten\/wp-json\/wp\/v2\/pages\/31","targetHints":{"allow":["GET"]}}],"collection":[{"href":"https:\/\/www.bauer-hans.de\/ferienwohnung-in-kaernten\/wp-json\/wp\/v2\/pages"}],"about":[{"href":"https:\/\/www.bauer-hans.de\/ferienwohnung-in-kaernten\/wp-json\/wp\/v2\/types\/page"}],"author":[{"embeddable":true,"href":"https:\/\/www.bauer-hans.de\/ferienwohnung-in-kaernten\/wp-json\/wp\/v2\/users\/2"}],"replies":[{"embeddable":true,"href":"https:\/\/www.bauer-hans.de\/ferienwohnung-in-kaernten\/wp-json\/wp\/v2\/comments?post=31"}],"version-history":[{"count":17,"href":"https:\/\/www.bauer-hans.de\/ferienwohnung-in-kaernten\/wp-json\/wp\/v2\/pages\/31\/revisions"}],"predecessor-version":[{"id":2265,"href":"https:\/\/www.bauer-hans.de\/ferienwohnung-in-kaernten\/wp-json\/wp\/v2\/pages\/31\/revisions\/2265"}],"wp:attachment":[{"href":"https:\/\/www.bauer-hans.de\/ferienwohnung-in-kaernten\/wp-json\/wp\/v2\/media?parent=31"}],"curies":[{"name":"wp","href":"https:\/\/api.w.org\/{rel}","templated":true}]}}