{"id":869,"date":"2011-02-12T16:53:48","date_gmt":"2011-02-12T16:53:48","guid":{"rendered":"http:\/\/www.ferienwohnung-in-kaernten.de\/"},"modified":"2017-05-29T15:35:42","modified_gmt":"2017-05-29T13:35:42","slug":"umgebung","status":"publish","type":"page","link":"https:\/\/www.bauer-hans.de\/ferienwohnung-in-kaernten\/umgebung\/","title":{"rendered":"Umgebung"},"content":{"rendered":"<h1 style=\"text-align: center;\"><a href=\"http:\/\/www.carnica-rosental.at\/tourismus_de\/inhalt\/C112\/ein_tag_glueck_im_rosental3\/\" target=\"_blank\" rel=\"noopener noreferrer\">Ein Tag Gl\u00fcck im Rosental<\/a><\/h1>\n<p class=\"teaser\" style=\"text-align: center;\">Das Rosental: S\u00fcdlich, naturnah, sanft, gleichzeitig alpin. Die abwechslungsreiche Landschaft von schroffen Karawanken \u00fcber sanfte H\u00fcgel bis zur ebenen Talsohle bietet eindrucksvolle Naturerlebnisse, Kulinarikgenuss und Freizeitspa\u00df f\u00fcr die ganze Familie.<br \/>\nEntdecken Sie einzigartige Ausflugsziele und lassen Sie sich von ortskundigen Guides zu attraktiven Erlebnistouren entf\u00fchren.<\/p>\n<p>&nbsp;<\/p>\n<p style=\"text-align: center;\"><a href=\"http:\/\/www.sonnenwinkel-kaernten.at\/\" target=\"_blank\" rel=\"noopener noreferrer\">Informieren Sie sich hier \u00fcber das herrliche Urlaubsland K\u00e4rnten<\/a><\/p>\n<p>Hier im absolut s\u00fcdlichsten Teil von \u00d6sterreich \/ K\u00e4rnten, zwischen den Ufern und<a href=\"http:\/\/www.ferienwohnung-in-kaernten.de\/wp-content\/uploads\/sites\/6\/2010\/09\/zell-sele1.jpg\"><img loading=\"lazy\" decoding=\"async\" class=\"alignleft size-large wp-image-1770\" src=\"http:\/\/www.ferienwohnung-in-kaernten.de\/wp-content\/uploads\/sites\/6\/2010\/09\/zell-sele1-1024x576.jpg\" alt=\"Dorf Zell Sele\" width=\"640\" height=\"360\" srcset=\"https:\/\/www.bauer-hans.de\/ferienwohnung-in-kaernten\/wp-content\/uploads\/sites\/6\/2010\/09\/zell-sele1-1024x576.jpg 1024w, https:\/\/www.bauer-hans.de\/ferienwohnung-in-kaernten\/wp-content\/uploads\/sites\/6\/2010\/09\/zell-sele1-300x168.jpg 300w, https:\/\/www.bauer-hans.de\/ferienwohnung-in-kaernten\/wp-content\/uploads\/sites\/6\/2010\/09\/zell-sele1-250x140.jpg 250w, https:\/\/www.bauer-hans.de\/ferienwohnung-in-kaernten\/wp-content\/uploads\/sites\/6\/2010\/09\/zell-sele1.jpg 1200w\" sizes=\"auto, (max-width: 640px) 100vw, 640px\" \/>\u00a0<\/a>Gipfeln der Berg- und Seenregionen tut sich eine der wunderbarsten Wanderlandschaften auf und er\u00f6ffnet unz\u00e4hlige Aussichten und Einsichten in den wanderbaren S\u00fcden \u00d6sterreichs.<\/p>\n<p>K\u00e4rnten gilt als Land der Berge und Seen: 85 Bergkipfel sind h\u00f6her als 3.000 m \u2013 in K\u00e4rnten gibt 1270 stehende Gew\u00e4sser.<\/p>\n<p>Das Rosental und unser Feriendorf sind aufgrund ihrer Lage in mehrfacher Hinsicht bevorzugt. Die N\u00e4he zum Mittelmeer l\u00e4\u00dft den Fr\u00fchling fr\u00fcher bl\u00fchen, gibt uns intensivere und w\u00e4rmere Sommer, verl\u00e4ngert den Herbst und damit die Wandersaison. Gleichzeitig erleben wir kalte und \u00e4usserst schneereiche Winter. Dieser zeigt besondere Reize, sei es bei langen Spaziergaengen durch m\u00e4rchenhafte Schneelandschaften, Rodelpartien, Langlaufausfl\u00fcgen oder beim Alpin-Skifahren in einem der sonnenverw\u00f6hnten K\u00e4rntner Skigebieten.<\/p>\n<p>Erkunden Sie zu Fuss die Sch\u00f6nheiten der Karawanken-Bergwelt. Ausflugtipps f\u00fcr alle Jahreszeiten: Villach, Klagenfurt, Udine in Italien und Bled in Slowenien \u2013 zum Bummeln und Shoppen.<\/p>\n<p><a href=\"http:\/\/www.ferienwohnung-in-kaernten.de\/wp-content\/uploads\/sites\/6\/2016\/04\/Sanktjohanser-Familiy.jpg\" rel=\"attachment wp-att-2101\"><img loading=\"lazy\" decoding=\"async\" class=\"alignnone size-full wp-image-2101\" src=\"http:\/\/www.ferienwohnung-in-kaernten.de\/wp-content\/uploads\/sites\/6\/2016\/04\/Sanktjohanser-Familiy.jpg\" alt=\"Sanktjohanser Familiy\" width=\"1000\" height=\"750\" srcset=\"https:\/\/www.bauer-hans.de\/ferienwohnung-in-kaernten\/wp-content\/uploads\/sites\/6\/2016\/04\/Sanktjohanser-Familiy.jpg 1000w, https:\/\/www.bauer-hans.de\/ferienwohnung-in-kaernten\/wp-content\/uploads\/sites\/6\/2016\/04\/Sanktjohanser-Familiy-300x225.jpg 300w, https:\/\/www.bauer-hans.de\/ferienwohnung-in-kaernten\/wp-content\/uploads\/sites\/6\/2016\/04\/Sanktjohanser-Familiy-768x576.jpg 768w, https:\/\/www.bauer-hans.de\/ferienwohnung-in-kaernten\/wp-content\/uploads\/sites\/6\/2016\/04\/Sanktjohanser-Familiy-250x188.jpg 250w\" sizes=\"auto, (max-width: 767px) 89vw, (max-width: 1000px) 54vw, (max-width: 1071px) 543px, 580px\" \/><\/a><\/p>\n<p>Kulturell ist das Rosental ein absolutes Schwergewicht, wo Kunstliebhaber mit h\u00f6chsten Anspr\u00fcchen voll auf ihre Rechnung kommen.<br \/>\nAttraktiv durch das Angebot intakter Natur und auch durch die N\u00e4he zu Klagenfurt, der pulsierenden Hauptstadt, sowie zur Stadt Villach mit ihrem schon italienischen Flair, kann das Rosental auf allen Schienen punkten.<br \/>\nSportlich, kulinarisch, gastlich sind Attribute, welche Besucher zurecht sch\u00fctzen. Das silberne Band der Drau verdoppelt als Spiegelbild die landschaftliche Sch\u00f6nheit des Tales und unterstreicht deren Wirkung.<\/p>\n","protected":false},"excerpt":{"rendered":"<p>Ein Tag Gl\u00fcck im Rosental Das Rosental: S\u00fcdlich, naturnah, sanft, gleichzeitig alpin. Die abwechslungsreiche Landschaft von schroffen Karawanken \u00fcber sanfte H\u00fcgel bis zur ebenen Talsohle bietet eindrucksvolle Naturerlebnisse, Kulinarikgenuss und Freizeitspa\u00df f\u00fcr die ganze Familie. Entdecken Sie einzigartige Ausflugsziele und lassen Sie sich von ortskundigen Guides zu attraktiven Erlebnistouren entf\u00fchren. &nbsp; Informieren Sie sich hier &hellip; <\/p>\n<p class=\"link-more\"><a href=\"https:\/\/www.bauer-hans.de\/ferienwohnung-in-kaernten\/umgebung\/\" class=\"more-link\"><span class=\"screen-reader-text\">\u201eUmgebung\u201c <\/span>weiterlesen<\/a><\/p>\n","protected":false},"author":2,"featured_media":0,"parent":0,"menu_order":0,"comment_status":"closed","ping_status":"closed","template":"","meta":{"_acf_changed":false,"footnotes":""},"class_list":["post-869","page","type-page","status-publish","hentry"],"acf":[],"yoast_head":"<!-- This site is optimized with the Yoast SEO plugin v27.4 - https:\/\/yoast.com\/product\/yoast-seo-wordpress\/ -->\n<title>Umgebung unserer Ferienwohnungen in K\u00e4rnten<\/title>\n<meta name=\"description\" content=\"Herrliche Lage direkt am See\" \/>\n<meta name=\"robots\" content=\"index, follow, max-snippet:-1, max-image-preview:large, max-video-preview:-1\" \/>\n<link rel=\"canonical\" href=\"https:\/\/www.bauer-hans.de\/ferienwohnung-in-kaernten\/umgebung\/\" \/>\n<meta name=\"twitter:label1\" content=\"Gesch\u00e4tzte Lesezeit\" \/>\n\t<meta name=\"twitter:data1\" content=\"2\u00a0Minuten\" \/>\n<script type=\"application\/ld+json\" class=\"yoast-schema-graph\">{\"@context\":\"https:\\\/\\\/schema.org\",\"@graph\":[{\"@type\":\"WebPage\",\"@id\":\"https:\\\/\\\/www.bauer-hans.de\\\/ferienwohnung-in-kaernten\\\/umgebung\\\/\",\"url\":\"https:\\\/\\\/www.bauer-hans.de\\\/ferienwohnung-in-kaernten\\\/umgebung\\\/\",\"name\":\"Umgebung unserer Ferienwohnungen in K\u00e4rnten\",\"isPartOf\":{\"@id\":\"https:\\\/\\\/www.bauer-hans.de\\\/ferienwohnung-in-kaernten\\\/#website\"},\"primaryImageOfPage\":{\"@id\":\"https:\\\/\\\/www.bauer-hans.de\\\/ferienwohnung-in-kaernten\\\/umgebung\\\/#primaryimage\"},\"image\":{\"@id\":\"https:\\\/\\\/www.bauer-hans.de\\\/ferienwohnung-in-kaernten\\\/umgebung\\\/#primaryimage\"},\"thumbnailUrl\":\"http:\\\/\\\/www.ferienwohnung-in-kaernten.de\\\/wp-content\\\/uploads\\\/sites\\\/6\\\/2010\\\/09\\\/zell-sele1-1024x576.jpg\",\"datePublished\":\"2011-02-12T16:53:48+00:00\",\"dateModified\":\"2017-05-29T13:35:42+00:00\",\"description\":\"Herrliche Lage direkt am See\",\"breadcrumb\":{\"@id\":\"https:\\\/\\\/www.bauer-hans.de\\\/ferienwohnung-in-kaernten\\\/umgebung\\\/#breadcrumb\"},\"inLanguage\":\"de\",\"potentialAction\":[{\"@type\":\"ReadAction\",\"target\":[\"https:\\\/\\\/www.bauer-hans.de\\\/ferienwohnung-in-kaernten\\\/umgebung\\\/\"]}]},{\"@type\":\"ImageObject\",\"inLanguage\":\"de\",\"@id\":\"https:\\\/\\\/www.bauer-hans.de\\\/ferienwohnung-in-kaernten\\\/umgebung\\\/#primaryimage\",\"url\":\"http:\\\/\\\/www.ferienwohnung-in-kaernten.de\\\/wp-content\\\/uploads\\\/sites\\\/6\\\/2010\\\/09\\\/zell-sele1-1024x576.jpg\",\"contentUrl\":\"http:\\\/\\\/www.ferienwohnung-in-kaernten.de\\\/wp-content\\\/uploads\\\/sites\\\/6\\\/2010\\\/09\\\/zell-sele1-1024x576.jpg\"},{\"@type\":\"BreadcrumbList\",\"@id\":\"https:\\\/\\\/www.bauer-hans.de\\\/ferienwohnung-in-kaernten\\\/umgebung\\\/#breadcrumb\",\"itemListElement\":[{\"@type\":\"ListItem\",\"position\":1,\"name\":\"Startseite\",\"item\":\"https:\\\/\\\/www.bauer-hans.de\\\/ferienwohnung-in-kaernten\\\/\"},{\"@type\":\"ListItem\",\"position\":2,\"name\":\"Umgebung\"}]},{\"@type\":\"WebSite\",\"@id\":\"https:\\\/\\\/www.bauer-hans.de\\\/ferienwohnung-in-kaernten\\\/#website\",\"url\":\"https:\\\/\\\/www.bauer-hans.de\\\/ferienwohnung-in-kaernten\\\/\",\"name\":\"Ferienwohnung in K\u00e4rnten direkt am See eigener Garten \u2026 Wellness \u2026 beheizter Pool\",\"description\":\"Urlaubsvergn\u00fcgen pur -  tolle Fewos in  K\u00e4rnten N\u00e4he W\u00f6rthersee \\\/ Faaker See\",\"publisher\":{\"@id\":\"https:\\\/\\\/www.bauer-hans.de\\\/ferienwohnung-in-kaernten\\\/#organization\"},\"potentialAction\":[{\"@type\":\"SearchAction\",\"target\":{\"@type\":\"EntryPoint\",\"urlTemplate\":\"https:\\\/\\\/www.bauer-hans.de\\\/ferienwohnung-in-kaernten\\\/?s={search_term_string}\"},\"query-input\":{\"@type\":\"PropertyValueSpecification\",\"valueRequired\":true,\"valueName\":\"search_term_string\"}}],\"inLanguage\":\"de\"},{\"@type\":\"Organization\",\"@id\":\"https:\\\/\\\/www.bauer-hans.de\\\/ferienwohnung-in-kaernten\\\/#organization\",\"name\":\"Ferienwohnung in K\u00e4rnten direkt am See eigener Garten \u2026 Wellness \u2026 beheizter Pool\",\"url\":\"https:\\\/\\\/www.bauer-hans.de\\\/ferienwohnung-in-kaernten\\\/\",\"logo\":{\"@type\":\"ImageObject\",\"inLanguage\":\"de\",\"@id\":\"https:\\\/\\\/www.bauer-hans.de\\\/ferienwohnung-in-kaernten\\\/#\\\/schema\\\/logo\\\/image\\\/\",\"url\":\"https:\\\/\\\/www.bauer-hans.de\\\/ferienwohnung-in-kaernten\\\/wp-content\\\/uploads\\\/sites\\\/6\\\/2018\\\/05\\\/cropped-logo-4s.jpg\",\"contentUrl\":\"https:\\\/\\\/www.bauer-hans.de\\\/ferienwohnung-in-kaernten\\\/wp-content\\\/uploads\\\/sites\\\/6\\\/2018\\\/05\\\/cropped-logo-4s.jpg\",\"width\":250,\"height\":250,\"caption\":\"Ferienwohnung in K\u00e4rnten direkt am See eigener Garten \u2026 Wellness \u2026 beheizter Pool\"},\"image\":{\"@id\":\"https:\\\/\\\/www.bauer-hans.de\\\/ferienwohnung-in-kaernten\\\/#\\\/schema\\\/logo\\\/image\\\/\"}}]}<\/script>\n<!-- \/ Yoast SEO plugin. -->","yoast_head_json":{"title":"Umgebung unserer Ferienwohnungen in K\u00e4rnten","description":"Herrliche Lage direkt am See","robots":{"index":"index","follow":"follow","max-snippet":"max-snippet:-1","max-image-preview":"max-image-preview:large","max-video-preview":"max-video-preview:-1"},"canonical":"https:\/\/www.bauer-hans.de\/ferienwohnung-in-kaernten\/umgebung\/","twitter_misc":{"Gesch\u00e4tzte Lesezeit":"2\u00a0Minuten"},"schema":{"@context":"https:\/\/schema.org","@graph":[{"@type":"WebPage","@id":"https:\/\/www.bauer-hans.de\/ferienwohnung-in-kaernten\/umgebung\/","url":"https:\/\/www.bauer-hans.de\/ferienwohnung-in-kaernten\/umgebung\/","name":"Umgebung unserer Ferienwohnungen in K\u00e4rnten","isPartOf":{"@id":"https:\/\/www.bauer-hans.de\/ferienwohnung-in-kaernten\/#website"},"primaryImageOfPage":{"@id":"https:\/\/www.bauer-hans.de\/ferienwohnung-in-kaernten\/umgebung\/#primaryimage"},"image":{"@id":"https:\/\/www.bauer-hans.de\/ferienwohnung-in-kaernten\/umgebung\/#primaryimage"},"thumbnailUrl":"http:\/\/www.ferienwohnung-in-kaernten.de\/wp-content\/uploads\/sites\/6\/2010\/09\/zell-sele1-1024x576.jpg","datePublished":"2011-02-12T16:53:48+00:00","dateModified":"2017-05-29T13:35:42+00:00","description":"Herrliche Lage direkt am See","breadcrumb":{"@id":"https:\/\/www.bauer-hans.de\/ferienwohnung-in-kaernten\/umgebung\/#breadcrumb"},"inLanguage":"de","potentialAction":[{"@type":"ReadAction","target":["https:\/\/www.bauer-hans.de\/ferienwohnung-in-kaernten\/umgebung\/"]}]},{"@type":"ImageObject","inLanguage":"de","@id":"https:\/\/www.bauer-hans.de\/ferienwohnung-in-kaernten\/umgebung\/#primaryimage","url":"http:\/\/www.ferienwohnung-in-kaernten.de\/wp-content\/uploads\/sites\/6\/2010\/09\/zell-sele1-1024x576.jpg","contentUrl":"http:\/\/www.ferienwohnung-in-kaernten.de\/wp-content\/uploads\/sites\/6\/2010\/09\/zell-sele1-1024x576.jpg"},{"@type":"BreadcrumbList","@id":"https:\/\/www.bauer-hans.de\/ferienwohnung-in-kaernten\/umgebung\/#breadcrumb","itemListElement":[{"@type":"ListItem","position":1,"name":"Startseite","item":"https:\/\/www.bauer-hans.de\/ferienwohnung-in-kaernten\/"},{"@type":"ListItem","position":2,"name":"Umgebung"}]},{"@type":"WebSite","@id":"https:\/\/www.bauer-hans.de\/ferienwohnung-in-kaernten\/#website","url":"https:\/\/www.bauer-hans.de\/ferienwohnung-in-kaernten\/","name":"Ferienwohnung in K\u00e4rnten direkt am See eigener Garten \u2026 Wellness \u2026 beheizter Pool","description":"Urlaubsvergn\u00fcgen pur -  tolle Fewos in  K\u00e4rnten N\u00e4he W\u00f6rthersee \/ Faaker See","publisher":{"@id":"https:\/\/www.bauer-hans.de\/ferienwohnung-in-kaernten\/#organization"},"potentialAction":[{"@type":"SearchAction","target":{"@type":"EntryPoint","urlTemplate":"https:\/\/www.bauer-hans.de\/ferienwohnung-in-kaernten\/?s={search_term_string}"},"query-input":{"@type":"PropertyValueSpecification","valueRequired":true,"valueName":"search_term_string"}}],"inLanguage":"de"},{"@type":"Organization","@id":"https:\/\/www.bauer-hans.de\/ferienwohnung-in-kaernten\/#organization","name":"Ferienwohnung in K\u00e4rnten direkt am See eigener Garten \u2026 Wellness \u2026 beheizter Pool","url":"https:\/\/www.bauer-hans.de\/ferienwohnung-in-kaernten\/","logo":{"@type":"ImageObject","inLanguage":"de","@id":"https:\/\/www.bauer-hans.de\/ferienwohnung-in-kaernten\/#\/schema\/logo\/image\/","url":"https:\/\/www.bauer-hans.de\/ferienwohnung-in-kaernten\/wp-content\/uploads\/sites\/6\/2018\/05\/cropped-logo-4s.jpg","contentUrl":"https:\/\/www.bauer-hans.de\/ferienwohnung-in-kaernten\/wp-content\/uploads\/sites\/6\/2018\/05\/cropped-logo-4s.jpg","width":250,"height":250,"caption":"Ferienwohnung in K\u00e4rnten direkt am See eigener Garten \u2026 Wellness \u2026 beheizter Pool"},"image":{"@id":"https:\/\/www.bauer-hans.de\/ferienwohnung-in-kaernten\/#\/schema\/logo\/image\/"}}]}},"_links":{"self":[{"href":"https:\/\/www.bauer-hans.de\/ferienwohnung-in-kaernten\/wp-json\/wp\/v2\/pages\/869","targetHints":{"allow":["GET"]}}],"collection":[{"href":"https:\/\/www.bauer-hans.de\/ferienwohnung-in-kaernten\/wp-json\/wp\/v2\/pages"}],"about":[{"href":"https:\/\/www.bauer-hans.de\/ferienwohnung-in-kaernten\/wp-json\/wp\/v2\/types\/page"}],"author":[{"embeddable":true,"href":"https:\/\/www.bauer-hans.de\/ferienwohnung-in-kaernten\/wp-json\/wp\/v2\/users\/2"}],"replies":[{"embeddable":true,"href":"https:\/\/www.bauer-hans.de\/ferienwohnung-in-kaernten\/wp-json\/wp\/v2\/comments?post=869"}],"version-history":[{"count":5,"href":"https:\/\/www.bauer-hans.de\/ferienwohnung-in-kaernten\/wp-json\/wp\/v2\/pages\/869\/revisions"}],"predecessor-version":[{"id":2238,"href":"https:\/\/www.bauer-hans.de\/ferienwohnung-in-kaernten\/wp-json\/wp\/v2\/pages\/869\/revisions\/2238"}],"wp:attachment":[{"href":"https:\/\/www.bauer-hans.de\/ferienwohnung-in-kaernten\/wp-json\/wp\/v2\/media?parent=869"}],"curies":[{"name":"wp","href":"https:\/\/api.w.org\/{rel}","templated":true}]}}