{"id":1082,"date":"2015-06-23T18:23:26","date_gmt":"2015-06-23T16:23:26","guid":{"rendered":"http:\/\/www.bauer-hans.de\/scll\/?page_id=1082"},"modified":"2018-06-11T18:10:50","modified_gmt":"2018-06-11T16:10:50","slug":"sponsoren_startsite","status":"publish","type":"page","link":"https:\/\/www.bauer-hans.de\/scll\/sponsoren_startsite\/","title":{"rendered":""},"content":{"rendered":"<div id=\"pl-1082\"  class=\"panel-layout\" >\n<div id=\"pg-1082-0\"  class=\"panel-grid panel-no-style\" >\n<div id=\"pgc-1082-0-0\"  class=\"panel-grid-cell panel-grid-cell-empty\"  data-weight=\"0.249999998125\" ><\/div>\n<div id=\"pgc-1082-0-1\"  class=\"panel-grid-cell\"  data-weight=\"0.750000001875\" >\n<div id=\"panel-1082-0-1-0\" class=\"so-panel widget widget_black-studio-tinymce widget_black_studio_tinymce panel-first-child panel-last-child\" data-index=\"0\" data-style=\"{&quot;background_image_attachment&quot;:false,&quot;background_display&quot;:&quot;tile&quot;}\" >\n<div class=\"textwidget\">\n<h3>Willkommen beim Landsberger Segelclub e.V.<\/h3>\n<p><img loading=\"lazy\" decoding=\"async\" class=\"alignnone size-full wp-image-1626\" src=\"https:\/\/www.bauer-hans.de\/scll\/wp-content\/uploads\/sites\/12\/2010\/09\/24std2017.jpg\" alt=\"\" width=\"1022\" height=\"524\" srcset=\"https:\/\/www.bauer-hans.de\/scll\/wp-content\/uploads\/sites\/12\/2010\/09\/24std2017.jpg 1022w, https:\/\/www.bauer-hans.de\/scll\/wp-content\/uploads\/sites\/12\/2010\/09\/24std2017-300x154.jpg 300w, https:\/\/www.bauer-hans.de\/scll\/wp-content\/uploads\/sites\/12\/2010\/09\/24std2017-768x394.jpg 768w, https:\/\/www.bauer-hans.de\/scll\/wp-content\/uploads\/sites\/12\/2010\/09\/24std2017-250x128.jpg 250w\" sizes=\"auto, (max-width: 1022px) 100vw, 1022px\" \/><\/p>\n<p><a href=\"https:\/\/www.scll.de\/hom\/segeln1\/\" rel=\"attachment wp-att-56\" data-slb-group=\"768\" data-slb-active=\"1\" data-slb-internal=\"56\"><\/a><\/p>\n<p>Auf unserer Internetpr\u00e4senz finden Sie alle notwendigen Informationen \u00fcber den SCLL.<\/p>\n<p>Informieren Sie sich \u00fcber Regatten, \u00fcber die Aktivit\u00e4ten unserer Kinder- und Jugendgruppen und \u00fcber unseren Verein selbst. Die \u201cIntern\u201d Seite steht nur unseren Mitgliedern zur Verf\u00fcgung.<\/p>\n<\/div>\n<\/div>\n<\/div>\n<\/div>\n<\/div>\n","protected":false},"excerpt":{"rendered":"<p>Willkommen beim Landsberger Segelclub e.V. Auf unserer Internetpr\u00e4senz finden Sie alle notwendigen Informationen \u00fcber den SCLL. Informieren Sie sich \u00fcber Regatten, \u00fcber die Aktivit\u00e4ten unserer Kinder- und Jugendgruppen und \u00fcber unseren Verein selbst. Die \u201cIntern\u201d Seite steht nur unseren Mitgliedern zur Verf\u00fcgung.<\/p>\n","protected":false},"author":2,"featured_media":1015,"parent":0,"menu_order":0,"comment_status":"closed","ping_status":"open","template":"","meta":{"_acf_changed":false,"footnotes":""},"class_list":["post-1082","page","type-page","status-publish","hentry"],"acf":[],"yoast_head":"<!-- This site is optimized with the Yoast SEO plugin v27.6 - https:\/\/yoast.com\/product\/yoast-seo-wordpress\/ -->\n<title>Segelclub Landsberg am Ammersee<\/title>\n<meta name=\"description\" content=\"die 24-Std. Regatta am Ammersee das Highlight in 2015\" \/>\n<meta name=\"robots\" content=\"index, follow, max-snippet:-1, max-image-preview:large, max-video-preview:-1\" \/>\n<link rel=\"canonical\" href=\"https:\/\/www.bauer-hans.de\/scll\/sponsoren_startsite\/\" \/>\n<script type=\"application\/ld+json\" class=\"yoast-schema-graph\">{\"@context\":\"https:\\\/\\\/schema.org\",\"@graph\":[{\"@type\":\"WebPage\",\"@id\":\"https:\\\/\\\/www.bauer-hans.de\\\/scll\\\/sponsoren_startsite\\\/\",\"url\":\"https:\\\/\\\/www.bauer-hans.de\\\/scll\\\/sponsoren_startsite\\\/\",\"name\":\"Segelclub Landsberg am Ammersee\",\"isPartOf\":{\"@id\":\"https:\\\/\\\/www.bauer-hans.de\\\/scll\\\/#website\"},\"primaryImageOfPage\":{\"@id\":\"https:\\\/\\\/www.bauer-hans.de\\\/scll\\\/sponsoren_startsite\\\/#primaryimage\"},\"image\":{\"@id\":\"https:\\\/\\\/www.bauer-hans.de\\\/scll\\\/sponsoren_startsite\\\/#primaryimage\"},\"thumbnailUrl\":\"https:\\\/\\\/www.bauer-hans.de\\\/scll\\\/wp-content\\\/uploads\\\/sites\\\/12\\\/2015\\\/03\\\/HAED.jpg\",\"datePublished\":\"2015-06-23T16:23:26+00:00\",\"dateModified\":\"2018-06-11T16:10:50+00:00\",\"description\":\"die 24-Std. Regatta am Ammersee das Highlight in 2015\",\"inLanguage\":\"de\",\"potentialAction\":[{\"@type\":\"ReadAction\",\"target\":[\"https:\\\/\\\/www.bauer-hans.de\\\/scll\\\/sponsoren_startsite\\\/\"]}]},{\"@type\":\"ImageObject\",\"inLanguage\":\"de\",\"@id\":\"https:\\\/\\\/www.bauer-hans.de\\\/scll\\\/sponsoren_startsite\\\/#primaryimage\",\"url\":\"https:\\\/\\\/www.bauer-hans.de\\\/scll\\\/wp-content\\\/uploads\\\/sites\\\/12\\\/2015\\\/03\\\/HAED.jpg\",\"contentUrl\":\"https:\\\/\\\/www.bauer-hans.de\\\/scll\\\/wp-content\\\/uploads\\\/sites\\\/12\\\/2015\\\/03\\\/HAED.jpg\",\"width\":200,\"height\":189},{\"@type\":\"WebSite\",\"@id\":\"https:\\\/\\\/www.bauer-hans.de\\\/scll\\\/#website\",\"url\":\"https:\\\/\\\/www.bauer-hans.de\\\/scll\\\/\",\"name\":\"Segelclub Landsberg am Ammersee\",\"description\":\"SCLL der Segelclub am S\u00fcd-West-Ufer des Ammersees\",\"potentialAction\":[{\"@type\":\"SearchAction\",\"target\":{\"@type\":\"EntryPoint\",\"urlTemplate\":\"https:\\\/\\\/www.bauer-hans.de\\\/scll\\\/?s={search_term_string}\"},\"query-input\":{\"@type\":\"PropertyValueSpecification\",\"valueRequired\":true,\"valueName\":\"search_term_string\"}}],\"inLanguage\":\"de\"}]}<\/script>\n<!-- \/ Yoast SEO plugin. -->","yoast_head_json":{"title":"Segelclub Landsberg am Ammersee","description":"die 24-Std. Regatta am Ammersee das Highlight in 2015","robots":{"index":"index","follow":"follow","max-snippet":"max-snippet:-1","max-image-preview":"max-image-preview:large","max-video-preview":"max-video-preview:-1"},"canonical":"https:\/\/www.bauer-hans.de\/scll\/sponsoren_startsite\/","schema":{"@context":"https:\/\/schema.org","@graph":[{"@type":"WebPage","@id":"https:\/\/www.bauer-hans.de\/scll\/sponsoren_startsite\/","url":"https:\/\/www.bauer-hans.de\/scll\/sponsoren_startsite\/","name":"Segelclub Landsberg am Ammersee","isPartOf":{"@id":"https:\/\/www.bauer-hans.de\/scll\/#website"},"primaryImageOfPage":{"@id":"https:\/\/www.bauer-hans.de\/scll\/sponsoren_startsite\/#primaryimage"},"image":{"@id":"https:\/\/www.bauer-hans.de\/scll\/sponsoren_startsite\/#primaryimage"},"thumbnailUrl":"https:\/\/www.bauer-hans.de\/scll\/wp-content\/uploads\/sites\/12\/2015\/03\/HAED.jpg","datePublished":"2015-06-23T16:23:26+00:00","dateModified":"2018-06-11T16:10:50+00:00","description":"die 24-Std. Regatta am Ammersee das Highlight in 2015","inLanguage":"de","potentialAction":[{"@type":"ReadAction","target":["https:\/\/www.bauer-hans.de\/scll\/sponsoren_startsite\/"]}]},{"@type":"ImageObject","inLanguage":"de","@id":"https:\/\/www.bauer-hans.de\/scll\/sponsoren_startsite\/#primaryimage","url":"https:\/\/www.bauer-hans.de\/scll\/wp-content\/uploads\/sites\/12\/2015\/03\/HAED.jpg","contentUrl":"https:\/\/www.bauer-hans.de\/scll\/wp-content\/uploads\/sites\/12\/2015\/03\/HAED.jpg","width":200,"height":189},{"@type":"WebSite","@id":"https:\/\/www.bauer-hans.de\/scll\/#website","url":"https:\/\/www.bauer-hans.de\/scll\/","name":"Segelclub Landsberg am Ammersee","description":"SCLL der Segelclub am S\u00fcd-West-Ufer des Ammersees","potentialAction":[{"@type":"SearchAction","target":{"@type":"EntryPoint","urlTemplate":"https:\/\/www.bauer-hans.de\/scll\/?s={search_term_string}"},"query-input":{"@type":"PropertyValueSpecification","valueRequired":true,"valueName":"search_term_string"}}],"inLanguage":"de"}]}},"_links":{"self":[{"href":"https:\/\/www.bauer-hans.de\/scll\/wp-json\/wp\/v2\/pages\/1082","targetHints":{"allow":["GET"]}}],"collection":[{"href":"https:\/\/www.bauer-hans.de\/scll\/wp-json\/wp\/v2\/pages"}],"about":[{"href":"https:\/\/www.bauer-hans.de\/scll\/wp-json\/wp\/v2\/types\/page"}],"author":[{"embeddable":true,"href":"https:\/\/www.bauer-hans.de\/scll\/wp-json\/wp\/v2\/users\/2"}],"replies":[{"embeddable":true,"href":"https:\/\/www.bauer-hans.de\/scll\/wp-json\/wp\/v2\/comments?post=1082"}],"version-history":[{"count":15,"href":"https:\/\/www.bauer-hans.de\/scll\/wp-json\/wp\/v2\/pages\/1082\/revisions"}],"predecessor-version":[{"id":1773,"href":"https:\/\/www.bauer-hans.de\/scll\/wp-json\/wp\/v2\/pages\/1082\/revisions\/1773"}],"wp:featuredmedia":[{"embeddable":true,"href":"https:\/\/www.bauer-hans.de\/scll\/wp-json\/wp\/v2\/media\/1015"}],"wp:attachment":[{"href":"https:\/\/www.bauer-hans.de\/scll\/wp-json\/wp\/v2\/media?parent=1082"}],"curies":[{"name":"wp","href":"https:\/\/api.w.org\/{rel}","templated":true}]}}