{"id":768,"date":"2010-09-27T03:17:37","date_gmt":"2010-09-27T03:17:37","guid":{"rendered":"http:\/\/www.scll.de\/\/?page_id=2"},"modified":"2017-09-20T11:03:28","modified_gmt":"2017-09-20T09:03:28","slug":"hom","status":"publish","type":"page","link":"https:\/\/www.bauer-hans.de\/scll\/hom\/","title":{"rendered":"home"},"content":{"rendered":"<h2 style=\"text-align: center;\">Willkommen beim Landsberger Segelclub e.V.<\/h2>\n<p><img loading=\"lazy\" decoding=\"async\" class=\"alignnone size-full wp-image-1626\" src=\"https:\/\/www.bauer-hans.de\/scll\/wp-content\/uploads\/sites\/12\/2010\/09\/24std2017.jpg\" alt=\"\" width=\"1022\" height=\"524\" srcset=\"https:\/\/www.bauer-hans.de\/scll\/wp-content\/uploads\/sites\/12\/2010\/09\/24std2017.jpg 1022w, https:\/\/www.bauer-hans.de\/scll\/wp-content\/uploads\/sites\/12\/2010\/09\/24std2017-300x154.jpg 300w, https:\/\/www.bauer-hans.de\/scll\/wp-content\/uploads\/sites\/12\/2010\/09\/24std2017-768x394.jpg 768w, https:\/\/www.bauer-hans.de\/scll\/wp-content\/uploads\/sites\/12\/2010\/09\/24std2017-250x128.jpg 250w\" sizes=\"auto, (max-width: 1022px) 100vw, 1022px\" \/><\/p>\n<p>Auf unserer Internetpr\u00e4senz finden Sie alle notwendigen Informationen \u00fcber den SCLL.<\/p>\n<p>Informieren Sie sich \u00fcber Regatten, \u00fcber die Aktivit\u00e4ten unserer Kinder- und Jugendgruppen und \u00fcber unseren Verein selbst. Die &#8222;Intern&#8220; Seite steht nur unseren Mitgliedern zur Verf\u00fcgung.<\/p>\n","protected":false},"excerpt":{"rendered":"<p>Willkommen beim Landsberger Segelclub e.V. Auf unserer Internetpr\u00e4senz finden Sie alle notwendigen Informationen \u00fcber den SCLL. Informieren Sie sich \u00fcber Regatten, \u00fcber die Aktivit\u00e4ten unserer Kinder- und Jugendgruppen und \u00fcber unseren Verein selbst. Die &#8222;Intern&#8220; Seite steht nur unseren Mitgliedern zur Verf\u00fcgung.<\/p>\n","protected":false},"author":2,"featured_media":518,"parent":0,"menu_order":0,"comment_status":"closed","ping_status":"open","template":"","meta":{"_acf_changed":false,"footnotes":""},"class_list":["post-768","page","type-page","status-publish","hentry"],"acf":[],"yoast_head":"<!-- This site is optimized with the Yoast SEO plugin v27.5 - https:\/\/yoast.com\/product\/yoast-seo-wordpress\/ -->\n<title>SCLL - der Segelclub am Westufer des Ammersees<\/title>\n<meta name=\"description\" content=\"SCLL, Segelclub Landsberg - der Segelclub f\u00fcr sportbegeisterte Regattasegler\" \/>\n<meta name=\"robots\" content=\"index, follow, max-snippet:-1, max-image-preview:large, max-video-preview:-1\" \/>\n<link rel=\"canonical\" href=\"https:\/\/www.bauer-hans.de\/scll\/hom\/\" \/>\n<script type=\"application\/ld+json\" class=\"yoast-schema-graph\">{\"@context\":\"https:\\\/\\\/schema.org\",\"@graph\":[{\"@type\":\"WebPage\",\"@id\":\"https:\\\/\\\/www.bauer-hans.de\\\/scll\\\/hom\\\/\",\"url\":\"https:\\\/\\\/www.bauer-hans.de\\\/scll\\\/hom\\\/\",\"name\":\"SCLL - der Segelclub am Westufer des Ammersees\",\"isPartOf\":{\"@id\":\"https:\\\/\\\/www.bauer-hans.de\\\/scll\\\/#website\"},\"primaryImageOfPage\":{\"@id\":\"https:\\\/\\\/www.bauer-hans.de\\\/scll\\\/hom\\\/#primaryimage\"},\"image\":{\"@id\":\"https:\\\/\\\/www.bauer-hans.de\\\/scll\\\/hom\\\/#primaryimage\"},\"thumbnailUrl\":\"https:\\\/\\\/www.bauer-hans.de\\\/scll\\\/wp-content\\\/uploads\\\/sites\\\/12\\\/2012\\\/09\\\/hg2.jpg\",\"datePublished\":\"2010-09-27T03:17:37+00:00\",\"dateModified\":\"2017-09-20T09:03:28+00:00\",\"description\":\"SCLL, Segelclub Landsberg - der Segelclub f\u00fcr sportbegeisterte Regattasegler\",\"breadcrumb\":{\"@id\":\"https:\\\/\\\/www.bauer-hans.de\\\/scll\\\/hom\\\/#breadcrumb\"},\"inLanguage\":\"de\",\"potentialAction\":[{\"@type\":\"ReadAction\",\"target\":[\"https:\\\/\\\/www.bauer-hans.de\\\/scll\\\/hom\\\/\"]}]},{\"@type\":\"ImageObject\",\"inLanguage\":\"de\",\"@id\":\"https:\\\/\\\/www.bauer-hans.de\\\/scll\\\/hom\\\/#primaryimage\",\"url\":\"https:\\\/\\\/www.bauer-hans.de\\\/scll\\\/wp-content\\\/uploads\\\/sites\\\/12\\\/2012\\\/09\\\/hg2.jpg\",\"contentUrl\":\"https:\\\/\\\/www.bauer-hans.de\\\/scll\\\/wp-content\\\/uploads\\\/sites\\\/12\\\/2012\\\/09\\\/hg2.jpg\",\"width\":2500,\"height\":1406},{\"@type\":\"BreadcrumbList\",\"@id\":\"https:\\\/\\\/www.bauer-hans.de\\\/scll\\\/hom\\\/#breadcrumb\",\"itemListElement\":[{\"@type\":\"ListItem\",\"position\":1,\"name\":\"Startseite\",\"item\":\"https:\\\/\\\/www.bauer-hans.de\\\/scll\\\/\"},{\"@type\":\"ListItem\",\"position\":2,\"name\":\"home\"}]},{\"@type\":\"WebSite\",\"@id\":\"https:\\\/\\\/www.bauer-hans.de\\\/scll\\\/#website\",\"url\":\"https:\\\/\\\/www.bauer-hans.de\\\/scll\\\/\",\"name\":\"Segelclub Landsberg am Ammersee\",\"description\":\"SCLL der Segelclub am S\u00fcd-West-Ufer des Ammersees\",\"potentialAction\":[{\"@type\":\"SearchAction\",\"target\":{\"@type\":\"EntryPoint\",\"urlTemplate\":\"https:\\\/\\\/www.bauer-hans.de\\\/scll\\\/?s={search_term_string}\"},\"query-input\":{\"@type\":\"PropertyValueSpecification\",\"valueRequired\":true,\"valueName\":\"search_term_string\"}}],\"inLanguage\":\"de\"}]}<\/script>\n<!-- \/ Yoast SEO plugin. -->","yoast_head_json":{"title":"SCLL - der Segelclub am Westufer des Ammersees","description":"SCLL, Segelclub Landsberg - der Segelclub f\u00fcr sportbegeisterte Regattasegler","robots":{"index":"index","follow":"follow","max-snippet":"max-snippet:-1","max-image-preview":"max-image-preview:large","max-video-preview":"max-video-preview:-1"},"canonical":"https:\/\/www.bauer-hans.de\/scll\/hom\/","schema":{"@context":"https:\/\/schema.org","@graph":[{"@type":"WebPage","@id":"https:\/\/www.bauer-hans.de\/scll\/hom\/","url":"https:\/\/www.bauer-hans.de\/scll\/hom\/","name":"SCLL - der Segelclub am Westufer des Ammersees","isPartOf":{"@id":"https:\/\/www.bauer-hans.de\/scll\/#website"},"primaryImageOfPage":{"@id":"https:\/\/www.bauer-hans.de\/scll\/hom\/#primaryimage"},"image":{"@id":"https:\/\/www.bauer-hans.de\/scll\/hom\/#primaryimage"},"thumbnailUrl":"https:\/\/www.bauer-hans.de\/scll\/wp-content\/uploads\/sites\/12\/2012\/09\/hg2.jpg","datePublished":"2010-09-27T03:17:37+00:00","dateModified":"2017-09-20T09:03:28+00:00","description":"SCLL, Segelclub Landsberg - der Segelclub f\u00fcr sportbegeisterte Regattasegler","breadcrumb":{"@id":"https:\/\/www.bauer-hans.de\/scll\/hom\/#breadcrumb"},"inLanguage":"de","potentialAction":[{"@type":"ReadAction","target":["https:\/\/www.bauer-hans.de\/scll\/hom\/"]}]},{"@type":"ImageObject","inLanguage":"de","@id":"https:\/\/www.bauer-hans.de\/scll\/hom\/#primaryimage","url":"https:\/\/www.bauer-hans.de\/scll\/wp-content\/uploads\/sites\/12\/2012\/09\/hg2.jpg","contentUrl":"https:\/\/www.bauer-hans.de\/scll\/wp-content\/uploads\/sites\/12\/2012\/09\/hg2.jpg","width":2500,"height":1406},{"@type":"BreadcrumbList","@id":"https:\/\/www.bauer-hans.de\/scll\/hom\/#breadcrumb","itemListElement":[{"@type":"ListItem","position":1,"name":"Startseite","item":"https:\/\/www.bauer-hans.de\/scll\/"},{"@type":"ListItem","position":2,"name":"home"}]},{"@type":"WebSite","@id":"https:\/\/www.bauer-hans.de\/scll\/#website","url":"https:\/\/www.bauer-hans.de\/scll\/","name":"Segelclub Landsberg am Ammersee","description":"SCLL der Segelclub am S\u00fcd-West-Ufer des Ammersees","potentialAction":[{"@type":"SearchAction","target":{"@type":"EntryPoint","urlTemplate":"https:\/\/www.bauer-hans.de\/scll\/?s={search_term_string}"},"query-input":{"@type":"PropertyValueSpecification","valueRequired":true,"valueName":"search_term_string"}}],"inLanguage":"de"}]}},"_links":{"self":[{"href":"https:\/\/www.bauer-hans.de\/scll\/wp-json\/wp\/v2\/pages\/768","targetHints":{"allow":["GET"]}}],"collection":[{"href":"https:\/\/www.bauer-hans.de\/scll\/wp-json\/wp\/v2\/pages"}],"about":[{"href":"https:\/\/www.bauer-hans.de\/scll\/wp-json\/wp\/v2\/types\/page"}],"author":[{"embeddable":true,"href":"https:\/\/www.bauer-hans.de\/scll\/wp-json\/wp\/v2\/users\/2"}],"replies":[{"embeddable":true,"href":"https:\/\/www.bauer-hans.de\/scll\/wp-json\/wp\/v2\/comments?post=768"}],"version-history":[{"count":5,"href":"https:\/\/www.bauer-hans.de\/scll\/wp-json\/wp\/v2\/pages\/768\/revisions"}],"predecessor-version":[{"id":1936,"href":"https:\/\/www.bauer-hans.de\/scll\/wp-json\/wp\/v2\/pages\/768\/revisions\/1936"}],"wp:featuredmedia":[{"embeddable":true,"href":"https:\/\/www.bauer-hans.de\/scll\/wp-json\/wp\/v2\/media\/518"}],"wp:attachment":[{"href":"https:\/\/www.bauer-hans.de\/scll\/wp-json\/wp\/v2\/media?parent=768"}],"curies":[{"name":"wp","href":"https:\/\/api.w.org\/{rel}","templated":true}]}}