{"id":2,"date":"2018-10-24T08:09:06","date_gmt":"2018-10-24T06:09:06","guid":{"rendered":"https:\/\/www.bauer-hans.de\/zimmerei-sanktjohanser\/?page_id=2"},"modified":"2020-03-29T15:29:39","modified_gmt":"2020-03-29T13:29:39","slug":"zimmerei-sanktjohanser","status":"publish","type":"page","link":"https:\/\/www.bauer-hans.de\/zimmerei-sanktjohanser\/","title":{"rendered":"Zimmerei Sanktjohanser"},"content":{"rendered":"<p>Vom Lehrling Flori zur eigenen Zimmerei Sanktjohanser:<\/p>\n<ul>\n<li>1995 Beginn der Lehre zum Zimmerergesellen<\/li>\n<li>1998 erfolgreiches Bestehen der Gesellenpr\u00fcfung<\/li>\n<li>2009 und 2010 Zimmerermeisterschule<\/li>\n<li>April 2010 erfolgreiches Bestehen der Meisterpr\u00fcfung<\/li>\n<li>Juni 2010 selbst\u00e4ndiger Zimmerermeister mit eigenem Betrieb<\/li>\n<\/ul>\n<p>Das Herzst\u00fcck der Zimmerei sind wir:<\/p>\n<ul>\n<li>Zimmerermeister Florian Sanktjohanser<\/li>\n<li>3 Zimmerergesellen<\/li>\n<li>1 Zimmererhelfer<\/li>\n<li>1 Lehrling (3. Lehrjahr)<\/li>\n<li>1 Lehrling (2. Lehrjahr)<\/li>\n<li>1 B\u00fcrokraft<\/li>\n<\/ul>\n<figure id=\"attachment_65\" aria-describedby=\"caption-attachment-65\" style=\"width: 2000px\" class=\"wp-caption alignnone\"><img loading=\"lazy\" decoding=\"async\" class=\"wp-image-65 size-full\" src=\"https:\/\/www.bauer-hans.de\/zimmerei-sanktjohanser\/wp-content\/uploads\/sites\/24\/2020\/03\/familienfoto.jpg\" alt=\"\" width=\"2000\" height=\"1333\" srcset=\"https:\/\/www.bauer-hans.de\/zimmerei-sanktjohanser\/wp-content\/uploads\/sites\/24\/2020\/03\/familienfoto.jpg 2000w, https:\/\/www.bauer-hans.de\/zimmerei-sanktjohanser\/wp-content\/uploads\/sites\/24\/2020\/03\/familienfoto-300x200.jpg 300w, https:\/\/www.bauer-hans.de\/zimmerei-sanktjohanser\/wp-content\/uploads\/sites\/24\/2020\/03\/familienfoto-768x512.jpg 768w, https:\/\/www.bauer-hans.de\/zimmerei-sanktjohanser\/wp-content\/uploads\/sites\/24\/2020\/03\/familienfoto-1024x682.jpg 1024w, https:\/\/www.bauer-hans.de\/zimmerei-sanktjohanser\/wp-content\/uploads\/sites\/24\/2020\/03\/familienfoto-250x167.jpg 250w, https:\/\/www.bauer-hans.de\/zimmerei-sanktjohanser\/wp-content\/uploads\/sites\/24\/2020\/03\/familienfoto-272x182.jpg 272w\" sizes=\"auto, (max-width: 767px) 89vw, (max-width: 1000px) 54vw, (max-width: 1071px) 543px, 580px\" \/><figcaption id=\"caption-attachment-65\" class=\"wp-caption-text\">Familie Sanktjohanser<\/figcaption><\/figure>\n","protected":false},"excerpt":{"rendered":"<p>Vom Lehrling Flori zur eigenen Zimmerei Sanktjohanser: 1995 Beginn der Lehre zum Zimmerergesellen 1998 erfolgreiches Bestehen der Gesellenpr\u00fcfung 2009 und 2010 Zimmerermeisterschule April 2010 erfolgreiches Bestehen der Meisterpr\u00fcfung Juni 2010 selbst\u00e4ndiger Zimmerermeister mit eigenem Betrieb Das Herzst\u00fcck der Zimmerei sind wir: Zimmerermeister Florian Sanktjohanser 3 Zimmerergesellen 1 Zimmererhelfer 1 Lehrling (3. Lehrjahr) 1 Lehrling (2. &hellip; <\/p>\n<p class=\"link-more\"><a href=\"https:\/\/www.bauer-hans.de\/zimmerei-sanktjohanser\/\" class=\"more-link\"><span class=\"screen-reader-text\">\u201eZimmerei Sanktjohanser\u201c <\/span>weiterlesen<\/a><\/p>\n","protected":false},"author":2,"featured_media":0,"parent":0,"menu_order":0,"comment_status":"closed","ping_status":"open","template":"","meta":{"_acf_changed":false,"footnotes":""},"class_list":["post-2","page","type-page","status-publish","hentry"],"acf":[],"yoast_head":"<!-- This site is optimized with the Yoast SEO plugin v27.4 - https:\/\/yoast.com\/product\/yoast-seo-wordpress\/ -->\n<title>Zimmerei Sanktjohanser - Zimmerei Sanktjohanser<\/title>\n<meta name=\"description\" content=\"ZImmerei Hofstetten - Bauplanung - Holzmassivhaus - Holzst\u00e4nderbauweise - Terrassen - Carports - Dachstuhl - Sichtdachstuhl - Innenausbau -\" \/>\n<meta name=\"robots\" content=\"index, follow, max-snippet:-1, max-image-preview:large, max-video-preview:-1\" \/>\n<link rel=\"canonical\" href=\"https:\/\/www.bauer-hans.de\/zimmerei-sanktjohanser\/\" \/>\n<meta property=\"og:locale\" content=\"de_DE\" \/>\n<meta property=\"og:type\" content=\"article\" \/>\n<meta property=\"og:title\" content=\"Zimmerei Sanktjohanser - Zimmerei Sanktjohanser\" \/>\n<meta property=\"og:description\" content=\"ZImmerei Hofstetten - Bauplanung - Holzmassivhaus - Holzst\u00e4nderbauweise - Terrassen - Carports - Dachstuhl - Sichtdachstuhl - Innenausbau -\" \/>\n<meta property=\"og:url\" content=\"https:\/\/www.bauer-hans.de\/zimmerei-sanktjohanser\/\" \/>\n<meta property=\"og:site_name\" content=\"Zimmerei Sanktjohanser\" \/>\n<meta property=\"article:modified_time\" content=\"2020-03-29T13:29:39+00:00\" \/>\n<meta property=\"og:image\" content=\"https:\/\/www.bauer-hans.de\/zimmerei-sanktjohanser\/wp-content\/uploads\/sites\/24\/2020\/03\/familienfoto.jpg\" \/>\n<meta name=\"twitter:card\" content=\"summary_large_image\" \/>\n<script type=\"application\/ld+json\" class=\"yoast-schema-graph\">{\"@context\":\"https:\\\/\\\/schema.org\",\"@graph\":[{\"@type\":\"WebPage\",\"@id\":\"https:\\\/\\\/www.bauer-hans.de\\\/zimmerei-sanktjohanser\\\/\",\"url\":\"https:\\\/\\\/www.bauer-hans.de\\\/zimmerei-sanktjohanser\\\/\",\"name\":\"Zimmerei Sanktjohanser - Zimmerei Sanktjohanser\",\"isPartOf\":{\"@id\":\"https:\\\/\\\/www.bauer-hans.de\\\/zimmerei-sanktjohanser\\\/#website\"},\"primaryImageOfPage\":{\"@id\":\"https:\\\/\\\/www.bauer-hans.de\\\/zimmerei-sanktjohanser\\\/#primaryimage\"},\"image\":{\"@id\":\"https:\\\/\\\/www.bauer-hans.de\\\/zimmerei-sanktjohanser\\\/#primaryimage\"},\"thumbnailUrl\":\"https:\\\/\\\/www.bauer-hans.de\\\/zimmerei-sanktjohanser\\\/wp-content\\\/uploads\\\/sites\\\/24\\\/2020\\\/03\\\/familienfoto.jpg\",\"datePublished\":\"2018-10-24T06:09:06+00:00\",\"dateModified\":\"2020-03-29T13:29:39+00:00\",\"description\":\"ZImmerei Hofstetten - Bauplanung - Holzmassivhaus - Holzst\u00e4nderbauweise - Terrassen - Carports - Dachstuhl - Sichtdachstuhl - Innenausbau -\",\"breadcrumb\":{\"@id\":\"https:\\\/\\\/www.bauer-hans.de\\\/zimmerei-sanktjohanser\\\/#breadcrumb\"},\"inLanguage\":\"de\",\"potentialAction\":[{\"@type\":\"ReadAction\",\"target\":[\"https:\\\/\\\/www.bauer-hans.de\\\/zimmerei-sanktjohanser\\\/\"]}]},{\"@type\":\"ImageObject\",\"inLanguage\":\"de\",\"@id\":\"https:\\\/\\\/www.bauer-hans.de\\\/zimmerei-sanktjohanser\\\/#primaryimage\",\"url\":\"https:\\\/\\\/www.bauer-hans.de\\\/zimmerei-sanktjohanser\\\/wp-content\\\/uploads\\\/sites\\\/24\\\/2020\\\/03\\\/familienfoto.jpg\",\"contentUrl\":\"https:\\\/\\\/www.bauer-hans.de\\\/zimmerei-sanktjohanser\\\/wp-content\\\/uploads\\\/sites\\\/24\\\/2020\\\/03\\\/familienfoto.jpg\",\"width\":2000,\"height\":1333},{\"@type\":\"BreadcrumbList\",\"@id\":\"https:\\\/\\\/www.bauer-hans.de\\\/zimmerei-sanktjohanser\\\/#breadcrumb\",\"itemListElement\":[{\"@type\":\"ListItem\",\"position\":1,\"name\":\"Startseite\",\"item\":\"https:\\\/\\\/www.bauer-hans.de\\\/zimmerei-sanktjohanser\\\/\"},{\"@type\":\"ListItem\",\"position\":2,\"name\":\"Zimmerei Sanktjohanser\"}]},{\"@type\":\"WebSite\",\"@id\":\"https:\\\/\\\/www.bauer-hans.de\\\/zimmerei-sanktjohanser\\\/#website\",\"url\":\"https:\\\/\\\/www.bauer-hans.de\\\/zimmerei-sanktjohanser\\\/\",\"name\":\"Zimmerei Sanktjohanser\",\"description\":\"Ihr Profi rund um&#039;s Bauen mit Holz\",\"potentialAction\":[{\"@type\":\"SearchAction\",\"target\":{\"@type\":\"EntryPoint\",\"urlTemplate\":\"https:\\\/\\\/www.bauer-hans.de\\\/zimmerei-sanktjohanser\\\/?s={search_term_string}\"},\"query-input\":{\"@type\":\"PropertyValueSpecification\",\"valueRequired\":true,\"valueName\":\"search_term_string\"}}],\"inLanguage\":\"de\"}]}<\/script>\n<!-- \/ Yoast SEO plugin. -->","yoast_head_json":{"title":"Zimmerei Sanktjohanser - Zimmerei Sanktjohanser","description":"ZImmerei Hofstetten - Bauplanung - Holzmassivhaus - Holzst\u00e4nderbauweise - Terrassen - Carports - Dachstuhl - Sichtdachstuhl - Innenausbau -","robots":{"index":"index","follow":"follow","max-snippet":"max-snippet:-1","max-image-preview":"max-image-preview:large","max-video-preview":"max-video-preview:-1"},"canonical":"https:\/\/www.bauer-hans.de\/zimmerei-sanktjohanser\/","og_locale":"de_DE","og_type":"article","og_title":"Zimmerei Sanktjohanser - Zimmerei Sanktjohanser","og_description":"ZImmerei Hofstetten - Bauplanung - Holzmassivhaus - Holzst\u00e4nderbauweise - Terrassen - Carports - Dachstuhl - Sichtdachstuhl - Innenausbau -","og_url":"https:\/\/www.bauer-hans.de\/zimmerei-sanktjohanser\/","og_site_name":"Zimmerei Sanktjohanser","article_modified_time":"2020-03-29T13:29:39+00:00","og_image":[{"url":"https:\/\/www.bauer-hans.de\/zimmerei-sanktjohanser\/wp-content\/uploads\/sites\/24\/2020\/03\/familienfoto.jpg","type":"","width":"","height":""}],"twitter_card":"summary_large_image","schema":{"@context":"https:\/\/schema.org","@graph":[{"@type":"WebPage","@id":"https:\/\/www.bauer-hans.de\/zimmerei-sanktjohanser\/","url":"https:\/\/www.bauer-hans.de\/zimmerei-sanktjohanser\/","name":"Zimmerei Sanktjohanser - Zimmerei Sanktjohanser","isPartOf":{"@id":"https:\/\/www.bauer-hans.de\/zimmerei-sanktjohanser\/#website"},"primaryImageOfPage":{"@id":"https:\/\/www.bauer-hans.de\/zimmerei-sanktjohanser\/#primaryimage"},"image":{"@id":"https:\/\/www.bauer-hans.de\/zimmerei-sanktjohanser\/#primaryimage"},"thumbnailUrl":"https:\/\/www.bauer-hans.de\/zimmerei-sanktjohanser\/wp-content\/uploads\/sites\/24\/2020\/03\/familienfoto.jpg","datePublished":"2018-10-24T06:09:06+00:00","dateModified":"2020-03-29T13:29:39+00:00","description":"ZImmerei Hofstetten - Bauplanung - Holzmassivhaus - Holzst\u00e4nderbauweise - Terrassen - Carports - Dachstuhl - Sichtdachstuhl - Innenausbau -","breadcrumb":{"@id":"https:\/\/www.bauer-hans.de\/zimmerei-sanktjohanser\/#breadcrumb"},"inLanguage":"de","potentialAction":[{"@type":"ReadAction","target":["https:\/\/www.bauer-hans.de\/zimmerei-sanktjohanser\/"]}]},{"@type":"ImageObject","inLanguage":"de","@id":"https:\/\/www.bauer-hans.de\/zimmerei-sanktjohanser\/#primaryimage","url":"https:\/\/www.bauer-hans.de\/zimmerei-sanktjohanser\/wp-content\/uploads\/sites\/24\/2020\/03\/familienfoto.jpg","contentUrl":"https:\/\/www.bauer-hans.de\/zimmerei-sanktjohanser\/wp-content\/uploads\/sites\/24\/2020\/03\/familienfoto.jpg","width":2000,"height":1333},{"@type":"BreadcrumbList","@id":"https:\/\/www.bauer-hans.de\/zimmerei-sanktjohanser\/#breadcrumb","itemListElement":[{"@type":"ListItem","position":1,"name":"Startseite","item":"https:\/\/www.bauer-hans.de\/zimmerei-sanktjohanser\/"},{"@type":"ListItem","position":2,"name":"Zimmerei Sanktjohanser"}]},{"@type":"WebSite","@id":"https:\/\/www.bauer-hans.de\/zimmerei-sanktjohanser\/#website","url":"https:\/\/www.bauer-hans.de\/zimmerei-sanktjohanser\/","name":"Zimmerei Sanktjohanser","description":"Ihr Profi rund um&#039;s Bauen mit Holz","potentialAction":[{"@type":"SearchAction","target":{"@type":"EntryPoint","urlTemplate":"https:\/\/www.bauer-hans.de\/zimmerei-sanktjohanser\/?s={search_term_string}"},"query-input":{"@type":"PropertyValueSpecification","valueRequired":true,"valueName":"search_term_string"}}],"inLanguage":"de"}]}},"_links":{"self":[{"href":"https:\/\/www.bauer-hans.de\/zimmerei-sanktjohanser\/wp-json\/wp\/v2\/pages\/2","targetHints":{"allow":["GET"]}}],"collection":[{"href":"https:\/\/www.bauer-hans.de\/zimmerei-sanktjohanser\/wp-json\/wp\/v2\/pages"}],"about":[{"href":"https:\/\/www.bauer-hans.de\/zimmerei-sanktjohanser\/wp-json\/wp\/v2\/types\/page"}],"author":[{"embeddable":true,"href":"https:\/\/www.bauer-hans.de\/zimmerei-sanktjohanser\/wp-json\/wp\/v2\/users\/2"}],"replies":[{"embeddable":true,"href":"https:\/\/www.bauer-hans.de\/zimmerei-sanktjohanser\/wp-json\/wp\/v2\/comments?post=2"}],"version-history":[{"count":8,"href":"https:\/\/www.bauer-hans.de\/zimmerei-sanktjohanser\/wp-json\/wp\/v2\/pages\/2\/revisions"}],"predecessor-version":[{"id":117,"href":"https:\/\/www.bauer-hans.de\/zimmerei-sanktjohanser\/wp-json\/wp\/v2\/pages\/2\/revisions\/117"}],"wp:attachment":[{"href":"https:\/\/www.bauer-hans.de\/zimmerei-sanktjohanser\/wp-json\/wp\/v2\/media?parent=2"}],"curies":[{"name":"wp","href":"https:\/\/api.w.org\/{rel}","templated":true}]}}