{"id":31,"date":"2018-10-24T08:35:39","date_gmt":"2018-10-24T06:35:39","guid":{"rendered":"https:\/\/www.bauer-hans.de\/zimmerei-sanktjohanser\/?page_id=31"},"modified":"2018-10-24T08:35:39","modified_gmt":"2018-10-24T06:35:39","slug":"impressum","status":"publish","type":"page","link":"https:\/\/www.bauer-hans.de\/zimmerei-sanktjohanser\/impressum\/","title":{"rendered":"Impressum"},"content":{"rendered":"<p>Zimmerei Sanktjohanser<br \/>\nGmbH &amp; Co. KG<\/p>\n<p>Sitz: Hofstetten<br \/>\nAmtsgericht Augsburg &#8211; Registergericht<br \/>\nHRA 18250<\/p>\n<p>Pers\u00f6nlich haftende Gesellschafterin:<br \/>\nZimmerei Sanktjohanser Verwaltungs GmbH<\/p>\n<p>Sitz: Hofstetten<br \/>\nAmtsgericht Augsburg &#8211; Registergericht<br \/>\nHRB 28870<\/p>\n<p>Florian Sanktjohanser e. K.<br \/>\nHRA 18247<\/p>\n<p>Anschrift Werkstatt: Landsberger Str. 10, 86928 Hofstetten<br \/>\nAnschrift B\u00fcro: Hagenheimer Str. 17a, 86928 Hofstetten<\/p>\n<p>Telefon: 08196\/934570 oder Handy 0170\/4111620, Telefax: 08196\/934571<\/p>\n<p>E-Mail: Info@zimmerei-sanktjohanser.de<br \/>\nEingetragen in der Handwerksrolle<br \/>\nSteuernummer: 131\/183\/54405<\/p>\n<p>Allgemeine Hinweise:<br \/>\n1. Haftungsbeschr\u00e4nkung<br \/>\nDie Inhalte dieser Website werden mit gr\u00f6\u00dftm\u00f6glicher Sorgfalt erstellt. Der Anbieter \u00fcbernimmt jedoch keine Gew\u00e4hr f\u00fcr die Richtigkeit, Vollst\u00e4ndigkeit und Aktualit\u00e4t der bereitgestellten Inhalte. Die Nutzung der Inhalte der Website erfolgt auf eigene Gefahr des Nutzers. Namentlich gekennzeichnete Beitr\u00e4ge geben die Meinung des jeweiligen Autors und nicht immer die Meinung des Anbieters wieder. Mit der reinen Nutzung der Website des Anbieters kommt keinerlei Vertragsverh\u00e4ltnis zwischen dem Nutzer und dem Anbieter zustande.<\/p>\n<p>Die Informationen auf dieser Webseite stellen in keinem Fall rechtliche Zusicherungen dar. Der Makler beh\u00e4lt sich das Recht vor, bei Bedarf \u00c4nderungen oder Erg\u00e4nzungen der bereitgestellten Informationen oder Daten durchzuf\u00fchren. Aus den hier beschriebenen Themenbereichen k\u00f6nnen keine Rechtsanspr\u00fcche abgeleitet werden.<\/p>\n<p>2. Externe Links<br \/>\nDiese Website enth\u00e4lt Verkn\u00fcpfungen zu Websites Dritter (&#8222;externe Links&#8220;). Diese Websites unterliegen der Haftung der jeweiligen Betreiber. F\u00fcr den Inhalt solcher Webseiten ist der Makler ebenfalls nicht verantwortlich. Der Anbieter hat bei der erstmaligen Verkn\u00fcpfung der externen Links die fremden Inhalte daraufhin \u00fcberpr\u00fcft, ob etwaige Rechtsverst\u00f6\u00dfe bestehen. Zu dem Zeitpunkt waren keine Rechtsverst\u00f6\u00dfe ersichtlich. Der Anbieter hat keinerlei Einfluss auf die aktuelle und zuk\u00fcnftige Gestaltung und auf die Inhalte der verkn\u00fcpften Seiten. Das Setzen von externen Links bedeutet nicht, dass sich der Anbieter die hinter dem Verweis oder Link liegenden Inhalte zu Eigen macht. Eine st\u00e4ndige Kontrolle der externen Links ist f\u00fcr den Anbieter ohne konkrete Hinweise auf Rechtsverst\u00f6\u00dfe nicht zumutbar. Bei Kenntnis von Rechtsverst\u00f6\u00dfen werden jedoch derartige externe Links unverz\u00fcglich gel\u00f6scht.<\/p>\n<p>3. Urheber- und Leistungsschutzrechte<br \/>\nAlle Rechte vorbehalten. Die dargestellten Informationen sind Eigentum der Zimmerei. Die auf dieser Website ver\u00f6ffentlichten Inhalte unterliegen dem deutschen Urheber- und Leistungsschutzrecht. Jede vom deutschen Urheber- und Leistungsschutzrecht nicht zugelassene Verwertung bedarf der vorherigen schriftlichen Zustimmung des Anbieters oder jeweiligen Rechteinhabers. Die Inhalte d\u00fcrfen ohne diese Genehmigung weder ganz noch teilweise ohne vorherige schriftliche Genehmigung des Urhebers vervielf\u00e4ltigt, ver\u00f6ffentlicht oder in einem Informationssystem gespeichert werden. Dies gilt insbesondere auch f\u00fcr Bearbeitung, \u00dcbersetzung, Einspeicherung, Verarbeitung bzw. Wiedergabe von Inhalten in Datenbanken oder anderen elektronischen Medien und Systemen. Inhalte und Rechte Dritter sind dabei als solche gekennzeichnet. Die unerlaubte Vervielf\u00e4ltigung oder Weitergabe einzelner Inhalte oder kompletter Seiten ist nicht gestattet und strafbar.<\/p>\n<p>Die Darstellung dieser Website in fremden Frames ist nur mit schriftlicher Erlaubnis zul\u00e4ssig.<\/p>\n<p>4. Wichtiger Hinweis:<br \/>\nDiese Website unterliegt ausschlie\u00dflich dem Recht der Bundesrepublik Deutschland<br \/>\nSollten Sie oder jemand anderes der Ansicht sein, dass durch die Webseiten und s\u00e4mtliche Unterseiten dieser Webseiten f\u00fcr die dieses Impressum und die Erkl\u00e4rungen hierzu gelten gegen irgendein Recht welcher Art auch immer versto\u00dfen, weisen Sie uns bitte darauf hin. Wir werden dies dann schnellstm\u00f6glich \u00fcberpr\u00fcfen und gegebenenfalls die betroffenen Seiten \u00e4ndern oder entfernen.<\/p>\n<p>Sollte der Inhalt oder die Aufmachung dieser Seiten fremde Rechte Dritter oder gesetzliche Bestimmungen verletzen, oder glauben Sie dieses, so bitten wir um eine entsprechende Nachricht ohne Kostennote. Dieses gilt auch bei Fehlern und \/oder vermuteten Fehlern in Wort, Schrift und Bild.<br \/>\nWir garantieren, dass die zu Recht beanstandeten Passagen unverz\u00fcglich entfernt\/ge\u00e4ndert werden, ohne dass von Ihrer Seite die Einschaltung eines Rechtsbeistandes erforderlich ist.<\/p>\n<p>Dennoch von Ihnen ohne vorherige Kontaktaufnahme ausgel\u00f6ste Kosten werden wir vollumf\u00e4nglich zur\u00fcckweisen und gegebenenfalls Gegenklage wegen Verletzung vorgenannter Bestimmungen einreichen.<\/p>\n","protected":false},"excerpt":{"rendered":"<p>Zimmerei Sanktjohanser GmbH &amp; Co. KG Sitz: Hofstetten Amtsgericht Augsburg &#8211; Registergericht HRA 18250 Pers\u00f6nlich haftende Gesellschafterin: Zimmerei Sanktjohanser Verwaltungs GmbH Sitz: Hofstetten Amtsgericht Augsburg &#8211; Registergericht HRB 28870 Florian Sanktjohanser e. K. HRA 18247 Anschrift Werkstatt: Landsberger Str. 10, 86928 Hofstetten Anschrift B\u00fcro: Hagenheimer Str. 17a, 86928 Hofstetten Telefon: 08196\/934570 oder Handy 0170\/4111620, Telefax: &hellip; <\/p>\n<p class=\"link-more\"><a href=\"https:\/\/www.bauer-hans.de\/zimmerei-sanktjohanser\/impressum\/\" class=\"more-link\"><span class=\"screen-reader-text\">\u201eImpressum\u201c <\/span>weiterlesen<\/a><\/p>\n","protected":false},"author":11,"featured_media":0,"parent":0,"menu_order":0,"comment_status":"closed","ping_status":"closed","template":"","meta":{"_acf_changed":false,"footnotes":""},"class_list":["post-31","page","type-page","status-publish","hentry"],"acf":[],"yoast_head":"<!-- This site is optimized with the Yoast SEO plugin v27.4 - https:\/\/yoast.com\/product\/yoast-seo-wordpress\/ -->\n<title>Impressum - Zimmerei Sanktjohanser<\/title>\n<meta name=\"robots\" content=\"index, follow, max-snippet:-1, max-image-preview:large, max-video-preview:-1\" \/>\n<link rel=\"canonical\" href=\"https:\/\/www.bauer-hans.de\/zimmerei-sanktjohanser\/impressum\/\" \/>\n<meta property=\"og:locale\" content=\"de_DE\" \/>\n<meta property=\"og:type\" content=\"article\" \/>\n<meta property=\"og:title\" content=\"Impressum - Zimmerei Sanktjohanser\" \/>\n<meta property=\"og:description\" content=\"Zimmerei Sanktjohanser GmbH &amp; Co. KG Sitz: Hofstetten Amtsgericht Augsburg &#8211; Registergericht HRA 18250 Pers\u00f6nlich haftende Gesellschafterin: Zimmerei Sanktjohanser Verwaltungs GmbH Sitz: Hofstetten Amtsgericht Augsburg &#8211; Registergericht HRB 28870 Florian Sanktjohanser e. K. HRA 18247 Anschrift Werkstatt: Landsberger Str. 10, 86928 Hofstetten Anschrift B\u00fcro: Hagenheimer Str. 17a, 86928 Hofstetten Telefon: 08196\/934570 oder Handy 0170\/4111620, Telefax: &hellip; \u201eImpressum\u201c weiterlesen\" \/>\n<meta property=\"og:url\" content=\"https:\/\/www.bauer-hans.de\/zimmerei-sanktjohanser\/impressum\/\" \/>\n<meta property=\"og:site_name\" content=\"Zimmerei Sanktjohanser\" \/>\n<meta name=\"twitter:card\" content=\"summary_large_image\" \/>\n<meta name=\"twitter:label1\" content=\"Gesch\u00e4tzte Lesezeit\" \/>\n\t<meta name=\"twitter:data1\" content=\"3\u00a0Minuten\" \/>\n<script type=\"application\/ld+json\" class=\"yoast-schema-graph\">{\"@context\":\"https:\\\/\\\/schema.org\",\"@graph\":[{\"@type\":\"WebPage\",\"@id\":\"https:\\\/\\\/www.bauer-hans.de\\\/zimmerei-sanktjohanser\\\/impressum\\\/\",\"url\":\"https:\\\/\\\/www.bauer-hans.de\\\/zimmerei-sanktjohanser\\\/impressum\\\/\",\"name\":\"Impressum - Zimmerei Sanktjohanser\",\"isPartOf\":{\"@id\":\"https:\\\/\\\/www.bauer-hans.de\\\/zimmerei-sanktjohanser\\\/#website\"},\"datePublished\":\"2018-10-24T06:35:39+00:00\",\"breadcrumb\":{\"@id\":\"https:\\\/\\\/www.bauer-hans.de\\\/zimmerei-sanktjohanser\\\/impressum\\\/#breadcrumb\"},\"inLanguage\":\"de\",\"potentialAction\":[{\"@type\":\"ReadAction\",\"target\":[\"https:\\\/\\\/www.bauer-hans.de\\\/zimmerei-sanktjohanser\\\/impressum\\\/\"]}]},{\"@type\":\"BreadcrumbList\",\"@id\":\"https:\\\/\\\/www.bauer-hans.de\\\/zimmerei-sanktjohanser\\\/impressum\\\/#breadcrumb\",\"itemListElement\":[{\"@type\":\"ListItem\",\"position\":1,\"name\":\"Startseite\",\"item\":\"https:\\\/\\\/www.bauer-hans.de\\\/zimmerei-sanktjohanser\\\/\"},{\"@type\":\"ListItem\",\"position\":2,\"name\":\"Impressum\"}]},{\"@type\":\"WebSite\",\"@id\":\"https:\\\/\\\/www.bauer-hans.de\\\/zimmerei-sanktjohanser\\\/#website\",\"url\":\"https:\\\/\\\/www.bauer-hans.de\\\/zimmerei-sanktjohanser\\\/\",\"name\":\"Zimmerei Sanktjohanser\",\"description\":\"Ihr Profi rund um&#039;s Bauen mit Holz\",\"potentialAction\":[{\"@type\":\"SearchAction\",\"target\":{\"@type\":\"EntryPoint\",\"urlTemplate\":\"https:\\\/\\\/www.bauer-hans.de\\\/zimmerei-sanktjohanser\\\/?s={search_term_string}\"},\"query-input\":{\"@type\":\"PropertyValueSpecification\",\"valueRequired\":true,\"valueName\":\"search_term_string\"}}],\"inLanguage\":\"de\"}]}<\/script>\n<!-- \/ Yoast SEO plugin. -->","yoast_head_json":{"title":"Impressum - Zimmerei Sanktjohanser","robots":{"index":"index","follow":"follow","max-snippet":"max-snippet:-1","max-image-preview":"max-image-preview:large","max-video-preview":"max-video-preview:-1"},"canonical":"https:\/\/www.bauer-hans.de\/zimmerei-sanktjohanser\/impressum\/","og_locale":"de_DE","og_type":"article","og_title":"Impressum - Zimmerei Sanktjohanser","og_description":"Zimmerei Sanktjohanser GmbH &amp; Co. KG Sitz: Hofstetten Amtsgericht Augsburg &#8211; Registergericht HRA 18250 Pers\u00f6nlich haftende Gesellschafterin: Zimmerei Sanktjohanser Verwaltungs GmbH Sitz: Hofstetten Amtsgericht Augsburg &#8211; Registergericht HRB 28870 Florian Sanktjohanser e. K. HRA 18247 Anschrift Werkstatt: Landsberger Str. 10, 86928 Hofstetten Anschrift B\u00fcro: Hagenheimer Str. 17a, 86928 Hofstetten Telefon: 08196\/934570 oder Handy 0170\/4111620, Telefax: &hellip; \u201eImpressum\u201c weiterlesen","og_url":"https:\/\/www.bauer-hans.de\/zimmerei-sanktjohanser\/impressum\/","og_site_name":"Zimmerei Sanktjohanser","twitter_card":"summary_large_image","twitter_misc":{"Gesch\u00e4tzte Lesezeit":"3\u00a0Minuten"},"schema":{"@context":"https:\/\/schema.org","@graph":[{"@type":"WebPage","@id":"https:\/\/www.bauer-hans.de\/zimmerei-sanktjohanser\/impressum\/","url":"https:\/\/www.bauer-hans.de\/zimmerei-sanktjohanser\/impressum\/","name":"Impressum - Zimmerei Sanktjohanser","isPartOf":{"@id":"https:\/\/www.bauer-hans.de\/zimmerei-sanktjohanser\/#website"},"datePublished":"2018-10-24T06:35:39+00:00","breadcrumb":{"@id":"https:\/\/www.bauer-hans.de\/zimmerei-sanktjohanser\/impressum\/#breadcrumb"},"inLanguage":"de","potentialAction":[{"@type":"ReadAction","target":["https:\/\/www.bauer-hans.de\/zimmerei-sanktjohanser\/impressum\/"]}]},{"@type":"BreadcrumbList","@id":"https:\/\/www.bauer-hans.de\/zimmerei-sanktjohanser\/impressum\/#breadcrumb","itemListElement":[{"@type":"ListItem","position":1,"name":"Startseite","item":"https:\/\/www.bauer-hans.de\/zimmerei-sanktjohanser\/"},{"@type":"ListItem","position":2,"name":"Impressum"}]},{"@type":"WebSite","@id":"https:\/\/www.bauer-hans.de\/zimmerei-sanktjohanser\/#website","url":"https:\/\/www.bauer-hans.de\/zimmerei-sanktjohanser\/","name":"Zimmerei Sanktjohanser","description":"Ihr Profi rund um&#039;s Bauen mit Holz","potentialAction":[{"@type":"SearchAction","target":{"@type":"EntryPoint","urlTemplate":"https:\/\/www.bauer-hans.de\/zimmerei-sanktjohanser\/?s={search_term_string}"},"query-input":{"@type":"PropertyValueSpecification","valueRequired":true,"valueName":"search_term_string"}}],"inLanguage":"de"}]}},"_links":{"self":[{"href":"https:\/\/www.bauer-hans.de\/zimmerei-sanktjohanser\/wp-json\/wp\/v2\/pages\/31","targetHints":{"allow":["GET"]}}],"collection":[{"href":"https:\/\/www.bauer-hans.de\/zimmerei-sanktjohanser\/wp-json\/wp\/v2\/pages"}],"about":[{"href":"https:\/\/www.bauer-hans.de\/zimmerei-sanktjohanser\/wp-json\/wp\/v2\/types\/page"}],"author":[{"embeddable":true,"href":"https:\/\/www.bauer-hans.de\/zimmerei-sanktjohanser\/wp-json\/wp\/v2\/users\/11"}],"replies":[{"embeddable":true,"href":"https:\/\/www.bauer-hans.de\/zimmerei-sanktjohanser\/wp-json\/wp\/v2\/comments?post=31"}],"version-history":[{"count":1,"href":"https:\/\/www.bauer-hans.de\/zimmerei-sanktjohanser\/wp-json\/wp\/v2\/pages\/31\/revisions"}],"predecessor-version":[{"id":32,"href":"https:\/\/www.bauer-hans.de\/zimmerei-sanktjohanser\/wp-json\/wp\/v2\/pages\/31\/revisions\/32"}],"wp:attachment":[{"href":"https:\/\/www.bauer-hans.de\/zimmerei-sanktjohanser\/wp-json\/wp\/v2\/media?parent=31"}],"curies":[{"name":"wp","href":"https:\/\/api.w.org\/{rel}","templated":true}]}}