{"id":74,"date":"2020-03-21T16:07:01","date_gmt":"2020-03-21T15:07:01","guid":{"rendered":"https:\/\/www.bauer-hans.de\/zimmerei-sanktjohanser\/?page_id=74"},"modified":"2020-03-22T12:36:43","modified_gmt":"2020-03-22T11:36:43","slug":"handwerkliches-koennen","status":"publish","type":"page","link":"https:\/\/www.bauer-hans.de\/zimmerei-sanktjohanser\/handwerkliches-koennen\/","title":{"rendered":"handwerkliches K\u00f6nnen"},"content":{"rendered":"\n<p>Nachhaltigkeit ist uns besonders wichtig, deshalb verwenden wir Naturd\u00e4mmstoffe (Holzfaser, Hanf, Zellulose) und Bauholz aus \u00fcberwiegend heimischen W\u00e4ldern. Sprechen Sie uns gerne darauf an.<\/p>\n\n\n\n<p>Bei uns kommt alles aus einer Hand &#8211; zuerst die Planung, dann die  Ausf\u00fchrung:<\/p>\n\n\n\n<ul class=\"wp-block-list\"><li><em>fachliche Beratung rund um Neubau und Sanierung<\/em><\/li><li><em>Erstellen von nachhaltigen Massivholzh\u00e4usern<\/em><\/li><li><em><font>Dachst\u00fchle nach neuestem Standard <\/font><\/em><\/li><li><font><em>Altbausanierung nach Energieeinsparverordnung (ENEV)<\/em><\/font><\/li><li><font><em>Dachfenstereinbau (Neubau oder Austausch)<\/em><\/font><\/li><li><font><em>Trockenbau<\/em><\/font><\/li><li><font><em>Carport<\/em><\/font><\/li><li><font><em>Terrassen<\/em><\/font><\/li><li>Asbestr\u00fcckbauarbeiten nach TRGS519<\/li><\/ul>\n\n\n\n<p><\/p>\n","protected":false},"excerpt":{"rendered":"<p>Nachhaltigkeit ist uns besonders wichtig, deshalb verwenden wir Naturd\u00e4mmstoffe (Holzfaser, Hanf, Zellulose) und Bauholz aus \u00fcberwiegend heimischen W\u00e4ldern. Sprechen Sie uns gerne darauf an. Bei uns kommt alles aus einer Hand &#8211; zuerst die Planung, dann die Ausf\u00fchrung: fachliche Beratung rund um Neubau und Sanierung Erstellen von nachhaltigen Massivholzh\u00e4usern Dachst\u00fchle nach neuestem Standard Altbausanierung nach &hellip; <\/p>\n<p class=\"link-more\"><a href=\"https:\/\/www.bauer-hans.de\/zimmerei-sanktjohanser\/handwerkliches-koennen\/\" class=\"more-link\"><span class=\"screen-reader-text\">\u201ehandwerkliches K\u00f6nnen\u201c <\/span>weiterlesen<\/a><\/p>\n","protected":false},"author":2,"featured_media":0,"parent":0,"menu_order":0,"comment_status":"closed","ping_status":"closed","template":"","meta":{"_acf_changed":false,"footnotes":""},"class_list":["post-74","page","type-page","status-publish","hentry"],"acf":[],"yoast_head":"<!-- This site is optimized with the Yoast SEO plugin v27.4 - https:\/\/yoast.com\/product\/yoast-seo-wordpress\/ -->\n<title>handwerkliches K\u00f6nnen - Zimmerei Sanktjohanser<\/title>\n<meta name=\"robots\" content=\"index, follow, max-snippet:-1, max-image-preview:large, max-video-preview:-1\" \/>\n<link rel=\"canonical\" href=\"https:\/\/www.bauer-hans.de\/zimmerei-sanktjohanser\/handwerkliches-koennen\/\" \/>\n<meta property=\"og:locale\" content=\"de_DE\" \/>\n<meta property=\"og:type\" content=\"article\" \/>\n<meta property=\"og:title\" content=\"handwerkliches K\u00f6nnen - Zimmerei Sanktjohanser\" \/>\n<meta property=\"og:description\" content=\"Nachhaltigkeit ist uns besonders wichtig, deshalb verwenden wir Naturd\u00e4mmstoffe (Holzfaser, Hanf, Zellulose) und Bauholz aus \u00fcberwiegend heimischen W\u00e4ldern. Sprechen Sie uns gerne darauf an. Bei uns kommt alles aus einer Hand &#8211; zuerst die Planung, dann die Ausf\u00fchrung: fachliche Beratung rund um Neubau und Sanierung Erstellen von nachhaltigen Massivholzh\u00e4usern Dachst\u00fchle nach neuestem Standard Altbausanierung nach &hellip; \u201ehandwerkliches K\u00f6nnen\u201c weiterlesen\" \/>\n<meta property=\"og:url\" content=\"https:\/\/www.bauer-hans.de\/zimmerei-sanktjohanser\/handwerkliches-koennen\/\" \/>\n<meta property=\"og:site_name\" content=\"Zimmerei Sanktjohanser\" \/>\n<meta property=\"article:modified_time\" content=\"2020-03-22T11:36:43+00:00\" \/>\n<meta name=\"twitter:card\" content=\"summary_large_image\" \/>\n<script type=\"application\/ld+json\" class=\"yoast-schema-graph\">{\"@context\":\"https:\\\/\\\/schema.org\",\"@graph\":[{\"@type\":\"WebPage\",\"@id\":\"https:\\\/\\\/www.bauer-hans.de\\\/zimmerei-sanktjohanser\\\/handwerkliches-koennen\\\/\",\"url\":\"https:\\\/\\\/www.bauer-hans.de\\\/zimmerei-sanktjohanser\\\/handwerkliches-koennen\\\/\",\"name\":\"handwerkliches K\u00f6nnen - Zimmerei Sanktjohanser\",\"isPartOf\":{\"@id\":\"https:\\\/\\\/www.bauer-hans.de\\\/zimmerei-sanktjohanser\\\/#website\"},\"datePublished\":\"2020-03-21T15:07:01+00:00\",\"dateModified\":\"2020-03-22T11:36:43+00:00\",\"breadcrumb\":{\"@id\":\"https:\\\/\\\/www.bauer-hans.de\\\/zimmerei-sanktjohanser\\\/handwerkliches-koennen\\\/#breadcrumb\"},\"inLanguage\":\"de\",\"potentialAction\":[{\"@type\":\"ReadAction\",\"target\":[\"https:\\\/\\\/www.bauer-hans.de\\\/zimmerei-sanktjohanser\\\/handwerkliches-koennen\\\/\"]}]},{\"@type\":\"BreadcrumbList\",\"@id\":\"https:\\\/\\\/www.bauer-hans.de\\\/zimmerei-sanktjohanser\\\/handwerkliches-koennen\\\/#breadcrumb\",\"itemListElement\":[{\"@type\":\"ListItem\",\"position\":1,\"name\":\"Startseite\",\"item\":\"https:\\\/\\\/www.bauer-hans.de\\\/zimmerei-sanktjohanser\\\/\"},{\"@type\":\"ListItem\",\"position\":2,\"name\":\"handwerkliches K\u00f6nnen\"}]},{\"@type\":\"WebSite\",\"@id\":\"https:\\\/\\\/www.bauer-hans.de\\\/zimmerei-sanktjohanser\\\/#website\",\"url\":\"https:\\\/\\\/www.bauer-hans.de\\\/zimmerei-sanktjohanser\\\/\",\"name\":\"Zimmerei Sanktjohanser\",\"description\":\"Ihr Profi rund um&#039;s Bauen mit Holz\",\"potentialAction\":[{\"@type\":\"SearchAction\",\"target\":{\"@type\":\"EntryPoint\",\"urlTemplate\":\"https:\\\/\\\/www.bauer-hans.de\\\/zimmerei-sanktjohanser\\\/?s={search_term_string}\"},\"query-input\":{\"@type\":\"PropertyValueSpecification\",\"valueRequired\":true,\"valueName\":\"search_term_string\"}}],\"inLanguage\":\"de\"}]}<\/script>\n<!-- \/ Yoast SEO plugin. -->","yoast_head_json":{"title":"handwerkliches K\u00f6nnen - Zimmerei Sanktjohanser","robots":{"index":"index","follow":"follow","max-snippet":"max-snippet:-1","max-image-preview":"max-image-preview:large","max-video-preview":"max-video-preview:-1"},"canonical":"https:\/\/www.bauer-hans.de\/zimmerei-sanktjohanser\/handwerkliches-koennen\/","og_locale":"de_DE","og_type":"article","og_title":"handwerkliches K\u00f6nnen - Zimmerei Sanktjohanser","og_description":"Nachhaltigkeit ist uns besonders wichtig, deshalb verwenden wir Naturd\u00e4mmstoffe (Holzfaser, Hanf, Zellulose) und Bauholz aus \u00fcberwiegend heimischen W\u00e4ldern. Sprechen Sie uns gerne darauf an. Bei uns kommt alles aus einer Hand &#8211; zuerst die Planung, dann die Ausf\u00fchrung: fachliche Beratung rund um Neubau und Sanierung Erstellen von nachhaltigen Massivholzh\u00e4usern Dachst\u00fchle nach neuestem Standard Altbausanierung nach &hellip; \u201ehandwerkliches K\u00f6nnen\u201c weiterlesen","og_url":"https:\/\/www.bauer-hans.de\/zimmerei-sanktjohanser\/handwerkliches-koennen\/","og_site_name":"Zimmerei Sanktjohanser","article_modified_time":"2020-03-22T11:36:43+00:00","twitter_card":"summary_large_image","schema":{"@context":"https:\/\/schema.org","@graph":[{"@type":"WebPage","@id":"https:\/\/www.bauer-hans.de\/zimmerei-sanktjohanser\/handwerkliches-koennen\/","url":"https:\/\/www.bauer-hans.de\/zimmerei-sanktjohanser\/handwerkliches-koennen\/","name":"handwerkliches K\u00f6nnen - Zimmerei Sanktjohanser","isPartOf":{"@id":"https:\/\/www.bauer-hans.de\/zimmerei-sanktjohanser\/#website"},"datePublished":"2020-03-21T15:07:01+00:00","dateModified":"2020-03-22T11:36:43+00:00","breadcrumb":{"@id":"https:\/\/www.bauer-hans.de\/zimmerei-sanktjohanser\/handwerkliches-koennen\/#breadcrumb"},"inLanguage":"de","potentialAction":[{"@type":"ReadAction","target":["https:\/\/www.bauer-hans.de\/zimmerei-sanktjohanser\/handwerkliches-koennen\/"]}]},{"@type":"BreadcrumbList","@id":"https:\/\/www.bauer-hans.de\/zimmerei-sanktjohanser\/handwerkliches-koennen\/#breadcrumb","itemListElement":[{"@type":"ListItem","position":1,"name":"Startseite","item":"https:\/\/www.bauer-hans.de\/zimmerei-sanktjohanser\/"},{"@type":"ListItem","position":2,"name":"handwerkliches K\u00f6nnen"}]},{"@type":"WebSite","@id":"https:\/\/www.bauer-hans.de\/zimmerei-sanktjohanser\/#website","url":"https:\/\/www.bauer-hans.de\/zimmerei-sanktjohanser\/","name":"Zimmerei Sanktjohanser","description":"Ihr Profi rund um&#039;s Bauen mit Holz","potentialAction":[{"@type":"SearchAction","target":{"@type":"EntryPoint","urlTemplate":"https:\/\/www.bauer-hans.de\/zimmerei-sanktjohanser\/?s={search_term_string}"},"query-input":{"@type":"PropertyValueSpecification","valueRequired":true,"valueName":"search_term_string"}}],"inLanguage":"de"}]}},"_links":{"self":[{"href":"https:\/\/www.bauer-hans.de\/zimmerei-sanktjohanser\/wp-json\/wp\/v2\/pages\/74","targetHints":{"allow":["GET"]}}],"collection":[{"href":"https:\/\/www.bauer-hans.de\/zimmerei-sanktjohanser\/wp-json\/wp\/v2\/pages"}],"about":[{"href":"https:\/\/www.bauer-hans.de\/zimmerei-sanktjohanser\/wp-json\/wp\/v2\/types\/page"}],"author":[{"embeddable":true,"href":"https:\/\/www.bauer-hans.de\/zimmerei-sanktjohanser\/wp-json\/wp\/v2\/users\/2"}],"replies":[{"embeddable":true,"href":"https:\/\/www.bauer-hans.de\/zimmerei-sanktjohanser\/wp-json\/wp\/v2\/comments?post=74"}],"version-history":[{"count":7,"href":"https:\/\/www.bauer-hans.de\/zimmerei-sanktjohanser\/wp-json\/wp\/v2\/pages\/74\/revisions"}],"predecessor-version":[{"id":107,"href":"https:\/\/www.bauer-hans.de\/zimmerei-sanktjohanser\/wp-json\/wp\/v2\/pages\/74\/revisions\/107"}],"wp:attachment":[{"href":"https:\/\/www.bauer-hans.de\/zimmerei-sanktjohanser\/wp-json\/wp\/v2\/media?parent=74"}],"curies":[{"name":"wp","href":"https:\/\/api.w.org\/{rel}","templated":true}]}}